{"id":700,"date":"2021-05-25T10:36:36","date_gmt":"2021-05-25T14:36:36","guid":{"rendered":"https:\/\/www.uqac.ca\/bpi\/?page_id=700"},"modified":"2021-05-28T11:10:02","modified_gmt":"2021-05-28T15:10:02","slug":"mission-2","status":"publish","type":"page","link":"https:\/\/www.uqac.ca\/bpi\/mission-2\/","title":{"rendered":"Mission"},"content":{"rendered":"<h5>Mission<\/h5>\n<p>Le Bureau de pr\u00e9vention et d\u2019intervention en mati\u00e8re de harc\u00e8lement et de violences \u00e0 caract\u00e8re sexuel\u00a0veille, avec la responsable et ses partenaires, \u00e0 l\u2019application de la politique contre le harc\u00e8lement et la politique visant \u00e0 pr\u00e9venir et combattre les inconduites et les violences \u00e0 caract\u00e8re sexuel. La mission du BPI\u00a0est de contribuer \u00e0 faire de l\u2019UQAC un milieu d\u2019\u00e9tudes et de travail sain, s\u00e9curitaire, respectueux, exempt de harc\u00e8lement et de violences.<\/p>\n<p>Que vous soyez une personne \u00e9tudiante ou un membre du personnel, victime, inform\u00e9 ou t\u00e9moin d\u2019une situation relative \u00e0 du harc\u00e8lement ou de la violence \u00e0 caract\u00e8re sexuel, ou encore que vous d\u00e9siriez obtenir de l\u2019information,\u00a0le BPI est l\u00e0 pour vous<strong>\u00a0<\/strong>!!<\/p>\n<p>Lors du traitement d\u2019une demande, chaque personne de la communaut\u00e9 universitaire peut s\u2019attendre \u00e0 recevoir un accompagnement confidentiel dans le respect de leurs besoins.<\/p>\n<h5>Approche<\/h5>\n<p>Le BPI privil\u00e9gie une approche ax\u00e9e sur la r\u00e9solution de probl\u00e8mes et sur la pr\u00e9vention du harc\u00e8lement et des violences \u00e0 caract\u00e8re sexuel.<\/p>\n<p>Toutefois, dans certaines situations, lorsque l\u2019approche de r\u00e9solution de probl\u00e8mes n\u2019est pas appropri\u00e9e ou ne donne pas les r\u00e9sultats attendus, une d\u00e9marche formelle de plainte pouvant mener \u00e0 une enqu\u00eate peut \u00eatre effectu\u00e9e. Ces processus sont des actions distinctes pouvant \u00eatre compl\u00e9mentaires.<\/p>\n","protected":false},"excerpt":{"rendered":"<p>Mission Le Bureau de pr\u00e9vention et d\u2019intervention en mati\u00e8re de harc\u00e8lement et de violences \u00e0 caract\u00e8re sexuel\u00a0veille, avec la responsable et ses partenaires, \u00e0 l\u2019application de la politique contre le harc\u00e8lement et la politique visant \u00e0 pr\u00e9venir et combattre les inconduites et les violences \u00e0 caract\u00e8re sexuel. La mission du BPI\u00a0est de contribuer \u00e0 faire [&hellip;]<\/p>\n","protected":false},"author":12,"featured_media":0,"parent":0,"menu_order":0,"comment_status":"closed","ping_status":"closed","template":"","meta":{"_acf_changed":false,"footnotes":""},"acf":[],"_links":{"self":[{"href":"https:\/\/www.uqac.ca\/bpi\/wp-json\/wp\/v2\/pages\/700"}],"collection":[{"href":"https:\/\/www.uqac.ca\/bpi\/wp-json\/wp\/v2\/pages"}],"about":[{"href":"https:\/\/www.uqac.ca\/bpi\/wp-json\/wp\/v2\/types\/page"}],"author":[{"embeddable":true,"href":"https:\/\/www.uqac.ca\/bpi\/wp-json\/wp\/v2\/users\/12"}],"replies":[{"embeddable":true,"href":"https:\/\/www.uqac.ca\/bpi\/wp-json\/wp\/v2\/comments?post=700"}],"version-history":[{"count":5,"href":"https:\/\/www.uqac.ca\/bpi\/wp-json\/wp\/v2\/pages\/700\/revisions"}],"predecessor-version":[{"id":808,"href":"https:\/\/www.uqac.ca\/bpi\/wp-json\/wp\/v2\/pages\/700\/revisions\/808"}],"wp:attachment":[{"href":"https:\/\/www.uqac.ca\/bpi\/wp-json\/wp\/v2\/media?parent=700"}],"curies":[{"name":"wp","href":"https:\/\/api.w.org\/{rel}","templated":true}]}}