{"id":717,"date":"2021-05-25T10:54:37","date_gmt":"2021-05-25T14:54:37","guid":{"rendered":"https:\/\/www.uqac.ca\/bpi\/?page_id=717"},"modified":"2024-08-22T08:52:28","modified_gmt":"2024-08-22T12:52:28","slug":"manifestations","status":"publish","type":"page","link":"https:\/\/www.uqac.ca\/bpi\/manifestations\/","title":{"rendered":"Manifestations"},"content":{"rendered":"<h4>Manifestations<\/h4>\n<p>Le harc\u00e8lement psychologique ou sexuel peut se manifester de plusieurs fa\u00e7ons. Les cat\u00e9gories et comportements suivants en sont des exemples (liste non exhaustive):<\/p>\n<ul>\n<li>Intimidation\u00a0: discr\u00e9diter, d\u00e9consid\u00e9rer une personne, m\u00e9priser, abaisser, \u00e9pandre des rumeurs \u00e0 son \u00e9gard, la ridiculiser, l\u2019humilier ou l\u2019injurier, surveiller abusivement, suivre une personne etc.;<\/li>\n<li>Isolement\u00a0: couper une personne de son milieu, ne plus lui adresser la parole, l\u2019ignorer, l\u2019\u00e9loigner, la priver de moyens de communication (t\u00e9l\u00e9phone, ordinateur, courrier, etc.), ne plus lui donner de travail, etc. ;<\/li>\n<li>Musellement\u00a0: emp\u00eacher une personne de s\u2019exprimer, l\u2019interrompre sans cesse, lui interdire de parler aux autres, ridiculiser ses paroles, refuser de la faire entendre, etc. ;<\/li>\n<li>Humiliation\u00a0: insulter une personne, se moquer de ses convictions, de ses go\u00fbts, de ses points faibles, faire des commentaires d\u00e9sobligeants, l\u2019imiter dans le but de la rendre ridicule, mettre en doute son jugement, lui attribuer de fausses intentions, etc.;<\/li>\n<li>Discr\u00e9ditation\u00a0: affecter la r\u00e9putation d\u2019une personne, ne plus lui donner de t\u00e2ches \u00e0 accomplir, lui attribuer des t\u00e2ches inf\u00e9rieures \u00e0 ses comp\u00e9tences ou irr\u00e9alistes, la mettre en \u00e9chec, simuler des fautes professionnelles, la d\u00e9nigrer devant les autres ;<\/li>\n<li>Menaces au sentiment de s\u00e9curit\u00e9 personnelle\u00a0: pousser, bousculer, crier, endommager les biens d\u2019une personne, envoyer des messages mena\u00e7ants, etc.;<\/li>\n<li>Toute forme d\u2019attention ou d\u2019avance non d\u00e9sir\u00e9e \u00e0 connotation sexuelle, par exemple : une sollicitation insistante, des regards, baisers ou attouchements, des insultes sexistes et des propos grossiers, des propos, blagues ou images \u00e0 connotation sexuelle transmis par tout moyen, technologique ou autre<\/li>\n<\/ul>\n","protected":false},"excerpt":{"rendered":"<p>Manifestations Le harc\u00e8lement psychologique ou sexuel peut se manifester de plusieurs fa\u00e7ons. Les cat\u00e9gories et comportements suivants en sont des exemples (liste non exhaustive): Intimidation\u00a0: discr\u00e9diter, d\u00e9consid\u00e9rer une personne, m\u00e9priser, abaisser, \u00e9pandre des rumeurs \u00e0 son \u00e9gard, la ridiculiser, l\u2019humilier ou l\u2019injurier, surveiller abusivement, suivre une personne etc.; Isolement\u00a0: couper une personne de son milieu, [&hellip;]<\/p>\n","protected":false},"author":12,"featured_media":43,"parent":0,"menu_order":0,"comment_status":"closed","ping_status":"closed","template":"","meta":{"_acf_changed":false,"footnotes":""},"acf":[],"_links":{"self":[{"href":"https:\/\/www.uqac.ca\/bpi\/wp-json\/wp\/v2\/pages\/717"}],"collection":[{"href":"https:\/\/www.uqac.ca\/bpi\/wp-json\/wp\/v2\/pages"}],"about":[{"href":"https:\/\/www.uqac.ca\/bpi\/wp-json\/wp\/v2\/types\/page"}],"author":[{"embeddable":true,"href":"https:\/\/www.uqac.ca\/bpi\/wp-json\/wp\/v2\/users\/12"}],"replies":[{"embeddable":true,"href":"https:\/\/www.uqac.ca\/bpi\/wp-json\/wp\/v2\/comments?post=717"}],"version-history":[{"count":4,"href":"https:\/\/www.uqac.ca\/bpi\/wp-json\/wp\/v2\/pages\/717\/revisions"}],"predecessor-version":[{"id":828,"href":"https:\/\/www.uqac.ca\/bpi\/wp-json\/wp\/v2\/pages\/717\/revisions\/828"}],"wp:featuredmedia":[{"embeddable":true,"href":"https:\/\/www.uqac.ca\/bpi\/wp-json\/wp\/v2\/media\/43"}],"wp:attachment":[{"href":"https:\/\/www.uqac.ca\/bpi\/wp-json\/wp\/v2\/media?parent=717"}],"curies":[{"name":"wp","href":"https:\/\/api.w.org\/{rel}","templated":true}]}}