{"id":719,"date":"2021-05-25T10:54:56","date_gmt":"2021-05-25T14:54:56","guid":{"rendered":"https:\/\/www.uqac.ca\/bpi\/?page_id=719"},"modified":"2022-01-21T11:04:46","modified_gmt":"2022-01-21T16:04:46","slug":"politique","status":"publish","type":"page","link":"https:\/\/www.uqac.ca\/bpi\/politique\/","title":{"rendered":"Politique"},"content":{"rendered":"<p><a href=\"http:\/\/legisquebec.gouv.qc.ca\/fr\/ShowDoc\/cs\/P-22.1#se:1\" target=\"_blank\" rel=\"noopener\">Loi visant \u00e0 pr\u00e9venir et \u00e0 combattre les violences \u00e0 caract\u00e8re sexuel dans les \u00e9tablissements d\u2019enseignement sup\u00e9rieur,\u00a0LRQ, ch. P-22.1, article 1.<\/a><\/p>\n<p><a href=\"https:\/\/www.uqac.ca\/mgestion\/chapitre-5\/reglement-relatif-au-milieu-de-vie-et-a-la-securite\/politique-visant-a-prevenir-et-a-combattre-les-violences-a-caractere-sexuel\/\" target=\"_blank\" rel=\"noopener\">Politique visant \u00e0 pr\u00e9venir et \u00e0 combattre les inconduites et les violences \u00e0 caract\u00e8re sexuel<\/a><\/p>\n<p><a href=\"https:\/\/www.uqac.ca\/mgestion\/wp-content\/uploads\/2018\/11\/1165-02.002.pdf\">Politique contre le harc\u00e8lement et la violence<\/a><\/p>\n","protected":false},"excerpt":{"rendered":"<p>Loi visant \u00e0 pr\u00e9venir et \u00e0 combattre les violences \u00e0 caract\u00e8re sexuel dans les \u00e9tablissements d\u2019enseignement sup\u00e9rieur,\u00a0LRQ, ch. P-22.1, article 1. Politique visant \u00e0 pr\u00e9venir et \u00e0 combattre les inconduites et les violences \u00e0 caract\u00e8re sexuel Politique contre le harc\u00e8lement et la violence<\/p>\n","protected":false},"author":12,"featured_media":0,"parent":0,"menu_order":0,"comment_status":"closed","ping_status":"closed","template":"","meta":{"_acf_changed":false,"footnotes":""},"acf":[],"_links":{"self":[{"href":"https:\/\/www.uqac.ca\/bpi\/wp-json\/wp\/v2\/pages\/719"}],"collection":[{"href":"https:\/\/www.uqac.ca\/bpi\/wp-json\/wp\/v2\/pages"}],"about":[{"href":"https:\/\/www.uqac.ca\/bpi\/wp-json\/wp\/v2\/types\/page"}],"author":[{"embeddable":true,"href":"https:\/\/www.uqac.ca\/bpi\/wp-json\/wp\/v2\/users\/12"}],"replies":[{"embeddable":true,"href":"https:\/\/www.uqac.ca\/bpi\/wp-json\/wp\/v2\/comments?post=719"}],"version-history":[{"count":10,"href":"https:\/\/www.uqac.ca\/bpi\/wp-json\/wp\/v2\/pages\/719\/revisions"}],"predecessor-version":[{"id":951,"href":"https:\/\/www.uqac.ca\/bpi\/wp-json\/wp\/v2\/pages\/719\/revisions\/951"}],"wp:attachment":[{"href":"https:\/\/www.uqac.ca\/bpi\/wp-json\/wp\/v2\/media?parent=719"}],"curies":[{"name":"wp","href":"https:\/\/api.w.org\/{rel}","templated":true}]}}