{"id":727,"date":"2021-05-25T11:08:13","date_gmt":"2021-05-25T15:08:13","guid":{"rendered":"https:\/\/www.uqac.ca\/bpi\/?page_id=727"},"modified":"2024-08-22T08:53:03","modified_gmt":"2024-08-22T12:53:03","slug":"manifestations-2","status":"publish","type":"page","link":"https:\/\/www.uqac.ca\/bpi\/manifestations-2\/","title":{"rendered":"Manifestations"},"content":{"rendered":"<p>Les <span style=\"color: #808000;\">violences \u00e0 caract\u00e8re sexuel<\/span> incluent, notamment, mais non limitativement\u00a0:<\/p>\n<ul>\n<li>La production, la diffusion ou la distribution d\u2019images ou de vid\u00e9os sexuelles d\u00e9gradantes;<\/li>\n<li>Les avances verbales ou propositions insistantes \u00e0 caract\u00e8re sexuel non d\u00e9sir\u00e9es;<\/li>\n<li>La manifestation abusive d\u2019int\u00e9r\u00eat non d\u00e9sir\u00e9e;<\/li>\n<li>Les commentaires, les allusions, les plaisanteries, les interpellations ou les insultes \u00e0 caract\u00e8re sexuel;<\/li>\n<li>Les actes de voyeurisme ou d\u2019exhibitionnisme;<\/li>\n<li>Le harc\u00e8lement sexuel;<\/li>\n<li>Le cyber harc\u00e8lement sexuel;<\/li>\n<li>La production, la diffusion ou la distribution d\u2019images ou de vid\u00e9os sexuelles d\u2019un membre de la communaut\u00e9 sans son consentement;<\/li>\n<li>Les avances physiques, les attouchements, les fr\u00f4lements, les pincements, les baisers non d\u00e9sir\u00e9s;<\/li>\n<li>L\u2019imposition d\u2019une intimit\u00e9 sexuelle non d\u00e9sir\u00e9e;<\/li>\n<li>Les promesses de r\u00e9compense ou menace de repr\u00e9sailles, implicites ou explicites, li\u00e9es \u00e0 la satisfaction ou \u00e0 la non-satisfaction d\u2019une demande \u00e0 caract\u00e8re sexuel.<\/li>\n<\/ul>\n","protected":false},"excerpt":{"rendered":"<p>Les violences \u00e0 caract\u00e8re sexuel incluent, notamment, mais non limitativement\u00a0: La production, la diffusion ou la distribution d\u2019images ou de vid\u00e9os sexuelles d\u00e9gradantes; Les avances verbales ou propositions insistantes \u00e0 caract\u00e8re sexuel non d\u00e9sir\u00e9es; La manifestation abusive d\u2019int\u00e9r\u00eat non d\u00e9sir\u00e9e; Les commentaires, les allusions, les plaisanteries, les interpellations ou les insultes \u00e0 caract\u00e8re sexuel; Les [&hellip;]<\/p>\n","protected":false},"author":12,"featured_media":59,"parent":0,"menu_order":0,"comment_status":"closed","ping_status":"closed","template":"","meta":{"_acf_changed":false,"footnotes":""},"acf":[],"_links":{"self":[{"href":"https:\/\/www.uqac.ca\/bpi\/wp-json\/wp\/v2\/pages\/727"}],"collection":[{"href":"https:\/\/www.uqac.ca\/bpi\/wp-json\/wp\/v2\/pages"}],"about":[{"href":"https:\/\/www.uqac.ca\/bpi\/wp-json\/wp\/v2\/types\/page"}],"author":[{"embeddable":true,"href":"https:\/\/www.uqac.ca\/bpi\/wp-json\/wp\/v2\/users\/12"}],"replies":[{"embeddable":true,"href":"https:\/\/www.uqac.ca\/bpi\/wp-json\/wp\/v2\/comments?post=727"}],"version-history":[{"count":2,"href":"https:\/\/www.uqac.ca\/bpi\/wp-json\/wp\/v2\/pages\/727\/revisions"}],"predecessor-version":[{"id":765,"href":"https:\/\/www.uqac.ca\/bpi\/wp-json\/wp\/v2\/pages\/727\/revisions\/765"}],"wp:featuredmedia":[{"embeddable":true,"href":"https:\/\/www.uqac.ca\/bpi\/wp-json\/wp\/v2\/media\/59"}],"wp:attachment":[{"href":"https:\/\/www.uqac.ca\/bpi\/wp-json\/wp\/v2\/media?parent=727"}],"curies":[{"name":"wp","href":"https:\/\/api.w.org\/{rel}","templated":true}]}}