{"id":142,"date":"2020-02-12T19:22:17","date_gmt":"2020-02-12T18:22:17","guid":{"rendered":"http:\/\/www.uqac.ca\/cengivre\/?page_id=142"},"modified":"2020-02-19T15:24:41","modified_gmt":"2020-02-19T14:24:41","slug":"autres-tests-de-diagnostics","status":"publish","type":"page","link":"https:\/\/www.uqac.ca\/ciin\/autres-tests-de-diagnostics\/","title":{"rendered":"Tests de diagnostics"},"content":{"rendered":"<h2>Services offert aux entreprises<\/h2>\n<p>Nous sommes depuis plus de dix ans, \u00e0 l\u2019UQAC, \u00e9quip\u00e9s pour offrir une gamme compl\u00e8te de services analytiques et de tests sur les transformateurs. Les \u00e9quipements sont calibr\u00e9s et leur maintenance r\u00e9guli\u00e8rement assur\u00e9e. Tous les essais sont r\u00e9alis\u00e9s conform\u00e9ment aux proc\u00e9dures appropri\u00e9es de l&rsquo;American Standard for Testing Materials (ASTM) ou de la Commission \u00c9lectrotechnique Internationale (CEI). Le titulaire de la chaire est un membre participant du comit\u00e9 de normalisation di\u00e9lectrique liquide d&rsquo;ASTM et tout le personnel de laboratoire re\u00e7oit une formation des fournisseurs d&rsquo;\u00e9quipement.<\/p>\n<p><strong><em>L\u2019une de nos missions, est d\u2019offrir des services complets de tests \u00e0 des prix concurrentiels aux industriels de la r\u00e9gion. Les r\u00e9sultats peuvent \u00eatre typiquement fournis en moins de 48 heures, apr\u00e8s r\u00e9ception des \u00e9chantillons<\/em><\/strong>.<\/p>\n<h2><\/h2>\n<h2>Test de diagnostic<\/h2>\n<table>\n<tbody>\n<tr>\n<td width=\"284\">Dissolved gas analysis (DGA)*<\/td>\n<td width=\"283\">D-3612<\/td>\n<\/tr>\n<tr>\n<td width=\"284\">Furans in oil*<\/td>\n<td width=\"283\">D-5837<\/td>\n<\/tr>\n<tr>\n<td width=\"284\">Degree of polymerization of paper<\/td>\n<td width=\"283\">D-4243<\/td>\n<\/tr>\n<\/tbody>\n<\/table>\n<p>&nbsp;<\/p>\n<h2>Test de Qualit\u00e9 de l&rsquo;huile en service<\/h2>\n<p><strong><u>\u00a0<\/u><\/strong><\/p>\n<table>\n<tbody>\n<tr>\n<td width=\"176\">Couleur, examen visuel<\/td>\n<td width=\"111\">D-1500\/1524<\/td>\n<td width=\"202\">Facteur de dissipation<\/td>\n<td width=\"77\">D-924<\/td>\n<\/tr>\n<tr>\n<td width=\"176\">Densit\u00e9 sp\u00e9cifique<\/td>\n<td width=\"111\">D-1298<\/td>\n<td width=\"202\">Constante di\u00e9lectrique<\/td>\n<td width=\"77\">D-924<\/td>\n<\/tr>\n<tr>\n<td width=\"176\">Viscosit\u00e9 cin\u00e9matique<\/td>\n<td width=\"111\">D-445<\/td>\n<td width=\"202\">Produits dissous<\/td>\n<td width=\"77\">D-6802<\/td>\n<\/tr>\n<tr>\n<td width=\"176\">Turbidit\u00e9<\/td>\n<td width=\"111\">D-6181<\/td>\n<td width=\"202\">Stabilit\u00e9 sous champ \u00e9lectrique<\/td>\n<td width=\"77\">D-6180<\/td>\n<\/tr>\n<tr>\n<td width=\"176\">Tension Interfaciale<\/td>\n<td width=\"111\">D-971<\/td>\n<td width=\"202\">Acidit\u00e9<\/td>\n<td width=\"77\">D-974<\/td>\n<\/tr>\n<tr>\n<td width=\"176\">Tension de claquage<\/td>\n<td width=\"111\">D-877<\/td>\n<td width=\"202\">Teneur en eau<\/td>\n<td width=\"77\">D-1533B<\/td>\n<\/tr>\n<tr>\n<td width=\"176\">R\u00e9sistivit\u00e9<\/td>\n<td width=\"111\">D-1169<\/td>\n<td width=\"202\">Soufre Corrosif<\/td>\n<td width=\"77\">D-1275<\/td>\n<\/tr>\n<tr>\n<td width=\"176\">Compteur de particules<\/td>\n<td width=\"111\">D-6786<\/td>\n<td width=\"202\">Conductivit\u00e9 thermique<\/td>\n<td width=\"77\">D-7984<\/td>\n<\/tr>\n<tr>\n<td width=\"176\">Stabilit\u00e9 \u00e0 l\u2019oxydation<\/td>\n<td width=\"111\">D-2440<\/td>\n<td width=\"202\">Oxidation inhibitor content<\/td>\n<td width=\"77\"><u>D-2668<\/u>**<\/td>\n<\/tr>\n<\/tbody>\n<\/table>\n<p>**Ces essais soulign\u00e9s seront bient\u00f4t disponibles par l\u2019acquisition des \u00e9quipements appropri\u00e9s.<\/p>\n<h2>Autres Test de diagnostics<\/h2>\n<ul>\n<li>Spectroscopie dans le domaine fr\u00e9quentiel (IDA 200)<\/li>\n<li>Recorvery voltage Method (RVM)<\/li>\n<li>Analyse de r\u00e9ponse fr\u00e9quentielle (SFRA)<\/li>\n<li>Essais impulsionnel avec g\u00e9n\u00e9rateur de choc,<\/li>\n<li>D\u00e9charges partielles jusqu\u2019\u00e0 100 kV<\/li>\n<\/ul>\n","protected":false},"excerpt":{"rendered":"<p>Services offert aux entreprises Nous sommes depuis plus de dix ans, \u00e0 l\u2019UQAC, \u00e9quip\u00e9s pour offrir une gamme compl\u00e8te de services analytiques et de tests sur les transformateurs. Les \u00e9quipements sont calibr\u00e9s et leur maintenance r\u00e9guli\u00e8rement assur\u00e9e. Tous les essais sont r\u00e9alis\u00e9s conform\u00e9ment aux proc\u00e9dures appropri\u00e9es de l&rsquo;American Standard for Testing Materials (ASTM) ou de [&hellip;]<\/p>\n","protected":false},"author":1,"featured_media":0,"parent":0,"menu_order":0,"comment_status":"closed","ping_status":"closed","template":"","meta":{"_acf_changed":false,"footnotes":""},"acf":[],"_links":{"self":[{"href":"https:\/\/www.uqac.ca\/ciin\/wp-json\/wp\/v2\/pages\/142"}],"collection":[{"href":"https:\/\/www.uqac.ca\/ciin\/wp-json\/wp\/v2\/pages"}],"about":[{"href":"https:\/\/www.uqac.ca\/ciin\/wp-json\/wp\/v2\/types\/page"}],"author":[{"embeddable":true,"href":"https:\/\/www.uqac.ca\/ciin\/wp-json\/wp\/v2\/users\/1"}],"replies":[{"embeddable":true,"href":"https:\/\/www.uqac.ca\/ciin\/wp-json\/wp\/v2\/comments?post=142"}],"version-history":[{"count":9,"href":"https:\/\/www.uqac.ca\/ciin\/wp-json\/wp\/v2\/pages\/142\/revisions"}],"predecessor-version":[{"id":202,"href":"https:\/\/www.uqac.ca\/ciin\/wp-json\/wp\/v2\/pages\/142\/revisions\/202"}],"wp:attachment":[{"href":"https:\/\/www.uqac.ca\/ciin\/wp-json\/wp\/v2\/media?parent=142"}],"curies":[{"name":"wp","href":"https:\/\/api.w.org\/{rel}","templated":true}]}}