{"id":22,"date":"2018-03-20T15:18:23","date_gmt":"2018-03-20T14:18:23","guid":{"rendered":"http:\/\/www.uqac.ca\/cengivre\/?page_id=22"},"modified":"2020-02-20T17:50:50","modified_gmt":"2020-02-20T16:50:50","slug":"viaht-2","status":"publish","type":"page","link":"https:\/\/www.uqac.ca\/ciin\/viaht-2\/","title":{"rendered":"Chaire ViAHT"},"content":{"rendered":"<p>Dans ce monde d\u00e9r\u00e9gul\u00e9, fortement tributaire de l\u2019\u00e9nergie \u00e9lectrique, les concepts de prolongation de la dur\u00e9e de vie des \u00e9quipements, de l\u2019augmentation de la puissance d\u00e9livr\u00e9e, et de la r\u00e9duction des co\u00fbts de maintenance sont devenus des aspects tr\u00e8s importants. Le vieillissement progressif des \u00e9quipements de puissance, associ\u00e9 au fait que la demande en \u00e9lectricit\u00e9 n&rsquo;a cess\u00e9 de cro\u00eetre au cours de ces derni\u00e8res ann\u00e9es, augmentent de jour en jour le risque de voir les plus vieux tomber d\u00e9finitivement en panne et entra\u00eener d&rsquo;importantes coupures d&rsquo;\u00e9lectricit\u00e9. L\u2019objectif de la chaire de recherche sur le Vieillissement de l\u2019Appareillage install\u00e9 sur les lignes \u00e0 Haute Tension (ViAHT) est non seulement de mieux comprendre les processus qui m\u00e8nent \u00e0 la d\u00e9gradation\/vieillissement de l\u2019isolation contenue dans l\u2019appareillage, mais aussi d\u2019offrir aux ing\u00e9nieurs et aux concepteurs, de nouveaux mat\u00e9riaux et outils pratiques d\u2019analyses\/surveillance et de conception qui permettront d\u2019orienter les d\u00e9cisions et les entretiens sur une base scientifique solide. Les activit\u00e9s de recherche sont r\u00e9alis\u00e9es en partenariat avec le milieu industriel.<\/p>\n<p>&nbsp;<\/p>\n<p><a href=\"http:\/\/www.cbc.ca\/news\/canada\/canada-s-power-grid-needs-293b-infusion-report-1.1002711\" target=\"_blank\" rel=\"noopener\">Selon la CBC, le r\u00e9seau \u00e9lectrique canadien a besoin d&rsquo;un investissement annuel de 15 milliards de dollars pour les 20 prochaines ann\u00e9es<\/a> afin de maintenir des installations vieillissantes et de r\u00e9pondre \u00e0 la demande croissante.<\/p>\n<p>L\u2019objectif de ViAHT est non seulement de mieux comprendre les processus qui m\u00e8nent \u00e0 la d\u00e9gradation\/vieillissement de l\u2019isolation contenue dans l\u2019appareillage, mais aussi d\u2019offrir aux ing\u00e9nieurs et aux concepteurs, de nouveaux mat\u00e9riaux et outils pratiques d\u2019analyses et de conception qui permettront d\u2019orienter les d\u00e9cisions et les entretiens sur une base scientifique solide.<\/p>\n","protected":false},"excerpt":{"rendered":"<p>Dans ce monde d\u00e9r\u00e9gul\u00e9, fortement tributaire de l\u2019\u00e9nergie \u00e9lectrique, les concepts de prolongation de la dur\u00e9e de vie des \u00e9quipements, de l\u2019augmentation de la puissance d\u00e9livr\u00e9e, et de la r\u00e9duction des co\u00fbts de maintenance sont devenus des aspects tr\u00e8s importants. Le vieillissement progressif des \u00e9quipements de puissance, associ\u00e9 au fait que la demande en \u00e9lectricit\u00e9 [&hellip;]<\/p>\n","protected":false},"author":3,"featured_media":28,"parent":0,"menu_order":0,"comment_status":"closed","ping_status":"closed","template":"","meta":{"_acf_changed":false,"footnotes":""},"acf":[],"_links":{"self":[{"href":"https:\/\/www.uqac.ca\/ciin\/wp-json\/wp\/v2\/pages\/22"}],"collection":[{"href":"https:\/\/www.uqac.ca\/ciin\/wp-json\/wp\/v2\/pages"}],"about":[{"href":"https:\/\/www.uqac.ca\/ciin\/wp-json\/wp\/v2\/types\/page"}],"author":[{"embeddable":true,"href":"https:\/\/www.uqac.ca\/ciin\/wp-json\/wp\/v2\/users\/3"}],"replies":[{"embeddable":true,"href":"https:\/\/www.uqac.ca\/ciin\/wp-json\/wp\/v2\/comments?post=22"}],"version-history":[{"count":17,"href":"https:\/\/www.uqac.ca\/ciin\/wp-json\/wp\/v2\/pages\/22\/revisions"}],"predecessor-version":[{"id":218,"href":"https:\/\/www.uqac.ca\/ciin\/wp-json\/wp\/v2\/pages\/22\/revisions\/218"}],"wp:featuredmedia":[{"embeddable":true,"href":"https:\/\/www.uqac.ca\/ciin\/wp-json\/wp\/v2\/media\/28"}],"wp:attachment":[{"href":"https:\/\/www.uqac.ca\/ciin\/wp-json\/wp\/v2\/media?parent=22"}],"curies":[{"name":"wp","href":"https:\/\/api.w.org\/{rel}","templated":true}]}}