{"id":350,"date":"2022-12-06T20:48:31","date_gmt":"2022-12-06T19:48:31","guid":{"rendered":"https:\/\/www.uqac.ca\/cengivre\/?page_id=350"},"modified":"2023-09-27T21:15:46","modified_gmt":"2023-09-27T19:15:46","slug":"accueil-2","status":"publish","type":"page","link":"https:\/\/www.uqac.ca\/ciin\/","title":{"rendered":"Accueil"},"content":{"rendered":"<h5>Dans un monde en perp\u00e9tuels changements, la multidisciplinarit\u00e9 devient essentielle pour l\u2019ing\u00e9nieur et le chercheur de demain. Le Centre International d&rsquo;Ing\u00e9nierie Nordique (CIIN) qui regroupe des chercheurs dont l\u2019expertise va du g\u00e9nie chimique\/industriel au g\u00e9nie civil\/m\u00e9canique, ou encore du g\u00e9nie \u00e9lectrique \u00e0 l\u2019informatique appara\u00eet \u00eatre un milieu enrichissant et stimulant pour la formation et la recherche. Cet amalgame d\u2019expertises vari\u00e9es offre des opportunit\u00e9s de projets innovants permettant de rencontrer cet objectif.<\/h5>\n<h2><\/h2>\n","protected":false},"excerpt":{"rendered":"<p>Dans un monde en perp\u00e9tuels changements, la multidisciplinarit\u00e9 devient essentielle pour l\u2019ing\u00e9nieur et le chercheur de demain. Le Centre International d&rsquo;Ing\u00e9nierie Nordique (CIIN) qui regroupe des chercheurs dont l\u2019expertise va du g\u00e9nie chimique\/industriel au g\u00e9nie civil\/m\u00e9canique, ou encore du g\u00e9nie \u00e9lectrique \u00e0 l\u2019informatique appara\u00eet \u00eatre un milieu enrichissant et stimulant pour la formation et la [&hellip;]<\/p>\n","protected":false},"author":7,"featured_media":0,"parent":0,"menu_order":0,"comment_status":"closed","ping_status":"closed","template":"","meta":{"_acf_changed":false,"footnotes":""},"acf":[],"_links":{"self":[{"href":"https:\/\/www.uqac.ca\/ciin\/wp-json\/wp\/v2\/pages\/350"}],"collection":[{"href":"https:\/\/www.uqac.ca\/ciin\/wp-json\/wp\/v2\/pages"}],"about":[{"href":"https:\/\/www.uqac.ca\/ciin\/wp-json\/wp\/v2\/types\/page"}],"author":[{"embeddable":true,"href":"https:\/\/www.uqac.ca\/ciin\/wp-json\/wp\/v2\/users\/7"}],"replies":[{"embeddable":true,"href":"https:\/\/www.uqac.ca\/ciin\/wp-json\/wp\/v2\/comments?post=350"}],"version-history":[{"count":7,"href":"https:\/\/www.uqac.ca\/ciin\/wp-json\/wp\/v2\/pages\/350\/revisions"}],"predecessor-version":[{"id":490,"href":"https:\/\/www.uqac.ca\/ciin\/wp-json\/wp\/v2\/pages\/350\/revisions\/490"}],"wp:attachment":[{"href":"https:\/\/www.uqac.ca\/ciin\/wp-json\/wp\/v2\/media?parent=350"}],"curies":[{"name":"wp","href":"https:\/\/api.w.org\/{rel}","templated":true}]}}