{"id":3242,"date":"2025-10-15T16:19:51","date_gmt":"2025-10-15T20:19:51","guid":{"rendered":"https:\/\/www.uqac.ca\/collationdesgrades\/?page_id=3242"},"modified":"2025-12-12T08:36:35","modified_gmt":"2025-12-12T13:36:35","slug":"editions-precedentes","status":"publish","type":"page","link":"https:\/\/www.uqac.ca\/collationdesgrades\/editions-precedentes\/","title":{"rendered":"\u00c9ditions pr\u00e9c\u00e9dentes"},"content":{"rendered":"","protected":false},"excerpt":{"rendered":"","protected":false},"author":3,"featured_media":0,"parent":0,"menu_order":0,"comment_status":"closed","ping_status":"closed","template":"","meta":{"_acf_changed":false,"footnotes":""},"domaine":[],"acf":[],"_links":{"self":[{"href":"https:\/\/www.uqac.ca\/collationdesgrades\/wp-json\/wp\/v2\/pages\/3242"}],"collection":[{"href":"https:\/\/www.uqac.ca\/collationdesgrades\/wp-json\/wp\/v2\/pages"}],"about":[{"href":"https:\/\/www.uqac.ca\/collationdesgrades\/wp-json\/wp\/v2\/types\/page"}],"author":[{"embeddable":true,"href":"https:\/\/www.uqac.ca\/collationdesgrades\/wp-json\/wp\/v2\/users\/3"}],"replies":[{"embeddable":true,"href":"https:\/\/www.uqac.ca\/collationdesgrades\/wp-json\/wp\/v2\/comments?post=3242"}],"version-history":[{"count":8,"href":"https:\/\/www.uqac.ca\/collationdesgrades\/wp-json\/wp\/v2\/pages\/3242\/revisions"}],"predecessor-version":[{"id":3387,"href":"https:\/\/www.uqac.ca\/collationdesgrades\/wp-json\/wp\/v2\/pages\/3242\/revisions\/3387"}],"wp:attachment":[{"href":"https:\/\/www.uqac.ca\/collationdesgrades\/wp-json\/wp\/v2\/media?parent=3242"}],"wp:term":[{"taxonomy":"domaine","embeddable":true,"href":"https:\/\/www.uqac.ca\/collationdesgrades\/wp-json\/wp\/v2\/domaine?post=3242"}],"curies":[{"name":"wp","href":"https:\/\/api.w.org\/{rel}","templated":true}]}}