{"id":332,"date":"2021-03-29T18:58:32","date_gmt":"2021-03-29T16:58:32","guid":{"rendered":"http:\/\/www.uqac.ca\/covideuil\/?page_id=332"},"modified":"2021-12-03T15:05:37","modified_gmt":"2021-12-03T14:05:37","slug":"medias","status":"publish","type":"page","link":"https:\/\/www.uqac.ca\/covideuil\/medias\/","title":{"rendered":"M\u00e9dias"},"content":{"rendered":"<div class=\"mediaPage\">\n<div class=\"titreMedia\">\n<h3>Le projet dans les m\u00e9dias<\/h3>\n<table style=\"height: 1532px;\" width=\"716\">\n<tbody>\n<tr>\n<td width=\"21\"><\/td>\n<td width=\"22\"><\/td>\n<td width=\"22\"><\/td>\n<td width=\"285\"><a href=\"https:\/\/www.science-et-vie.com\/archives-par-numero\/n-298\">Le deuil perturb\u00e9 par la pand\u00e9mie<\/a><\/td>\n<td width=\"245\"><em>Science et vie<\/em>, Hors-s\u00e9rie, n\u00b0298, p.\u00a078-79<\/td>\n<\/tr>\n<tr>\n<td width=\"21\"><\/td>\n<td width=\"22\"><\/td>\n<td width=\"22\"><\/td>\n<td width=\"285\"><a href=\"https:\/\/www.fcfq.coop\/centre-documentation\/\">Sp\u00e9cial Covideuil\u00a0: Deuil et pand\u00e9mie, des rituels boulevers\u00e9s<\/a><\/td>\n<td width=\"245\"><em>Profil<\/em>, vol. 33, n\u00b02, p. 8-10<\/td>\n<\/tr>\n<tr>\n<td width=\"21\"><\/td>\n<td width=\"22\"><\/td>\n<td width=\"22\"><\/td>\n<td width=\"285\"><a href=\"https:\/\/www.macleans.ca\/society\/health\/how-the-pandemic-has-rewired-our-brains\/\">How the pandemic has rewired our brains<\/a><\/td>\n<td width=\"245\"><em>MacLean\u2019s<\/em><\/td>\n<\/tr>\n<tr>\n<td width=\"21\"><\/td>\n<td width=\"22\"><\/td>\n<td width=\"22\"><\/td>\n<td width=\"285\"><a href=\"https:\/\/l.facebook.com\/l.php?u=https%3A%2F%2Fici.radio-canada.ca%2Fohdio%2Fpremiere%2Femissions%2Fy-a-pas-deux-matins-pareils%2Fepisodes%2F557667%2Frattrapage-du-mardi-3-aout-2021%2F10%3Ffbclid%3DIwAR3zc_n4lDcQZJ4qCNVTXpwi4GcBQfLP62ja4tX5b_qDvk9Bo4DAe7-dAXY&amp;h=AT3Er-CxVE7cdHEBNRzn2hhExMNyyvwLlGXdp0mEdjVadtWyOSxD1DfniQnBQJsKf9P3CrawoaoXutLz_pp6bKJ5H1uYNvx1I2O5MBr_cUceDkoUCzS-4a2YdhGGqnZ9xAvlyQsJCA&amp;__tn__=-UK-R&amp;c%5b0%5d=AT0l5onhtgL5up9uinHkmRYRDFm25Opd-vT_y4B52IS7cCWRniSy0OgHFL9wi-bONY5_rVdEL3jO1SxC9G4pZlDJpHVlAUTBEmsDvQwgHfgi4KE10X8DHqEgjohuMnu5l999WmqL_59FwRKquNtHfzvnvN_ssB3Y3OjdxxdWw_J-vQ\">L\u2019\u00e9tude Covideuil se poursuit<\/a><\/td>\n<td width=\"245\"><em>Radio-Canada<\/em><\/td>\n<\/tr>\n<tr>\n<td width=\"21\"><\/td>\n<td width=\"22\"><\/td>\n<td width=\"22\"><\/td>\n<td width=\"285\"><a href=\"https:\/\/lactualite.com\/societe\/renouons-avec-les-endeuilles\/\">Renouons avec les endeuill\u00e9s<\/a><\/td>\n<td width=\"245\"><em>L\u2019Actualit\u00e9<\/em><\/td>\n<\/tr>\n<tr>\n<td width=\"21\"><\/td>\n<td width=\"22\"><\/td>\n<td width=\"22\"><\/td>\n<td width=\"285\"><a href=\"https:\/\/theconversation.com\/apres-pandemie-il-est-temps-de-renouer-avec-les-endeuilles-163692?fbclid=IwAR0z-Vdj5UYyNUD6oDZ-tKMkAKBHoSSOGrKX-OEPBkV2UHGufDFsDzOhKZ8\">Apr\u00e8s-pand\u00e9mie\u00a0: il est temps de renouer avec les endeuill\u00e9s<\/a><\/td>\n<td width=\"245\"><em>La Conversation<\/em><\/td>\n<\/tr>\n<tr>\n<td width=\"21\"><\/td>\n<td width=\"22\"><\/td>\n<td width=\"22\"><\/td>\n<td width=\"285\"><a href=\"https:\/\/theconversation.com\/as-covid-19-restrictions-lift-grief-literacy-can-help-us-support-those-around-us-163690?fbclid=IwAR1xqm7Wmhz96xY2W3M2jyYKpYOYKB51Ba_VAsXbCYzb34GptIYzObUzghE\">As COVID-19 restrictions lift, grief literacy can help us support those around us<\/a><\/td>\n<td width=\"245\"><em>The Conversation<\/em><\/td>\n<\/tr>\n<tr>\n<td width=\"21\"><\/td>\n<td width=\"22\"><\/td>\n<td width=\"22\"><\/td>\n<td width=\"285\"><a href=\"https:\/\/ici.radio-canada.ca\/ohdio\/premiere\/emissions\/le-15-18\/episodes\/552775\/rattrapage-du-mercredi-21-juillet-2021?fbclid=IwAR1JhaDuApH3tbxQT1CFFjo3ejsxeYhsnPACA9H5k4-RIZEozS5nIYa_ns0\">Le deuil pendant la pand\u00e9mie\u00a0: entrevue avec Jacques Cherblanc<\/a><\/td>\n<td width=\"245\"><em>Radio-Canada<\/em><\/td>\n<\/tr>\n<tr>\n<td width=\"21\"><\/td>\n<td width=\"22\"><\/td>\n<td width=\"22\"><\/td>\n<td width=\"285\"><a href=\"https:\/\/l.facebook.com\/l.php?u=https%3A%2F%2Fwww.tvanouvelles.ca%2F2021%2F06%2F23%2Fle-deuil-a-ete-perturbe-par-les-mesures-sanitaires-disent-des-chercheurs%3Ffbclid%3DIwAR0Y74dEt67YEXsjeSEeAk4atD4KkB0nBdEvePJyv6FFyjbv_9Q1OEVYnRY&amp;h=AT190jQdlb60edj4xG7iUQ_fX1IrcMnn3uzpfvSmBLveyuEzOnQ6L-u1peei4H0qEThah2Y2fU3ljSYgBdsueVPgq3ChMpHpNZ5dOstYgD1jFMqwZgvt0ajiOJ-nns5uLy_Qs8Nfew&amp;__tn__=-UK-R&amp;c%5b0%5d=AT26kNWqh58ALwO6ldd6fc1eRsFSczmT-Ad-UElPxD-oy2Nqfk-w7NiIWYFhOE_uuZKwFrLvTwAdUjiX_aE64EivHFv8IWR9gnw6v1wpARpaHyM771yVUfy-xT58cUQQ5_M-UVZ-DuEJ7roQ0FV092CY9TKGlUlxCuvEfbXJjMOP3A\">Le deuil a \u00e9t\u00e9 perturb\u00e9 par les mesures sanitaires, disent des chercheurs<\/a><\/td>\n<td width=\"245\"><em>TVA Nouvelles<\/em><\/td>\n<\/tr>\n<tr>\n<td width=\"21\"><\/td>\n<td width=\"22\"><\/td>\n<td width=\"22\"><\/td>\n<td width=\"285\"><a href=\"https:\/\/www.qub.ca\/tvaplus\/tva\/salut-bonjour\/saison-33\/salut-bonjour-33-1042069498?fbclid=IwAR17F4iGumYj-mJXO-oo-Z7QYXnZAij0V4RWRu9yBZ7lCnOzK4WQv82gCCU\">Un projet de recherche sur les restrictions fun\u00e9raires en temps de pand\u00e9mie<\/a><\/td>\n<td width=\"245\"><em>Salut Bonjour (TVA) \u2013 \u00e0 1<sup>h<\/sup>45\u201930\u2019\u2019<\/em><\/td>\n<\/tr>\n<tr>\n<td width=\"21\"><\/td>\n<td width=\"22\"><\/td>\n<td width=\"22\"><\/td>\n<td width=\"285\"><a href=\"https:\/\/www.journaldemontreal.com\/2021\/05\/02\/pandemie-quels-seront-les-impacts-du-deuil-virtuel\">Pand\u00e9mie\u00a0: quels seront les impacts du deuil virtuel\u00a0?<\/a><\/td>\n<td width=\"245\"><em>Le Journal de Montr\u00e9al<\/em><\/td>\n<\/tr>\n<tr>\n<td width=\"21\"><\/td>\n<td width=\"22\"><\/td>\n<td width=\"22\"><\/td>\n<td width=\"285\"><a href=\"https:\/\/lactualite.com\/societe\/il-y-a-plus-dune-facon-de-faire-son-deuil\/\">Il y a plus d\u2019une fa\u00e7on de faire son deuil<\/a><\/td>\n<td width=\"245\"><em>L\u2019Actualit\u00e9<\/em><\/td>\n<\/tr>\n<tr>\n<td width=\"21\"><\/td>\n<td width=\"22\"><\/td>\n<td width=\"22\"><\/td>\n<td width=\"285\"><a href=\"http:\/\/lelacstjean.com\/journal-mon-saguenay\/une-etude-sur-le-deuil-en-temps-de-pandemie-a-luqac\/\">Le deuil en temps de pand\u00e9mie<\/a><\/td>\n<td width=\"245\"><em>Mon Saguenay<\/em><\/td>\n<\/tr>\n<tr>\n<td width=\"21\"><\/td>\n<td width=\"22\"><\/td>\n<td width=\"22\"><\/td>\n<td width=\"285\"><a href=\"https:\/\/theconversation.com\/les-etapes-du-deuil-de-kubler-ross-sont-un-mythe-il-y-a-plus-quune-facon-de-faire-son-deuil-157504?fbclid=IwAR11YBJbHRQ5XxxXD0uUI-r2E4bpLOu3OwAxFLfkPWwzALxxmBi9PnYpAcs\">Les \u00e9tapes du deuil de K\u00fcbler-Ross sont un mythe : il y a plus qu&rsquo;une fa\u00e7on de faire son deuil<\/a><\/td>\n<td width=\"245\"><em>La Conversation<\/em><\/td>\n<\/tr>\n<tr>\n<td width=\"21\"><\/td>\n<td width=\"22\"><\/td>\n<td width=\"22\"><\/td>\n<td width=\"285\"><a href=\"https:\/\/www.noovo.ca\/emissions\/noovo-le-fil-saguenaylac-saint-jean\/le-deuil-inacheve\">Le deuil inachev\u00e9 en temps de pand\u00e9mie<\/a><\/td>\n<td width=\"245\"><em>Noovo<\/em><\/td>\n<\/tr>\n<tr>\n<td width=\"21\"><\/td>\n<td width=\"22\"><\/td>\n<td width=\"22\"><\/td>\n<td width=\"285\"><a href=\"https:\/\/www.iheartradio.ca\/rouge-fm\/rouge-fm-saguenay\/nouvelles\/covideuil-le-deuil-en-pandemie-etudie-a-l-uqac-1.14928694?fbclid=IwAR1FBK7_-MvsPnC_XHIFL0uF3eOJwNQQ0YqHRUFZIvX3iFmMC3u4GG2u8xg\">Covideuil : Le deuil en pand\u00e9mie \u00e9tudi\u00e9 \u00e0 l&rsquo;UQAC<\/a><\/td>\n<td width=\"245\"><em>96,9 Rouge-FM<\/em><\/td>\n<\/tr>\n<tr>\n<td width=\"21\"><\/td>\n<td width=\"22\"><\/td>\n<td width=\"22\"><\/td>\n<td width=\"285\"><a href=\"https:\/\/www.lequotidien.com\/actualites\/limpact-de-la-pandemie-sur-le-deuil-etudie-a-luqac-406c15e63c50d4e0572e8eace1b772a4?fbclid=IwAR0Thc5MkeiyiogC9n8XS78kYHW29YPUK65MvVNzYaPZRoF691WubqEgVzQ\">L&rsquo;impact de la pand\u00e9mie sur le deuil \u00e9tudi\u00e9 \u00e0 l&rsquo;UQAC<\/a><\/td>\n<td width=\"245\"><em>Journal Le Quotidien<\/em><\/td>\n<\/tr>\n<tr>\n<td width=\"21\"><\/td>\n<td width=\"22\"><\/td>\n<td width=\"22\"><\/td>\n<td width=\"285\"><a href=\"https:\/\/www.facebook.com\/icisaguenaylacsaintjean\/videos\/2861122394100448\">Vivre un deuil en pand\u00e9mie<\/a><\/td>\n<td width=\"245\"><em>ICI Saguenay-Lac-St-Jean<\/em><\/td>\n<\/tr>\n<tr>\n<td width=\"21\"><\/td>\n<td width=\"22\"><\/td>\n<td width=\"22\"><\/td>\n<td width=\"285\"><a href=\"https:\/\/ici.radio-canada.ca\/premiere\/emissions\/cest-jamais-pareil\/segments\/entrevue\/346647\/deuil-mort-deces-psychologie-covid?fbclid=IwAR0Thc5MkeiyiogC9n8XS78kYHW29YPUK65MvVNzYaPZRoF691WubqEgVzQ\">Comprendre le deuil en pand\u00e9mie<\/a><\/td>\n<td width=\"245\"><em>Radio : C&rsquo;est jamais pareil (ICI Radio-Canada Sag-Lac)<\/em><\/td>\n<\/tr>\n<tr>\n<td width=\"21\"><\/td>\n<td width=\"22\"><\/td>\n<td width=\"22\"><\/td>\n<td width=\"285\"><a href=\"https:\/\/ici.radio-canada.ca\/premiere\/emissions\/sur-le-vif\/episodes\/518190\/rattrapage-du-jeudi-11-mars-2021\/4?fbclid=IwAR2hCqNpy53B4LV18USP4MUNMvL2QfrFIJ-JYCbe695wZqvg01KGa6bnFgQ\">Les effets de la pand\u00e9mie sur le deuil\u00a0: Projet de recherche de l&rsquo;UQO<\/a><\/td>\n<td width=\"245\"><em>Radio : Sur le vif ICI Premi\u00e8re<\/em><\/td>\n<\/tr>\n<tr>\n<td width=\"21\"><\/td>\n<td width=\"22\"><\/td>\n<td width=\"22\"><\/td>\n<td width=\"285\"><a href=\"https:\/\/www.ledroit.com\/actualites\/covid-19\/une-etude-se-penche-sur-limpact-de-la-pandemie-sur-le-deuil-2d5b73795c37a159515d4f4b8bea33af?fbclid=IwAR2JBqmV3BDzO3cqgb4ttC5o-uURftf3cJKMeYN5WYyXGOwg7iPQ4UFUZFg\">Une \u00e9tude se penche sur l&rsquo;impact de la pand\u00e9mie sur le deuil<\/a><\/td>\n<td width=\"245\"><em>Journal Le Droit<\/em><\/td>\n<\/tr>\n<\/tbody>\n<\/table>\n<\/div>\n<\/div>\n","protected":false},"excerpt":{"rendered":"<p>Le projet dans les m\u00e9dias Le deuil perturb\u00e9 par la pand\u00e9mie Science et vie, Hors-s\u00e9rie, n\u00b0298, p.\u00a078-79 Sp\u00e9cial Covideuil\u00a0: Deuil et pand\u00e9mie, des rituels boulevers\u00e9s Profil, vol. 33, n\u00b02, p. 8-10 How the pandemic has rewired our brains MacLean\u2019s L\u2019\u00e9tude Covideuil se poursuit Radio-Canada Renouons avec les endeuill\u00e9s L\u2019Actualit\u00e9 Apr\u00e8s-pand\u00e9mie\u00a0: il est temps de renouer [&hellip;]<\/p>\n","protected":false},"author":3,"featured_media":0,"parent":0,"menu_order":0,"comment_status":"closed","ping_status":"closed","template":"","meta":{"footnotes":""},"class_list":["post-332","page","type-page","status-publish","hentry","entry"],"_links":{"self":[{"href":"https:\/\/www.uqac.ca\/covideuil\/wp-json\/wp\/v2\/pages\/332"}],"collection":[{"href":"https:\/\/www.uqac.ca\/covideuil\/wp-json\/wp\/v2\/pages"}],"about":[{"href":"https:\/\/www.uqac.ca\/covideuil\/wp-json\/wp\/v2\/types\/page"}],"author":[{"embeddable":true,"href":"https:\/\/www.uqac.ca\/covideuil\/wp-json\/wp\/v2\/users\/3"}],"replies":[{"embeddable":true,"href":"https:\/\/www.uqac.ca\/covideuil\/wp-json\/wp\/v2\/comments?post=332"}],"version-history":[{"count":39,"href":"https:\/\/www.uqac.ca\/covideuil\/wp-json\/wp\/v2\/pages\/332\/revisions"}],"predecessor-version":[{"id":430,"href":"https:\/\/www.uqac.ca\/covideuil\/wp-json\/wp\/v2\/pages\/332\/revisions\/430"}],"wp:attachment":[{"href":"https:\/\/www.uqac.ca\/covideuil\/wp-json\/wp\/v2\/media?parent=332"}],"curies":[{"name":"wp","href":"https:\/\/api.w.org\/{rel}","templated":true}]}}