{"id":39,"date":"2021-02-22T04:22:10","date_gmt":"2021-02-22T03:22:10","guid":{"rendered":"http:\/\/www.uqac.ca\/covideuil\/?page_id=39"},"modified":"2024-08-27T14:51:38","modified_gmt":"2024-08-27T19:51:38","slug":"accueil","status":"publish","type":"page","link":"https:\/\/www.uqac.ca\/covideuil\/","title":{"rendered":"Accueil"},"content":{"rendered":"<div class=\"conteneur\">\n<div class=\"text\">\n<h1>Covideuil<\/h1>\n<h2>Les r\u00e9percussions sur la sant\u00e9 de la perte d&rsquo;un proche en temps de pand\u00e9mie \/ The health impacts of the death of someone close to you during a pandemic<\/h2>\n<\/div>\n<\/div>\n","protected":false},"excerpt":{"rendered":"<p>Covideuil Les r\u00e9percussions sur la sant\u00e9 de la perte d&rsquo;un proche en temps de pand\u00e9mie \/ The health impacts of the death of someone close to you during a pandemic<\/p>\n","protected":false},"author":2,"featured_media":473,"parent":0,"menu_order":0,"comment_status":"closed","ping_status":"closed","template":"","meta":{"footnotes":""},"class_list":["post-39","page","type-page","status-publish","has-post-thumbnail","hentry","entry","has-media"],"_links":{"self":[{"href":"https:\/\/www.uqac.ca\/covideuil\/wp-json\/wp\/v2\/pages\/39"}],"collection":[{"href":"https:\/\/www.uqac.ca\/covideuil\/wp-json\/wp\/v2\/pages"}],"about":[{"href":"https:\/\/www.uqac.ca\/covideuil\/wp-json\/wp\/v2\/types\/page"}],"author":[{"embeddable":true,"href":"https:\/\/www.uqac.ca\/covideuil\/wp-json\/wp\/v2\/users\/2"}],"replies":[{"embeddable":true,"href":"https:\/\/www.uqac.ca\/covideuil\/wp-json\/wp\/v2\/comments?post=39"}],"version-history":[{"count":36,"href":"https:\/\/www.uqac.ca\/covideuil\/wp-json\/wp\/v2\/pages\/39\/revisions"}],"predecessor-version":[{"id":531,"href":"https:\/\/www.uqac.ca\/covideuil\/wp-json\/wp\/v2\/pages\/39\/revisions\/531"}],"wp:featuredmedia":[{"embeddable":true,"href":"https:\/\/www.uqac.ca\/covideuil\/wp-json\/wp\/v2\/media\/473"}],"wp:attachment":[{"href":"https:\/\/www.uqac.ca\/covideuil\/wp-json\/wp\/v2\/media?parent=39"}],"curies":[{"name":"wp","href":"https:\/\/api.w.org\/{rel}","templated":true}]}}