{"id":42,"date":"2021-02-22T04:32:47","date_gmt":"2021-02-22T03:32:47","guid":{"rendered":"http:\/\/www.uqac.ca\/covideuil\/?page_id=42"},"modified":"2022-01-21T18:41:19","modified_gmt":"2022-01-21T17:41:19","slug":"notre-equipe","status":"publish","type":"page","link":"https:\/\/www.uqac.ca\/covideuil\/notre-equipe\/","title":{"rendered":"Notre \u00e9quipe"},"content":{"rendered":"<div class=\"notreEquipe\">\n<div class=\"conteneurAPropos\">\n<h3>Chercheur responsable<\/h3>\n<div class=\"contact\">\n            <span class=\"informations\"><i class=\"far fa-address-book\"><\/i><span class=\"info\">Jacques Cherblanc<\/span><\/span><br \/>\n            <span class=\"informations\"><i class=\"fas fa-check\"><\/i><span class=\"info\">Professeur agr\u00e9g\u00e9<\/span><\/span><br \/>\n            <span class=\"informations\"><i class=\"fas fa-info\"><\/i><span class=\"info\">Unit\u00e9 d&rsquo;enseignement en \u00e9tudes religieuses, en \u00e9thique et en philosophie<\/span><\/span><br \/>\n            <span class=\"informations\"><i class=\"fas fa-school\"><\/i><span class=\"info\">Universit\u00e9 du Qu\u00e9bec \u00e0 Chicoutimi (UQAC)<\/span><\/span><br \/>\n            <span class=\"informations\"><i class=\"fas fa-phone-alt\"><\/i><span class=\"info\">1-800-463-9880 poste 5339<\/span><\/span><br \/>\n            <span class=\"informations\"><i class=\"fas fa-mail-bulk\"><\/i><a href=\"mailto:Jacques_Cherblanc@uqac.ca\"><span class=\"info\">Jacques_Cherblanc@uqac.ca<\/span><\/a><\/span>\n        <\/div>\n<h3>Cochercheur\u2022e\u2022s<\/h3>\n<div id=\"cochercheures\" class=\"notre-equipe__liste-chercheurs\">\n<div id=\"1\" class=\"contact\">\n                <span class=\"informations\"><i class=\"far fa-address-book\"><\/i><span class=\"info\">Christiane Bergeron-Leclerc<\/span><\/span><br \/>\n                <span class=\"informations\"><i class=\"fas fa-school\"><\/i><span class=\"info\">UQAC<\/span><\/span><br \/>\n                <span class=\"informations\"><i class=\"fas fa-mail-bulk\"><\/i><a href=\"mailto:christiane.bergeron-leclerc1@uqac.ca\"><span class=\"info\">christiane.bergeron-leclerc1@uqac.ca<\/span><\/a><\/span>\n            <\/div>\n<div id=\"2\" class=\"contact\">\n                <span class=\"informations\"><i class=\"far fa-address-book\"><\/i><span class=\"info\">Jos\u00e9e Grenier<\/span><\/span><br \/>\n                <span class=\"informations\"><i class=\"fas fa-school\"><\/i><span class=\"info\">UQO<\/span><\/span><br \/>\n                <span class=\"informations\"><i class=\"fas fa-mail-bulk\"><\/i><a href=\"mailto:josee.grenier@uqo.ca\"><span class=\"info\">josee.grenier@uqo.ca<\/span><\/a><\/span>\n            <\/div>\n<div id=\"3\" class=\"contact\">\n                <span class=\"informations\"><i class=\"far fa-address-book\"><\/i><span class=\"info\">Chantal Simard<\/span><\/span><br \/>\n                <span class=\"informations\"><i class=\"fas fa-school\"><\/i><span class=\"info\">UQAC<\/span><\/span><br \/>\n                <span class=\"informations\"><i class=\"fas fa-mail-bulk\"><\/i><a href=\"mailto:Chantale1_Simard@uqac.ca\"><span class=\"info\">Chantale1_Simard@uqac.ca<\/span><\/a><\/span>\n            <\/div>\n<div id=\"4\" class=\"contact\">\n                <span class=\"informations\"><i class=\"far fa-address-book\"><\/i><span class=\"info\">Isabelle Saint-Pierre<\/span><\/span><br \/>\n                <span class=\"informations\"><i class=\"fas fa-school\"><\/i><span class=\"info\">UQO<\/span><\/span><br \/>\n                <span class=\"informations\"><i class=\"fas fa-mail-bulk\"><\/i><a href=\"mailto:isabelle.st-pierre@uqo.ca\"><span class=\"info\">isabelle.st-pierre@uqo.ca<\/span><\/a><\/span>\n            <\/div>\n<div id=\"5\" class=\"contact\">\n                <span class=\"informations\"><i class=\"far fa-address-book\"><\/i><span class=\"info\">Danielle Maltais<\/span><\/span><br \/>\n                <span class=\"informations\"><i class=\"fas fa-school\"><\/i><span class=\"info\">UQAC<\/span><\/span><br \/>\n                <span class=\"informations\"><i class=\"fas fa-mail-bulk\"><\/i><a href=\"mailto:Danielle_Maltais@uqac.ca\"><span class=\"info\">Danielle_Maltais@uqac.ca<\/span><\/a><\/span>\n            <\/div>\n<div id=\"6\" class=\"contact\">\n                <span class=\"informations\"><i class=\"far fa-address-book\"><\/i><span class=\"info\">Chantal Verdon<\/span><\/span><br \/>\n                <span class=\"informations\"><i class=\"fas fa-school\"><\/i><span class=\"info\">UQO<\/span><\/span><br \/>\n                <span class=\"informations\"><i class=\"fas fa-mail-bulk\"><\/i><a href=\"mailto:chantal.verdon@uqo.ca\"><span class=\"info\">chantal.verdon@uqo.ca<\/span><\/a><\/span>\n            <\/div>\n<div id=\"7\" class=\"contact\">\n                <span class=\"informations\"><i class=\"far fa-address-book\"><\/i><span class=\"info\">Susan Cadell<\/span><\/span><br \/>\n                <span class=\"informations\"><i class=\"fas fa-school\"><\/i><span class=\"info\">UWaterloo<\/span><\/span><br \/>\n                <span class=\"informations\"><i class=\"fas fa-mail-bulk\"><\/i><a href=\"mailto:scadell@uwaterloo.ca\"><span class=\"info\">scadell@uwaterloo.ca<\/span><\/a><\/span>\n            <\/div>\n<div class=\"contact\">\n                <span class=\"informations\"><i class=\"far fa-address-book\"><\/i><span class=\"info\">E. Tchouaket Nguemeleu<\/span><\/span><br \/>\n                <span class=\"informations\"><i class=\"fas fa-school\"><\/i><span class=\"info\">UQO<\/span><\/span><br \/>\n                <span class=\"informations\"><i class=\"fas fa-mail-bulk\"><\/i><a href=\"mailto:eric.tchouaket@uqo.ca\"><span class=\"info\">eric.tchouaket@uqo.ca<\/span><\/a><\/span>\n            <\/div>\n<div class=\"contact\">\n                <span class=\"informations\"><i class=\"far fa-address-book\"><\/i><span class=\"info\">David Kenneth Wright<\/span><\/span><br \/>\n                <span class=\"informations\"><i class=\"fas fa-school\"><\/i><span class=\"info\">Universit\u00e9 d&rsquo;Ottawa<\/span><\/span><br \/>\n                <span class=\"informations\"><i class=\"fas fa-mail-bulk\"><\/i><a href=\"mailto:dk.wright@uottawa.ca\"><span class=\"info\">dk.wright@uottawa.ca<\/span><\/a><\/span>\n            <\/div>\n<\/p><\/div>\n<h3>\u00c9quipe internationale<\/h3>\n<div id=\"equipeInternationale\" class=\"notre-equipe__liste-chercheurs\">\n<div id=\"8\" class=\"contact\">\n                <span class=\"informations\"><i class=\"far fa-address-book\"><\/i><span class=\"info\">Marie-Fr\u00e9d\u00e9rique Bacqu\u00e9<\/span><\/span><br \/>\n                <span class=\"informations\"><i class=\"fas fa-school\"><\/i><span class=\"info\">Universit\u00e9 de Strasbourg<\/span><\/span><br \/>\n                <span class=\"informations\"><i class=\"fas fa-mail-bulk\"><\/i><a href=\"mailto:marie-frederique.bacque@unistra.fr\"><span class=\"info\">marie-frederique.bacque@unistra.fr<\/span><\/a><\/span>\n            <\/div>\n<div id=\"9\" class=\"contact\">\n                <span class=\"informations\"><i class=\"far fa-address-book\"><\/i><span class=\"info\">Emmanuelle Zech<\/span><\/span><br \/>\n                <span class=\"informations\"><i class=\"fas fa-school\"><\/i><span class=\"info\">Universit\u00e9 catholique de Louvain<\/span><\/span><br \/>\n                <span class=\"informations\"><i class=\"fas fa-mail-bulk\"><\/i><a href=\"mailto:emmanuelle.zech@uclouvain.be\"><span class=\"info\">emmanuelle.zech@uclouvain.be<\/span><\/a><\/span>\n            <\/div>\n<div id=\"10\" class=\"contact\">\n                <span class=\"informations\"><i class=\"far fa-address-book\"><\/i><span class=\"info\">Cyrille Kosignan Kokou-Kpolou<\/span><\/span><br \/>\n                <span class=\"informations\"><i class=\"fas fa-school\"><\/i><span class=\"info\">Universit\u00e9 de Strasbourg<\/span><\/span><br \/>\n                <span class=\"informations\"><i class=\"fas fa-mail-bulk\"><\/i><a href=\"mailto:kkkcyrille@yahoo.fr\"><span class=\"info\">kkkcyrille@yahoo.fr<\/span><\/a><\/span>\n            <\/div>\n<\/p><\/div>\n<\/p><\/div>\n<\/div>\n","protected":false},"excerpt":{"rendered":"<p>Chercheur responsable Jacques Cherblanc Professeur agr\u00e9g\u00e9 Unit\u00e9 d&rsquo;enseignement en \u00e9tudes religieuses, en \u00e9thique et en philosophie Universit\u00e9 du Qu\u00e9bec \u00e0 Chicoutimi (UQAC) 1-800-463-9880 poste 5339 Jacques_Cherblanc@uqac.ca Cochercheur\u2022e\u2022s Christiane Bergeron-Leclerc UQAC christiane.bergeron-leclerc1@uqac.ca Jos\u00e9e Grenier UQO josee.grenier@uqo.ca Chantal Simard UQAC Chantale1_Simard@uqac.ca Isabelle Saint-Pierre UQO isabelle.st-pierre@uqo.ca Danielle Maltais UQAC Danielle_Maltais@uqac.ca Chantal Verdon UQO chantal.verdon@uqo.ca Susan Cadell UWaterloo scadell@uwaterloo.ca [&hellip;]<\/p>\n","protected":false},"author":2,"featured_media":0,"parent":0,"menu_order":0,"comment_status":"closed","ping_status":"closed","template":"","meta":{"footnotes":""},"class_list":["post-42","page","type-page","status-publish","hentry","entry"],"_links":{"self":[{"href":"https:\/\/www.uqac.ca\/covideuil\/wp-json\/wp\/v2\/pages\/42"}],"collection":[{"href":"https:\/\/www.uqac.ca\/covideuil\/wp-json\/wp\/v2\/pages"}],"about":[{"href":"https:\/\/www.uqac.ca\/covideuil\/wp-json\/wp\/v2\/types\/page"}],"author":[{"embeddable":true,"href":"https:\/\/www.uqac.ca\/covideuil\/wp-json\/wp\/v2\/users\/2"}],"replies":[{"embeddable":true,"href":"https:\/\/www.uqac.ca\/covideuil\/wp-json\/wp\/v2\/comments?post=42"}],"version-history":[{"count":22,"href":"https:\/\/www.uqac.ca\/covideuil\/wp-json\/wp\/v2\/pages\/42\/revisions"}],"predecessor-version":[{"id":490,"href":"https:\/\/www.uqac.ca\/covideuil\/wp-json\/wp\/v2\/pages\/42\/revisions\/490"}],"wp:attachment":[{"href":"https:\/\/www.uqac.ca\/covideuil\/wp-json\/wp\/v2\/media?parent=42"}],"curies":[{"name":"wp","href":"https:\/\/api.w.org\/{rel}","templated":true}]}}