{"id":15,"date":"2013-05-15T15:37:50","date_gmt":"2013-05-15T19:37:50","guid":{"rendered":"http:\/\/www.uqac.ca\/ccoe\/?page_id=15"},"modified":"2026-04-15T14:04:06","modified_gmt":"2026-04-15T18:04:06","slug":"le-test-tecfee","status":"publish","type":"page","link":"https:\/\/www.uqac.ca\/cvf\/le-test-tecfee\/","title":{"rendered":"TECF\u00c9E"},"content":{"rendered":"<h2>Qu&rsquo;est-ce que le TECF\u00c9E?<\/h2>\n<p>Les universit\u00e9s qu\u00e9b\u00e9coises en collaboration avec le minist\u00e8re de l\u2019\u00c9ducation et le C\u00c9FRANC ont d\u00e9velopp\u00e9 un nouveau test pour \u00e9valuer la comp\u00e9tence langagi\u00e8re attendue d\u2019une personne qui poursuit une formation universitaire en enseignement. L&rsquo;ensemble des personnes \u00e9tudiantes admises dans un programme d\u2019enseignement sont d\u00e9sormais soumises au Test de certification en fran\u00e7ais \u00e9crit pour l\u2019enseignement (TECF\u00c9E). Ce test est produit, administr\u00e9 et corrig\u00e9 par le C\u00c9FRANC (Centre d&rsquo;\u00e9valuation du rendement en fran\u00e7ais \u00e9crit).<\/p>\n<p>Le TECF\u00c9E comprend deux parties : un questionnaire \u00e0 choix multiples et une \u00e9preuve de r\u00e9daction. Il n&rsquo;est pas possible de se pr\u00e9senter \u00e0 ce test avant d\u2019avoir compl\u00e9t\u00e9 30 cr\u00e9dits dans son programme. Les \u00e9tudiantes et \u00e9tudiants de premi\u00e8re ann\u00e9e pourront donc se pr\u00e9senter \u00e0 ce test (sur recommandation de leur direction de programme) \u00e0 la fin de leur deuxi\u00e8me trimestre. Des r\u00e8gles particuli\u00e8res s\u2019appliquent pour le programme en enseignement professionnel.<\/p>\n<p><strong>Pour plus d\u2019informations sur le TECF\u00c9E, consultez le site du <a href=\"https:\/\/cefranc.csspi.ca\/tecfee.php\" target=\"_blank\" rel=\"noopener\">C\u00c9FRANC<\/a>.<\/strong><\/p>\n<p>&nbsp;<\/p>\n<h2>Quand a lieu le TECF\u00c9E?<\/h2>\n<p>Diff\u00e9rentes dates de passation et de reprise pour le test sont offertes \u00e0 l&rsquo;UQAC et au campus de Sept-\u00celes. D\u00e9couvrez-les dans les sections ci-dessous.<\/p>\n","protected":false},"excerpt":{"rendered":"<p>Qu&rsquo;est-ce que le TECF\u00c9E? Les universit\u00e9s qu\u00e9b\u00e9coises en collaboration avec le minist\u00e8re de l\u2019\u00c9ducation et le C\u00c9FRANC ont d\u00e9velopp\u00e9 un nouveau test pour \u00e9valuer la comp\u00e9tence langagi\u00e8re attendue d\u2019une personne qui poursuit une formation universitaire en enseignement. L&rsquo;ensemble des personnes \u00e9tudiantes admises dans un programme d\u2019enseignement sont d\u00e9sormais soumises au Test de certification en fran\u00e7ais [&hellip;]<\/p>\n","protected":false},"author":1,"featured_media":0,"parent":0,"menu_order":0,"comment_status":"closed","ping_status":"open","template":"","meta":{"_acf_changed":true,"footnotes":""},"domaine":[],"acf":[],"_links":{"self":[{"href":"https:\/\/www.uqac.ca\/cvf\/wp-json\/wp\/v2\/pages\/15"}],"collection":[{"href":"https:\/\/www.uqac.ca\/cvf\/wp-json\/wp\/v2\/pages"}],"about":[{"href":"https:\/\/www.uqac.ca\/cvf\/wp-json\/wp\/v2\/types\/page"}],"author":[{"embeddable":true,"href":"https:\/\/www.uqac.ca\/cvf\/wp-json\/wp\/v2\/users\/1"}],"replies":[{"embeddable":true,"href":"https:\/\/www.uqac.ca\/cvf\/wp-json\/wp\/v2\/comments?post=15"}],"version-history":[{"count":40,"href":"https:\/\/www.uqac.ca\/cvf\/wp-json\/wp\/v2\/pages\/15\/revisions"}],"predecessor-version":[{"id":1075,"href":"https:\/\/www.uqac.ca\/cvf\/wp-json\/wp\/v2\/pages\/15\/revisions\/1075"}],"wp:attachment":[{"href":"https:\/\/www.uqac.ca\/cvf\/wp-json\/wp\/v2\/media?parent=15"}],"wp:term":[{"taxonomy":"domaine","embeddable":true,"href":"https:\/\/www.uqac.ca\/cvf\/wp-json\/wp\/v2\/domaine?post=15"}],"curies":[{"name":"wp","href":"https:\/\/api.w.org\/{rel}","templated":true}]}}