{"id":595,"date":"2024-03-20T09:45:23","date_gmt":"2024-03-20T13:45:23","guid":{"rendered":"https:\/\/www.uqac.ca\/ccoe\/?page_id=595"},"modified":"2025-01-17T10:06:37","modified_gmt":"2025-01-17T15:06:37","slug":"nous-joindre","status":"publish","type":"page","link":"https:\/\/www.uqac.ca\/cvf\/nous-joindre\/","title":{"rendered":"Nous joindre"},"content":{"rendered":"<p style=\"font-weight: 400;\"><strong>Centre de valorisation du fran\u00e7ais<\/strong><br \/>\nUniversit\u00e9 du Qu\u00e9bec \u00e0 Chicoutimi<br \/>\n555, boul. de l\u2019Universit\u00e9<br \/>\nChicoutimi (QC)\u00a0 G7H 2B1<\/p>\n<p style=\"font-weight: 400;\"><strong>Informations<\/strong><br \/>\nNum\u00e9ro de t\u00e9l\u00e9phone : 5537<br \/>\nCourriel : <strong><a href=\"mailto:sm75@uqac.ca\" data-outlook-id=\"77b879df-098e-4f98-a6b6-950efc9b07c5\">sm75@uqac.ca<\/a><\/strong><br \/>\nLocal :\u00a0P4-1070<\/p>\n<p style=\"font-weight: 400;\"><strong>Service d&rsquo;aide en fran\u00e7ais<\/strong><br \/>\nNum\u00e9ro de t\u00e9l\u00e9phone : 2013<br \/>\nLocal :\u00a0P4-7000<\/p>\n<p style=\"font-weight: 400;\">Sandrine Tailleur<br \/>\nDirectrice<br \/>\n<strong><a href=\"mailto:dm75@uqac.ca\">dm75@uqac.ca<\/a><\/strong><\/p>\n<p style=\"font-weight: 400;\">Marie-Eve Rouillard<br \/>\nAuxiliaire d\u2019enseignement<br \/>\n<strong><a href=\"mailto:merouill@uqac.ca\" data-outlook-id=\"97076987-52ce-4dee-bb3c-231706a8d78f\">merouill@uqac.ca<\/a><\/strong><\/p>\n<p style=\"font-weight: 400;\">St\u00e9phanie Bissonnette<br \/>\nCoordonnatrice<br \/>\n<strong><a href=\"mailto:pm75@uqac.ca\">pm75@uqac.ca<\/a><\/strong><\/p>\n","protected":false},"excerpt":{"rendered":"<p>Centre de valorisation du fran\u00e7ais Universit\u00e9 du Qu\u00e9bec \u00e0 Chicoutimi 555, boul. de l\u2019Universit\u00e9 Chicoutimi (QC)\u00a0 G7H 2B1 Informations Num\u00e9ro de t\u00e9l\u00e9phone : 5537 Courriel : sm75@uqac.ca Local :\u00a0P4-1070 Service d&rsquo;aide en fran\u00e7ais Num\u00e9ro de t\u00e9l\u00e9phone : 2013 Local :\u00a0P4-7000 Sandrine Tailleur Directrice dm75@uqac.ca Marie-Eve Rouillard Auxiliaire d\u2019enseignement merouill@uqac.ca St\u00e9phanie Bissonnette Coordonnatrice pm75@uqac.ca<\/p>\n","protected":false},"author":5,"featured_media":0,"parent":0,"menu_order":0,"comment_status":"closed","ping_status":"closed","template":"","meta":{"_acf_changed":false,"footnotes":""},"domaine":[],"acf":[],"_links":{"self":[{"href":"https:\/\/www.uqac.ca\/cvf\/wp-json\/wp\/v2\/pages\/595"}],"collection":[{"href":"https:\/\/www.uqac.ca\/cvf\/wp-json\/wp\/v2\/pages"}],"about":[{"href":"https:\/\/www.uqac.ca\/cvf\/wp-json\/wp\/v2\/types\/page"}],"author":[{"embeddable":true,"href":"https:\/\/www.uqac.ca\/cvf\/wp-json\/wp\/v2\/users\/5"}],"replies":[{"embeddable":true,"href":"https:\/\/www.uqac.ca\/cvf\/wp-json\/wp\/v2\/comments?post=595"}],"version-history":[{"count":10,"href":"https:\/\/www.uqac.ca\/cvf\/wp-json\/wp\/v2\/pages\/595\/revisions"}],"predecessor-version":[{"id":834,"href":"https:\/\/www.uqac.ca\/cvf\/wp-json\/wp\/v2\/pages\/595\/revisions\/834"}],"wp:attachment":[{"href":"https:\/\/www.uqac.ca\/cvf\/wp-json\/wp\/v2\/media?parent=595"}],"wp:term":[{"taxonomy":"domaine","embeddable":true,"href":"https:\/\/www.uqac.ca\/cvf\/wp-json\/wp\/v2\/domaine?post=595"}],"curies":[{"name":"wp","href":"https:\/\/api.w.org\/{rel}","templated":true}]}}