{"id":891,"date":"2025-09-29T10:52:40","date_gmt":"2025-09-29T14:52:40","guid":{"rendered":"https:\/\/www.uqac.ca\/cvf\/?page_id=891"},"modified":"2026-02-27T09:47:28","modified_gmt":"2026-02-27T14:47:28","slug":"boite-a-outils","status":"publish","type":"page","link":"https:\/\/www.uqac.ca\/cvf\/boite-a-outils\/","title":{"rendered":"Boite \u00e0 outils"},"content":{"rendered":"<h2>Qu&rsquo;est-ce que la boite \u00e0 outils?<\/h2>\n<p style=\"text-align: left\">Le Centre de valorisation du fran\u00e7ais (CVF) offre \u00e0 la communaut\u00e9 universitaire des ressources r\u00e9pertoriant des erreurs de fran\u00e7ais courantes. Ces derni\u00e8res touchent diff\u00e9rentes facettes de la langue \u00e9crite, telles que la ponctuation ou la syntaxe, et comportent \u00e9galement des pistes de correction, soutenues par des explications et des r\u00e9f\u00e9rences. Les membres du personnel de m\u00eame que les \u00e9tudiantes et les \u00e9tudiants peuvent consulter et t\u00e9l\u00e9charger ces outils. D&rsquo;autres sources, qui servent \u00e0 approfondir leurs connaissances en fran\u00e7ais, leur sont aussi propos\u00e9es. L&rsquo;objectif du CVF est de fournir une boite \u00e0 outils pour la r\u00e9daction de travaux universitaires, de communications, de documents institutionnels, etc.<\/p>\n<p style=\"text-align: left\">D&rsquo;autres liens pertinents pour les \u00e9tudes universitaires se trouvent aussi dans cette boite \u00e0 outils.<\/p>\n<h5><\/h5>\n","protected":false},"excerpt":{"rendered":"<p>Qu&rsquo;est-ce que la boite \u00e0 outils? Le Centre de valorisation du fran\u00e7ais (CVF) offre \u00e0 la communaut\u00e9 universitaire des ressources r\u00e9pertoriant des erreurs de fran\u00e7ais courantes. Ces derni\u00e8res touchent diff\u00e9rentes facettes de la langue \u00e9crite, telles que la ponctuation ou la syntaxe, et comportent \u00e9galement des pistes de correction, soutenues par des explications et des [&hellip;]<\/p>\n","protected":false},"author":12,"featured_media":0,"parent":0,"menu_order":0,"comment_status":"closed","ping_status":"closed","template":"","meta":{"_acf_changed":false,"footnotes":""},"domaine":[],"acf":[],"_links":{"self":[{"href":"https:\/\/www.uqac.ca\/cvf\/wp-json\/wp\/v2\/pages\/891"}],"collection":[{"href":"https:\/\/www.uqac.ca\/cvf\/wp-json\/wp\/v2\/pages"}],"about":[{"href":"https:\/\/www.uqac.ca\/cvf\/wp-json\/wp\/v2\/types\/page"}],"author":[{"embeddable":true,"href":"https:\/\/www.uqac.ca\/cvf\/wp-json\/wp\/v2\/users\/12"}],"replies":[{"embeddable":true,"href":"https:\/\/www.uqac.ca\/cvf\/wp-json\/wp\/v2\/comments?post=891"}],"version-history":[{"count":47,"href":"https:\/\/www.uqac.ca\/cvf\/wp-json\/wp\/v2\/pages\/891\/revisions"}],"predecessor-version":[{"id":1051,"href":"https:\/\/www.uqac.ca\/cvf\/wp-json\/wp\/v2\/pages\/891\/revisions\/1051"}],"wp:attachment":[{"href":"https:\/\/www.uqac.ca\/cvf\/wp-json\/wp\/v2\/media?parent=891"}],"wp:term":[{"taxonomy":"domaine","embeddable":true,"href":"https:\/\/www.uqac.ca\/cvf\/wp-json\/wp\/v2\/domaine?post=891"}],"curies":[{"name":"wp","href":"https:\/\/api.w.org\/{rel}","templated":true}]}}