{"id":5,"date":"2022-04-27T22:27:26","date_gmt":"2022-04-27T20:27:26","guid":{"rendered":"https:\/\/www.uqac.ca\/regie\/?page_id=5"},"modified":"2026-02-09T13:37:57","modified_gmt":"2026-02-09T18:37:57","slug":"accueil","status":"publish","type":"page","link":"https:\/\/www.uqac.ca\/direction\/","title":{"rendered":"Accueil"},"content":{"rendered":"<p>&nbsp;<\/p>\n<h4 style=\"text-align: center;\">La gouvernance de l&rsquo;UQAC est assur\u00e9e gr\u00e2ce \u00e0 l&rsquo;\u00e9troite collaboration de l&rsquo;\u00e9quipe de direction.<\/h4>\n<p>&nbsp;<\/p>\n","protected":false},"excerpt":{"rendered":"<p>&nbsp; La gouvernance de l&rsquo;UQAC est assur\u00e9e gr\u00e2ce \u00e0 l&rsquo;\u00e9troite collaboration de l&rsquo;\u00e9quipe de direction. &nbsp;<\/p>\n","protected":false},"author":1,"featured_media":0,"parent":0,"menu_order":0,"comment_status":"closed","ping_status":"closed","template":"","meta":{"_acf_changed":false,"footnotes":""},"class_list":["post-5","page","type-page","status-publish","hentry"],"acf":[],"_links":{"self":[{"href":"https:\/\/www.uqac.ca\/direction\/wp-json\/wp\/v2\/pages\/5","targetHints":{"allow":["GET"]}}],"collection":[{"href":"https:\/\/www.uqac.ca\/direction\/wp-json\/wp\/v2\/pages"}],"about":[{"href":"https:\/\/www.uqac.ca\/direction\/wp-json\/wp\/v2\/types\/page"}],"author":[{"embeddable":true,"href":"https:\/\/www.uqac.ca\/direction\/wp-json\/wp\/v2\/users\/1"}],"replies":[{"embeddable":true,"href":"https:\/\/www.uqac.ca\/direction\/wp-json\/wp\/v2\/comments?post=5"}],"version-history":[{"count":60,"href":"https:\/\/www.uqac.ca\/direction\/wp-json\/wp\/v2\/pages\/5\/revisions"}],"predecessor-version":[{"id":1000,"href":"https:\/\/www.uqac.ca\/direction\/wp-json\/wp\/v2\/pages\/5\/revisions\/1000"}],"wp:attachment":[{"href":"https:\/\/www.uqac.ca\/direction\/wp-json\/wp\/v2\/media?parent=5"}],"curies":[{"name":"wp","href":"https:\/\/api.w.org\/{rel}","templated":true}]}}