{"id":13,"date":"2025-03-06T19:44:58","date_gmt":"2025-03-06T19:44:58","guid":{"rendered":"https:\/\/www.uqac.ca\/decouvrir\/?page_id=13"},"modified":"2026-03-29T09:05:08","modified_gmt":"2026-03-29T14:05:08","slug":"accueil","status":"publish","type":"page","link":"https:\/\/www.uqac.ca\/etudier\/","title":{"rendered":"Ton avenir est ici"},"content":{"rendered":"<h2 style=\"text-align: center;\"><span style=\"color: #6b8a00;\">Pourquoi choisir l\u2019UQAC?<\/span><\/h2>\n<h4 style=\"text-align: center;\">Pour la proximit\u00e9 avec des professeures et professeurs passionn\u00e9s et accessibles, pour un enseignement de qualit\u00e9 qui vous pr\u00e9pare concr\u00e8tement \u00e0 votre carri\u00e8re. Pour un campus vivant, au c\u0153ur d\u2019une r\u00e9gion aussi belle qu\u2019accueillante. Pour faire partie d\u2019une universit\u00e9 reconnue qui innove, qui contribue \u00e0 la recherche et qui forme des dipl\u00f4m\u00e9es et dipl\u00f4m\u00e9s pr\u00eats \u00e0 changer le monde. Choisir l\u2019UQAC, c\u2019est faire le choix d\u2019un environnement stimulant, humain et \u00e0 votre image.<\/h4>\n<p><img loading=\"lazy\" decoding=\"async\" class=\"wp-image-1954 aligncenter\" src=\"https:\/\/www.uqac.ca\/etudier\/wp-content\/uploads\/2026\/01\/NUM_VisiteVirtuelleH26_Web.png\" alt=\"\" width=\"63\" height=\"53\" \/><\/p>\n<p style=\"text-align: center;\"><a class=\" btn btn-black btn-default btn-icon mdi mdi-near-me\" href=\"https:\/\/www.uqac.ca\/etudier\/visite-virtuelle\/\"><span style=\"vertical-align: inherit;\">Nouveau! Visite virtuelle<\/span><\/a><\/p>\n","protected":false},"excerpt":{"rendered":"<p>Pourquoi choisir l\u2019UQAC? Pour la proximit\u00e9 avec des professeures et professeurs passionn\u00e9s et accessibles, pour un enseignement de qualit\u00e9 qui vous pr\u00e9pare concr\u00e8tement \u00e0 votre carri\u00e8re. Pour un campus vivant, au c\u0153ur d\u2019une r\u00e9gion aussi belle qu\u2019accueillante. Pour faire partie d\u2019une universit\u00e9 reconnue qui innove, qui contribue \u00e0 la recherche et qui forme des dipl\u00f4m\u00e9es [&hellip;]<\/p>\n","protected":false},"author":3,"featured_media":704,"parent":0,"menu_order":0,"comment_status":"closed","ping_status":"closed","template":"","meta":{"_acf_changed":false,"footnotes":""},"class_list":["post-13","page","type-page","status-publish","has-post-thumbnail","hentry"],"acf":[],"_links":{"self":[{"href":"https:\/\/www.uqac.ca\/etudier\/wp-json\/wp\/v2\/pages\/13","targetHints":{"allow":["GET"]}}],"collection":[{"href":"https:\/\/www.uqac.ca\/etudier\/wp-json\/wp\/v2\/pages"}],"about":[{"href":"https:\/\/www.uqac.ca\/etudier\/wp-json\/wp\/v2\/types\/page"}],"author":[{"embeddable":true,"href":"https:\/\/www.uqac.ca\/etudier\/wp-json\/wp\/v2\/users\/3"}],"replies":[{"embeddable":true,"href":"https:\/\/www.uqac.ca\/etudier\/wp-json\/wp\/v2\/comments?post=13"}],"version-history":[{"count":98,"href":"https:\/\/www.uqac.ca\/etudier\/wp-json\/wp\/v2\/pages\/13\/revisions"}],"predecessor-version":[{"id":2082,"href":"https:\/\/www.uqac.ca\/etudier\/wp-json\/wp\/v2\/pages\/13\/revisions\/2082"}],"wp:featuredmedia":[{"embeddable":true,"href":"https:\/\/www.uqac.ca\/etudier\/wp-json\/wp\/v2\/media\/704"}],"wp:attachment":[{"href":"https:\/\/www.uqac.ca\/etudier\/wp-json\/wp\/v2\/media?parent=13"}],"curies":[{"name":"wp","href":"https:\/\/api.w.org\/{rel}","templated":true}]}}