{"id":305,"date":"2025-07-07T21:19:41","date_gmt":"2025-07-08T02:19:41","guid":{"rendered":"https:\/\/www.uqac.ca\/decouvrir\/?page_id=305"},"modified":"2026-01-22T13:46:32","modified_gmt":"2026-01-22T18:46:32","slug":"immersion","status":"publish","type":"page","link":"https:\/\/www.uqac.ca\/etudier\/accueil\/accompagnement\/immersion\/","title":{"rendered":"Immersion d&rsquo;un jour"},"content":{"rendered":"<h4 data-start=\"66\" data-end=\"145\"><span style=\"color: #6b8a00;\">Envie de vivre pleinement l\u2019exp\u00e9rience universitaire?<\/span><\/h4>\n<p data-start=\"147\" data-end=\"499\">L\u2019UQAC vous offre la possibilit\u00e9 de vivre une immersion d\u2019un jour, en pr\u00e9sence ou \u00e0 distance. Il s\u2019agit d\u2019une visite personnalis\u00e9e, planifi\u00e9e en fonction de vos int\u00e9r\u00eats, de l\u2019offre de cours et de la disponibilit\u00e9 des responsables de programmes. L\u2019horaire, le contenu et le d\u00e9roulement de l\u2019activit\u00e9 sont d\u00e9finis en collaboration avec vous.<\/p>\n<p data-start=\"501\" data-end=\"608\">Ces visites s\u2019adressent aux personnes \u00e9tudiantes de niveau coll\u00e9gial, universitaire ou en reprise d\u2019\u00e9tudes.<\/p>\n<h6 data-start=\"610\" data-end=\"655\">Voici un aper\u00e7u de ce qui vous attend :<\/h6>\n<ul data-start=\"656\" data-end=\"840\">\n<li data-start=\"656\" data-end=\"682\">\n<p data-start=\"658\" data-end=\"682\">Pr\u00e9sentation de l\u2019UQAC<\/p>\n<\/li>\n<li data-start=\"683\" data-end=\"740\">\n<p data-start=\"685\" data-end=\"740\">Visite guid\u00e9e des diff\u00e9rentes installations du campus<\/p>\n<\/li>\n<li data-start=\"741\" data-end=\"778\">\n<p data-start=\"743\" data-end=\"778\">Possibilit\u00e9 d\u2019assister \u00e0 un cours<\/p>\n<\/li>\n<li data-start=\"779\" data-end=\"840\">\n<p data-start=\"781\" data-end=\"840\">Rencontre avec la direction ou la coordination du programme<\/p>\n<\/li>\n<\/ul>\n<h6 data-start=\"842\" data-end=\"857\">\u00c0 noter :<\/h6>\n<ul data-start=\"858\" data-end=\"1011\">\n<li data-start=\"858\" data-end=\"947\">\n<p data-start=\"860\" data-end=\"947\">La demande doit \u00eatre effectu\u00e9e au moins cinq \u00e0 10 jours ouvrables avant la date souhait\u00e9e.<\/p>\n<\/li>\n<li data-start=\"948\" data-end=\"1011\">\n<p data-start=\"950\" data-end=\"1011\">Un remboursement des frais de transport peut \u00eatre possible.<\/p>\n<\/li>\n<\/ul>\n<p>&nbsp;<\/p>\n<h5 style=\"text-align: left;\">Pr\u00eat \u00e0 planifier votre immersion? Remplissez le formulaire d\u00e8s maintenant!<\/h5>\n<h6><\/h6>\n","protected":false},"excerpt":{"rendered":"<p>Envie de vivre pleinement l\u2019exp\u00e9rience universitaire? L\u2019UQAC vous offre la possibilit\u00e9 de vivre une immersion d\u2019un jour, en pr\u00e9sence ou \u00e0 distance. Il s\u2019agit d\u2019une visite personnalis\u00e9e, planifi\u00e9e en fonction de vos int\u00e9r\u00eats, de l\u2019offre de cours et de la disponibilit\u00e9 des responsables de programmes. L\u2019horaire, le contenu et le d\u00e9roulement de l\u2019activit\u00e9 sont d\u00e9finis [&hellip;]<\/p>\n","protected":false},"author":10,"featured_media":1927,"parent":19,"menu_order":0,"comment_status":"closed","ping_status":"closed","template":"","meta":{"_acf_changed":false,"footnotes":""},"class_list":["post-305","page","type-page","status-publish","has-post-thumbnail","hentry"],"acf":[],"_links":{"self":[{"href":"https:\/\/www.uqac.ca\/etudier\/wp-json\/wp\/v2\/pages\/305","targetHints":{"allow":["GET"]}}],"collection":[{"href":"https:\/\/www.uqac.ca\/etudier\/wp-json\/wp\/v2\/pages"}],"about":[{"href":"https:\/\/www.uqac.ca\/etudier\/wp-json\/wp\/v2\/types\/page"}],"author":[{"embeddable":true,"href":"https:\/\/www.uqac.ca\/etudier\/wp-json\/wp\/v2\/users\/10"}],"replies":[{"embeddable":true,"href":"https:\/\/www.uqac.ca\/etudier\/wp-json\/wp\/v2\/comments?post=305"}],"version-history":[{"count":8,"href":"https:\/\/www.uqac.ca\/etudier\/wp-json\/wp\/v2\/pages\/305\/revisions"}],"predecessor-version":[{"id":1947,"href":"https:\/\/www.uqac.ca\/etudier\/wp-json\/wp\/v2\/pages\/305\/revisions\/1947"}],"up":[{"embeddable":true,"href":"https:\/\/www.uqac.ca\/etudier\/wp-json\/wp\/v2\/pages\/19"}],"wp:featuredmedia":[{"embeddable":true,"href":"https:\/\/www.uqac.ca\/etudier\/wp-json\/wp\/v2\/media\/1927"}],"wp:attachment":[{"href":"https:\/\/www.uqac.ca\/etudier\/wp-json\/wp\/v2\/media?parent=305"}],"curies":[{"name":"wp","href":"https:\/\/api.w.org\/{rel}","templated":true}]}}