{"id":105,"date":"2017-03-30T11:00:21","date_gmt":"2017-03-30T15:00:21","guid":{"rendered":"http:\/\/www.uqac.ca\/farzaneh\/?page_id=105"},"modified":"2025-10-23T10:51:56","modified_gmt":"2025-10-23T14:51:56","slug":"appel-aux-candidatures","status":"publish","type":"page","link":"https:\/\/www.uqac.ca\/farzaneh\/appel-aux-candidatures\/","title":{"rendered":"Appel de candidatures"},"content":{"rendered":"<p>La p\u00e9riode de candidature pour l&rsquo;\u00e9dition 2026 du Prix Masoud Farzaneh se termine \u00e0 <strong>minuit (EST) le 31 mars 2026<\/strong>.<\/p>\n<p>Le dossier de candidature, en format PDF, doit \u00eatre envoy\u00e9 par courriel \u00e0 la doyenne de la recherche, de la cr\u00e9ation et de l&rsquo;innovation de l&rsquo;Universit\u00e9 du Qu\u00e9bec \u00e0 Chicoutimi \u00e0 <a href=\"mailto:DRC_direction@uqac.ca\">DRC_direction@uqac.ca<\/a>. Un accus\u00e9-r\u00e9ception sera transmis d\u00e8s que la candidature aura \u00e9t\u00e9 re\u00e7ue.<\/p>\n<h5><strong>Processus de la mise en candidature<\/strong><\/h5>\n<p>La nomination doit \u00eatre faite par une personne famili\u00e8re avec les contributions du candidat ou de la candidate. Une personne ne peut pas se pr\u00e9senter elle-m\u00eame. <strong>Le dossier de candidature doit comprendre les documents suivants\u00a0<\/strong>:<\/p>\n<ol>\n<li>Une lettre de pr\u00e9sentation de la part de la personne soumettant le dossier comprenant des arguments convaincants et justifiant les qualifications du candidat ou de la candidate pour ce prix;<\/li>\n<li>Un curriculum vitae d\u00e9taill\u00e9 couvrant l&rsquo;ensemble de la carri\u00e8re du candidat ou de la candidate;<\/li>\n<li>Une lettre d&rsquo;attestation du candidat ou de la candidate acceptant la nomination pour le prix et s&rsquo;engageant \u00e0 assister \u00e0 la c\u00e9r\u00e9monie de remise du prix si la nomination est retenue.<\/li>\n<\/ol>\n","protected":false},"excerpt":{"rendered":"<p>La p\u00e9riode de candidature pour l&rsquo;\u00e9dition 2026 du Prix Masoud Farzaneh se termine \u00e0 minuit (EST) le 31 mars 2026. Le dossier de candidature, en format PDF, doit \u00eatre envoy\u00e9 par courriel \u00e0 la doyenne de la recherche, de la cr\u00e9ation et de l&rsquo;innovation de l&rsquo;Universit\u00e9 du Qu\u00e9bec \u00e0 Chicoutimi \u00e0 DRC_direction@uqac.ca. Un accus\u00e9-r\u00e9ception sera &hellip; <a href=\"https:\/\/www.uqac.ca\/farzaneh\/appel-aux-candidatures\/\" class=\"more-link\">Continuer la lecture de <span class=\"screen-reader-text\">Appel de candidatures<\/span>  <span class=\"meta-nav\">&rarr;<\/span><\/a><\/p>\n","protected":false},"author":1,"featured_media":18,"parent":0,"menu_order":0,"comment_status":"closed","ping_status":"closed","template":"","meta":{"footnotes":""},"_links":{"self":[{"href":"https:\/\/www.uqac.ca\/farzaneh\/wp-json\/wp\/v2\/pages\/105"}],"collection":[{"href":"https:\/\/www.uqac.ca\/farzaneh\/wp-json\/wp\/v2\/pages"}],"about":[{"href":"https:\/\/www.uqac.ca\/farzaneh\/wp-json\/wp\/v2\/types\/page"}],"author":[{"embeddable":true,"href":"https:\/\/www.uqac.ca\/farzaneh\/wp-json\/wp\/v2\/users\/1"}],"replies":[{"embeddable":true,"href":"https:\/\/www.uqac.ca\/farzaneh\/wp-json\/wp\/v2\/comments?post=105"}],"version-history":[{"count":21,"href":"https:\/\/www.uqac.ca\/farzaneh\/wp-json\/wp\/v2\/pages\/105\/revisions"}],"predecessor-version":[{"id":341,"href":"https:\/\/www.uqac.ca\/farzaneh\/wp-json\/wp\/v2\/pages\/105\/revisions\/341"}],"wp:featuredmedia":[{"embeddable":true,"href":"https:\/\/www.uqac.ca\/farzaneh\/wp-json\/wp\/v2\/media\/18"}],"wp:attachment":[{"href":"https:\/\/www.uqac.ca\/farzaneh\/wp-json\/wp\/v2\/media?parent=105"}],"curies":[{"name":"wp","href":"https:\/\/api.w.org\/{rel}","templated":true}]}}