{"id":13,"date":"2016-12-21T21:32:27","date_gmt":"2016-12-21T20:32:27","guid":{"rendered":"http:\/\/www.uqac.ca\/farzaneh\/?page_id=13"},"modified":"2025-10-16T14:15:26","modified_gmt":"2025-10-16T18:15:26","slug":"description","status":"publish","type":"page","link":"https:\/\/www.uqac.ca\/farzaneh\/","title":{"rendered":"Le prix Masoud Farzaneh"},"content":{"rendered":"<p><img loading=\"lazy\" decoding=\"async\" class=\"alignright size-full wp-image-209\" src=\"https:\/\/www.uqac.ca\/farzaneh\/wp-content\/uploads\/2016\/12\/farzaneh.jpg\" alt=\"\" width=\"227\" height=\"300\" \/>En 2010, l\u2019Universit\u00e9 du Qu\u00e9bec \u00e0 Chicoutimi (UQAC) a cr\u00e9\u00e9 le prix Masoud Farzaneh en l\u2019honneur du professeur Masoud Farzaneh, un chercheur de renomm\u00e9e internationale dans le domaine du transport et de la distribution de l\u2019\u00e9nergie \u00e9lectrique dans les r\u00e9gions au climat froid, pour sa contribution extraordinaire qui a permis \u00e0 l\u2019UQAC de devenir un chef de file dans ce champ de recherche.<\/p>\n<p>Le prix a \u00e9t\u00e9 d\u00e9cern\u00e9 chaque ann\u00e9e jusqu&rsquo;en 2017, et \u00e0 tous les deux ans par la suite afin de r\u00e9compenser les r\u00e9alisations d&rsquo;une personne ayant un parcours professionnel exceptionnel de plus de 15 ans en recherche et d\u00e9veloppement, en ing\u00e9nierie ou en innovation dans le domaine de l&rsquo;ing\u00e9nierie des r\u00e9seaux \u00e9lectriques a\u00e9riens. La priorit\u00e9 sera accord\u00e9e \u00e0 une personne dont les travaux prennent en compte les effets du givrage atmosph\u00e9rique. Dans le processus d&rsquo;\u00e9valuation, les crit\u00e8res de s\u00e9lection suivants sont pris en compte: l&rsquo;importance et l&rsquo;impact de la recherche, l&rsquo;originalit\u00e9, le leadership et la qualit\u00e9 de la nomination.<\/p>\n<p>La c\u00e9r\u00e9monie de remise du Prix Masoud Farzaneh 2026 aura lieu lors du <em>International Workshop on Atmospheric Icing of Structures<\/em> (IWAIS 2026), qui se tiendra au Japon en ao\u00fbt 2026.<\/p>\n","protected":false},"excerpt":{"rendered":"<p>En 2010, l\u2019Universit\u00e9 du Qu\u00e9bec \u00e0 Chicoutimi (UQAC) a cr\u00e9\u00e9 le prix Masoud Farzaneh en l\u2019honneur du professeur Masoud Farzaneh, un chercheur de renomm\u00e9e internationale dans le domaine du transport et de la distribution de l\u2019\u00e9nergie \u00e9lectrique dans les r\u00e9gions au climat froid, pour sa contribution extraordinaire qui a permis \u00e0 l\u2019UQAC de devenir un &hellip; <a href=\"https:\/\/www.uqac.ca\/farzaneh\/\" class=\"more-link\">Continuer la lecture de <span class=\"screen-reader-text\">Le prix Masoud Farzaneh<\/span>  <span class=\"meta-nav\">&rarr;<\/span><\/a><\/p>\n","protected":false},"author":1,"featured_media":18,"parent":0,"menu_order":0,"comment_status":"closed","ping_status":"closed","template":"","meta":{"footnotes":""},"_links":{"self":[{"href":"https:\/\/www.uqac.ca\/farzaneh\/wp-json\/wp\/v2\/pages\/13"}],"collection":[{"href":"https:\/\/www.uqac.ca\/farzaneh\/wp-json\/wp\/v2\/pages"}],"about":[{"href":"https:\/\/www.uqac.ca\/farzaneh\/wp-json\/wp\/v2\/types\/page"}],"author":[{"embeddable":true,"href":"https:\/\/www.uqac.ca\/farzaneh\/wp-json\/wp\/v2\/users\/1"}],"replies":[{"embeddable":true,"href":"https:\/\/www.uqac.ca\/farzaneh\/wp-json\/wp\/v2\/comments?post=13"}],"version-history":[{"count":18,"href":"https:\/\/www.uqac.ca\/farzaneh\/wp-json\/wp\/v2\/pages\/13\/revisions"}],"predecessor-version":[{"id":329,"href":"https:\/\/www.uqac.ca\/farzaneh\/wp-json\/wp\/v2\/pages\/13\/revisions\/329"}],"wp:featuredmedia":[{"embeddable":true,"href":"https:\/\/www.uqac.ca\/farzaneh\/wp-json\/wp\/v2\/media\/18"}],"wp:attachment":[{"href":"https:\/\/www.uqac.ca\/farzaneh\/wp-json\/wp\/v2\/media?parent=13"}],"curies":[{"name":"wp","href":"https:\/\/api.w.org\/{rel}","templated":true}]}}