{"id":167,"date":"2020-09-17T11:24:13","date_gmt":"2020-09-17T15:24:13","guid":{"rendered":"http:\/\/www.uqac.ca\/farzaneh\/?page_id=167"},"modified":"2020-09-17T11:33:18","modified_gmt":"2020-09-17T15:33:18","slug":"arni-jon-eliasson","status":"publish","type":"page","link":"https:\/\/www.uqac.ca\/farzaneh\/laureats-precedents\/arni-jon-eliasson\/","title":{"rendered":"\u00c1rni J\u00f3n El\u00edasson"},"content":{"rendered":"<hr \/>\n<p>Pour sa contribution \u00e0 la compr\u00e9hension<br \/>\ndu givrage atmosph\u00e9rique et<br \/>\nde ses effets sur les structures<\/p>\n<hr \/>\n<p>\u00c1rni J\u00f3n El\u00edasson est un g\u00e9ographe poss\u00e9dant plus de 40 ans d&rsquo;exp\u00e9rience professionnelle dans la recherche et l&rsquo;\u00e9tude des param\u00e8tres naturels du vent et de la charge de glace sur les structures expos\u00e9es.<\/p>\n<p>Il a \u00e9tabli et dirige un programme de recherche sur le givrage pour les entreprises \u00e9nerg\u00e9tiques islandaises depuis 1977. Ce projet a abouti \u00e0 la cr\u00e9ation d&rsquo;une base de donn\u00e9es avec une s\u00e9rie chronologique exceptionnellement longue sur un r\u00e9seau dense de sections d\u2019essais. Le programme comprend \u00e9galement une base de donn\u00e9es unique sur l&rsquo;enregistrement syst\u00e9matique de mesures de<br \/>\ngivrage sur les lignes \u00e9lectriques a\u00e9riennes en service.<\/p>\n<p>Les donn\u00e9es du programme islandais de recherche et de mesures sur le terrain ont fait l\u2019objet de publications internationales et servent de base de donn\u00e9es de r\u00e9f\u00e9rence pour affiner les mod\u00e8les th\u00e9oriques de givrage, en particulier pour l\u2019accumulation de neige mouill\u00e9e, ainsi que pour am\u00e9liorer les normes et les codes de conception internationaux.<\/p>\n<p>M. Eliasson participe activement \u00e0 l\u2019IWAIS depuis 30 ans et, avec ses coll\u00e8gues, a pr\u00e9sent\u00e9 plus de 25 articles scientifiques sur le givrage atmosph\u00e9rique. Il a \u00e9galement \u00e9t\u00e9 actif dans d&rsquo;autres activit\u00e9s internationales, telles que IEC et CIGRE.<\/p>\n<p>Il a organis\u00e9 la 8e conf\u00e9rence IWAIS tenue en Islande en 1998 et a pr\u00e9sid\u00e9 le Comit\u00e9 consultatif international IWAIS de 1998 \u00e0 2000. Il a \u00e9galement organis\u00e9 la 18e conf\u00e9rence IWAIS \u00e0 Reykjavik, la seconde tenue en Islande.<\/p>\n","protected":false},"excerpt":{"rendered":"<p>Pour sa contribution \u00e0 la compr\u00e9hension du givrage atmosph\u00e9rique et de ses effets sur les structures \u00c1rni J\u00f3n El\u00edasson est un g\u00e9ographe poss\u00e9dant plus de 40 ans d&rsquo;exp\u00e9rience professionnelle dans la recherche et l&rsquo;\u00e9tude des param\u00e8tres naturels du vent et de la charge de glace sur les structures expos\u00e9es. Il a \u00e9tabli et dirige un &hellip; <a href=\"https:\/\/www.uqac.ca\/farzaneh\/laureats-precedents\/arni-jon-eliasson\/\" class=\"more-link\">Continuer la lecture de <span class=\"screen-reader-text\">\u00c1rni J\u00f3n El\u00edasson<\/span>  <span class=\"meta-nav\">&rarr;<\/span><\/a><\/p>\n","protected":false},"author":1,"featured_media":169,"parent":39,"menu_order":0,"comment_status":"closed","ping_status":"closed","template":"","meta":{"footnotes":""},"_links":{"self":[{"href":"https:\/\/www.uqac.ca\/farzaneh\/wp-json\/wp\/v2\/pages\/167"}],"collection":[{"href":"https:\/\/www.uqac.ca\/farzaneh\/wp-json\/wp\/v2\/pages"}],"about":[{"href":"https:\/\/www.uqac.ca\/farzaneh\/wp-json\/wp\/v2\/types\/page"}],"author":[{"embeddable":true,"href":"https:\/\/www.uqac.ca\/farzaneh\/wp-json\/wp\/v2\/users\/1"}],"replies":[{"embeddable":true,"href":"https:\/\/www.uqac.ca\/farzaneh\/wp-json\/wp\/v2\/comments?post=167"}],"version-history":[{"count":1,"href":"https:\/\/www.uqac.ca\/farzaneh\/wp-json\/wp\/v2\/pages\/167\/revisions"}],"predecessor-version":[{"id":168,"href":"https:\/\/www.uqac.ca\/farzaneh\/wp-json\/wp\/v2\/pages\/167\/revisions\/168"}],"up":[{"embeddable":true,"href":"https:\/\/www.uqac.ca\/farzaneh\/wp-json\/wp\/v2\/pages\/39"}],"wp:featuredmedia":[{"embeddable":true,"href":"https:\/\/www.uqac.ca\/farzaneh\/wp-json\/wp\/v2\/media\/169"}],"wp:attachment":[{"href":"https:\/\/www.uqac.ca\/farzaneh\/wp-json\/wp\/v2\/media?parent=167"}],"curies":[{"name":"wp","href":"https:\/\/api.w.org\/{rel}","templated":true}]}}