{"id":258,"date":"2024-06-20T13:20:59","date_gmt":"2024-06-20T17:20:59","guid":{"rendered":"https:\/\/www.uqac.ca\/farzaneh\/?page_id=258"},"modified":"2024-06-20T15:04:42","modified_gmt":"2024-06-20T19:04:42","slug":"gelareh-momen-ph-d","status":"publish","type":"page","link":"https:\/\/www.uqac.ca\/farzaneh\/gelareh-momen-ph-d\/","title":{"rendered":"Gelareh Momen, Ph. D."},"content":{"rendered":"<hr \/>\n<p><strong>Pour sa contribution \u00e0 l&rsquo;\u00e9laboration de rev\u00eatements antigivre et autonettoyant pour isolateurs<\/strong><\/p>\n<hr \/>\n<p>Dr. Gelareh Momen, ing., est une chercheuse \u00e9minente, titulaire de la Chaire Institutionnelle sur les Mat\u00e9riaux Antigivre Innovants (CIMAGI) et professeure titulaire \u00e0 l&rsquo;Universit\u00e9 du Qu\u00e9bec \u00e0 Chicoutimi (UQAC), Canada. Elle dirige \u00e9galement le Laboratoire International sur les Mat\u00e9riaux Antigivre (LIMA). Sp\u00e9cialiste reconnue dans le d\u00e9veloppement de rev\u00eatements antigivre novateurs, elle collabore avec de nombreux chercheurs internationaux pour r\u00e9soudre les probl\u00e9matiques li\u00e9es au givrage atmosph\u00e9rique.<\/p>\n<p>Originaire de Hamdan, en Iran, Dr. Momen est titulaire d&rsquo;un dipl\u00f4me d&rsquo;ing\u00e9nieure chimique de l&rsquo;Universit\u00e9 Technologique de Sharif, d&rsquo;une ma\u00eetrise en g\u00e9nie des proc\u00e9d\u00e9s de la Polytechnique de T\u00e9h\u00e9ran, et d&rsquo;un doctorat en g\u00e9nie des proc\u00e9d\u00e9s de l&rsquo;Universit\u00e9 Paris XIII. Elle est membre de l&rsquo;Ordre des ing\u00e9nieurs du Qu\u00e9bec.<\/p>\n<p>Apr\u00e8s une br\u00e8ve incursion comme chercheure post-doctorale et professeure chercheure sous octroi \u00e0 l&rsquo;UQAC au d\u00e9partement des sciences appliqu\u00e9es, elle a jou\u00e9 un r\u00f4le essentiel en tant que scientifique en recherche et d\u00e9veloppement au Centre de Finition Global (GCC) de Bombardier \u00e0 Montr\u00e9al. Dans ce cadre, elle a collabor\u00e9 \u00e9troitement avec divers partenaires acad\u00e9miques et industriels. Elle a ensuite rejoint le corps professoral du d\u00e9partement des sciences appliqu\u00e9es de l&rsquo;UQAC comme professeure r\u00e9guli\u00e8re en g\u00e9nie m\u00e9canique en 2016, avant de devenir professeure titulaire. Elle y dispense des cours \u00e0 tous les cycles du g\u00e9nie et a supervis\u00e9 plus d&rsquo;une trentaine d&rsquo;\u00e9tudiants.<\/p>\n<p>Son travail de recherche novateur s&rsquo;est concentr\u00e9 sur le d\u00e9veloppement de solutions pratiques pour prot\u00e9ger les infrastructures critiques, telles que les r\u00e9seaux \u00e9lectriques, les avions et les navires maritimes, contre les effets n\u00e9fastes du givre atmosph\u00e9rique et de la corrosion. Elle a dirig\u00e9 plusieurs projets de recherche, utilisant ses comp\u00e9tences approfondies pour d\u00e9velopper des approches innovantes et originales.<\/p>\n<p>Au cours de sa carri\u00e8re, Dr. Momen a r\u00e9ussi \u00e0 s\u00e9curiser des financements substantiels, tant du secteur priv\u00e9 que public. Ses r\u00e9alisations t\u00e9moignent de sa capacit\u00e9 exceptionnelle \u00e0 attirer un soutien financier pour des projets caract\u00e9ris\u00e9s par la cr\u00e9ativit\u00e9 et l&rsquo;originalit\u00e9.<\/p>\n<p>En outre, Dr. Momen a contribu\u00e9 au d\u00e9veloppement de plusieurs types de rev\u00eatements antigivre en s&rsquo;inspirant de la nature, d\u00e9montrant ainsi sa capacit\u00e9 \u00e0 innover dans des domaines cruciaux pour la s\u00e9curit\u00e9 et la performance des infrastructures.<\/p>\n<p>Auteure prolifique, les contributions de Dr. Momen s&rsquo;\u00e9tendent \u00e0 plus de 150 publications universitaires, comptant plus de 3200 citations et un indice h de 30 sur Google Scholar. Sa r\u00e9putation internationale en tant qu&rsquo;experte dans son domaine refl\u00e8te son engagement continu envers l&rsquo;avancement de la recherche scientifique et son d\u00e9vouement \u00e0 r\u00e9soudre les d\u00e9fis technologiques les plus pressants de notre \u00e9poque. Sous la direction de Dr. Gelareh Momen, les activit\u00e9s de recherche ont g\u00e9n\u00e9r\u00e9 une multitude de nouvelles informations, consolidant l&rsquo;UQAC en tant que leader mondial dans le domaine des mat\u00e9riaux antigivre innovants.<\/p>\n","protected":false},"excerpt":{"rendered":"<p>Pour sa contribution \u00e0 l&rsquo;\u00e9laboration de rev\u00eatements antigivre et autonettoyant pour isolateurs Dr. Gelareh Momen, ing., est une chercheuse \u00e9minente, titulaire de la Chaire Institutionnelle sur les Mat\u00e9riaux Antigivre Innovants (CIMAGI) et professeure titulaire \u00e0 l&rsquo;Universit\u00e9 du Qu\u00e9bec \u00e0 Chicoutimi (UQAC), Canada. Elle dirige \u00e9galement le Laboratoire International sur les Mat\u00e9riaux Antigivre (LIMA). Sp\u00e9cialiste reconnue &hellip; <a href=\"https:\/\/www.uqac.ca\/farzaneh\/gelareh-momen-ph-d\/\" class=\"more-link\">Continuer la lecture de <span class=\"screen-reader-text\">Gelareh Momen, Ph. D.<\/span>  <span class=\"meta-nav\">&rarr;<\/span><\/a><\/p>\n","protected":false},"author":8,"featured_media":266,"parent":0,"menu_order":0,"comment_status":"closed","ping_status":"closed","template":"","meta":{"footnotes":""},"_links":{"self":[{"href":"https:\/\/www.uqac.ca\/farzaneh\/wp-json\/wp\/v2\/pages\/258"}],"collection":[{"href":"https:\/\/www.uqac.ca\/farzaneh\/wp-json\/wp\/v2\/pages"}],"about":[{"href":"https:\/\/www.uqac.ca\/farzaneh\/wp-json\/wp\/v2\/types\/page"}],"author":[{"embeddable":true,"href":"https:\/\/www.uqac.ca\/farzaneh\/wp-json\/wp\/v2\/users\/8"}],"replies":[{"embeddable":true,"href":"https:\/\/www.uqac.ca\/farzaneh\/wp-json\/wp\/v2\/comments?post=258"}],"version-history":[{"count":1,"href":"https:\/\/www.uqac.ca\/farzaneh\/wp-json\/wp\/v2\/pages\/258\/revisions"}],"predecessor-version":[{"id":259,"href":"https:\/\/www.uqac.ca\/farzaneh\/wp-json\/wp\/v2\/pages\/258\/revisions\/259"}],"wp:featuredmedia":[{"embeddable":true,"href":"https:\/\/www.uqac.ca\/farzaneh\/wp-json\/wp\/v2\/media\/266"}],"wp:attachment":[{"href":"https:\/\/www.uqac.ca\/farzaneh\/wp-json\/wp\/v2\/media?parent=258"}],"curies":[{"name":"wp","href":"https:\/\/api.w.org\/{rel}","templated":true}]}}