{"id":39,"date":"2016-12-21T22:20:38","date_gmt":"2016-12-21T21:20:38","guid":{"rendered":"http:\/\/www.uqac.ca\/farzaneh\/?page_id=39"},"modified":"2024-06-20T15:47:28","modified_gmt":"2024-06-20T19:47:28","slug":"laureats-precedents","status":"publish","type":"page","link":"https:\/\/www.uqac.ca\/farzaneh\/laureats-precedents\/","title":{"rendered":"Laur\u00e9ats pr\u00e9c\u00e9dents"},"content":{"rendered":"<p><em>(Cliquer sur le nom pour d\u00e9tails)<\/em><\/p>\n<p>2024<br \/>\n<span style=\"font-size: 12.0pt; color: black;\"><a href=\"https:\/\/www.uqac.ca\/farzaneh\/igor-gutman-ph-d\/\"><strong>Igor Gutman<\/strong><\/a><br \/>\n<\/span><span style=\"font-size: 12.0pt; color: black;\">Directeur marketing et expert principal en isolation<br \/>\n<\/span><span style=\"font-size: 12.0pt; color: black;\">Independent Insulation Group<br \/>\n<\/span><span style=\"font-size: 12.0pt; color: black;\">Su\u00e8de<\/span><\/p>\n<p><span style=\"font-size: 12.0pt; color: black;\"><a href=\"https:\/\/www.uqac.ca\/farzaneh\/gelareh-momen-ph-d\/\"><strong>Gelareh Momen<\/strong><\/a><br \/>\n<\/span><span style=\"font-size: 12.0pt; color: black;\">Professeure<br \/>\n<\/span><span style=\"font-size: 12.0pt; color: black;\">Universit\u00e9 du Qu\u00e9bec \u00e0 Chicoutimi<br \/>\n<\/span><span style=\"font-size: 12.0pt; color: black;\">Canada<\/span><\/p>\n<p><span style=\"font-size: 12.0pt; color: black;\">2022<br \/>\n<\/span><span style=\"font-size: 12.0pt; color: black;\"><strong><a href=\"https:\/\/www.uqac.ca\/farzaneh\/index.php\/pierre-van-dyke-ph-d\/\">Pierre Van Dyke<\/a><\/strong><br \/>\n<\/span><span style=\"font-size: 12.0pt; color: black;\">Gestionnaire de projet et chercheur<br \/>\n<\/span><span style=\"font-size: 12.0pt; color: black;\">Institut de recherche d&rsquo;Hydro-Qu\u00e9bec (IREQ)<br \/>\n<\/span><span style=\"font-size: 12.0pt; color: black;\">Canada<\/span><\/p>\n<p>2019<br \/>\n<strong><a href=\"https:\/\/www.uqac.ca\/farzaneh\/index.php\/arni-jon-eliasson\/\">\u00c1rni J\u00f3n El\u00edasson<\/a><\/strong><br \/>\nGestionnaire de projet et chercheur<br \/>\nLandsnet<br \/>\nIslande<\/p>\n<p>2017<br \/>\n<a href=\"https:\/\/www.uqac.ca\/farzaneh\/index.php\/laureats-precedents\/jiang\/\"><strong>Xingliang Jiang<\/strong><\/a><br \/>\nProfesseur<br \/>\nUniversit\u00e9 de Chongging<br \/>\nChine<\/p>\n<p>2016<br \/>\n<a href=\"https:\/\/www.uqac.ca\/farzaneh\/index.php\/laureats-precedents\/mcclure\/\"><strong>Ghislaine McCLure<\/strong><\/a><br \/>\nProfesseur<br \/>\nUniversit\u00e9 McGill<br \/>\nCanada<\/p>\n<p>2015<br \/>\n<a href=\"https:\/\/www.uqac.ca\/farzaneh\/index.php\/laureats-precedents\/makkonen\/\"><strong>Lasse Makkonen<\/strong><\/a><br \/>\nChercheur principal<br \/>\nTechnical Research Center (VTT)<br \/>\nFinlande<\/p>\n<p>2014<br \/>\n<a href=\"https:\/\/www.uqac.ca\/farzaneh\/index.php\/laureats-precedents\/chisholm\/\"><strong>William A. Chisholm<\/strong><\/a><br \/>\nConsultant international<br \/>\nCanada<\/p>\n<p>2013<br \/>\n<a href=\"https:\/\/www.uqac.ca\/farzaneh\/index.php\/laureats-precedents\/fikke\/\"><strong>Svein M. Fikke<\/strong><\/a><br \/>\nConsultant international<br \/>\nNorv\u00e8ge<\/p>\n<p>2012<br \/>\n<a href=\"https:\/\/www.uqac.ca\/farzaneh\/index.php\/laureats-precedents\/cherney\/\"><strong>Edward A. Cherry<\/strong><\/a><br \/>\nProfesseur associ\u00e9<br \/>\nUniversit\u00e9 de Waterloo<br \/>\nCanada<\/p>\n<p>2011<br \/>\n<a href=\"https:\/\/www.uqac.ca\/farzaneh\/index.php\/laureats-precedents\/srivastava\/\"><strong>K.D. Srivastava<\/strong><\/a><br \/>\nProfesseur \u00e9m\u00e9rite<br \/>\nUniversit\u00e9 de la Colombie-Britannique (UBC)<br \/>\nCanada<\/p>\n","protected":false},"excerpt":{"rendered":"<p>(Cliquer sur le nom pour d\u00e9tails) 2024 Igor Gutman Directeur marketing et expert principal en isolation Independent Insulation Group Su\u00e8de Gelareh Momen Professeure Universit\u00e9 du Qu\u00e9bec \u00e0 Chicoutimi Canada 2022 Pierre Van Dyke Gestionnaire de projet et chercheur Institut de recherche d&rsquo;Hydro-Qu\u00e9bec (IREQ) Canada 2019 \u00c1rni J\u00f3n El\u00edasson Gestionnaire de projet et chercheur Landsnet Islande &hellip; <a href=\"https:\/\/www.uqac.ca\/farzaneh\/laureats-precedents\/\" class=\"more-link\">Continuer la lecture de <span class=\"screen-reader-text\">Laur\u00e9ats pr\u00e9c\u00e9dents<\/span>  <span class=\"meta-nav\">&rarr;<\/span><\/a><\/p>\n","protected":false},"author":1,"featured_media":18,"parent":0,"menu_order":0,"comment_status":"closed","ping_status":"closed","template":"","meta":{"footnotes":""},"_links":{"self":[{"href":"https:\/\/www.uqac.ca\/farzaneh\/wp-json\/wp\/v2\/pages\/39"}],"collection":[{"href":"https:\/\/www.uqac.ca\/farzaneh\/wp-json\/wp\/v2\/pages"}],"about":[{"href":"https:\/\/www.uqac.ca\/farzaneh\/wp-json\/wp\/v2\/types\/page"}],"author":[{"embeddable":true,"href":"https:\/\/www.uqac.ca\/farzaneh\/wp-json\/wp\/v2\/users\/1"}],"replies":[{"embeddable":true,"href":"https:\/\/www.uqac.ca\/farzaneh\/wp-json\/wp\/v2\/comments?post=39"}],"version-history":[{"count":23,"href":"https:\/\/www.uqac.ca\/farzaneh\/wp-json\/wp\/v2\/pages\/39\/revisions"}],"predecessor-version":[{"id":299,"href":"https:\/\/www.uqac.ca\/farzaneh\/wp-json\/wp\/v2\/pages\/39\/revisions\/299"}],"wp:featuredmedia":[{"embeddable":true,"href":"https:\/\/www.uqac.ca\/farzaneh\/wp-json\/wp\/v2\/media\/18"}],"wp:attachment":[{"href":"https:\/\/www.uqac.ca\/farzaneh\/wp-json\/wp\/v2\/media?parent=39"}],"curies":[{"name":"wp","href":"https:\/\/api.w.org\/{rel}","templated":true}]}}