{"id":51,"date":"2017-03-09T09:20:05","date_gmt":"2017-03-09T14:20:05","guid":{"rendered":"http:\/\/www.uqac.ca\/farzaneh\/?page_id=51"},"modified":"2020-09-17T11:16:28","modified_gmt":"2020-09-17T15:16:28","slug":"description-du-trophee","status":"publish","type":"page","link":"https:\/\/www.uqac.ca\/farzaneh\/description-du-trophee\/","title":{"rendered":"Description du troph\u00e9e"},"content":{"rendered":"<p>L\u2019\u0153uvre d\u2019art accompagnant le prix Masoud Farzaneh a \u00e9t\u00e9 cr\u00e9\u00e9e par l\u2019artiste de renom Giuseppe Benedetto. Il s\u2019inspire de l\u2019iconographie symbolique des objets en tant que repr\u00e9sentation du temps, d\u2019id\u00e9es et de souvenirs. M. Benedetto travaille le verre en fusion avec l\u2019acier, l\u2019aluminium, le granite et le bronze pour les fixer dans les formes\u00a0 d\u00e9sir\u00e9es, ce qui requiert une profonde connaissance des mat\u00e9riaux,\u00a0 une grande dext\u00e9rit\u00e9 et un sens artistique raffin\u00e9 pour tirer avantage de la tension entre les mat\u00e9riaux d\u00e9licats et les mat\u00e9riaux robustes.<\/p>\n<p>La sculpture de verre con\u00e7ue pour le prix consiste en une pyramide\u00a0 soutenant un disque, repr\u00e9sentant un pyl\u00f4ne et un isolateur. La sph\u00e8re \u00e0 l\u2019int\u00e9rieur du disque est un globe terrestre repr\u00e9sentant l\u2019\u00e9tendue de la recherche relative aux climats froids, alors que l\u2019aura jaune orang\u00e9 symbolise l\u2019\u00e9lectricit\u00e9, la source de la vie sur la terre, ainsi que l\u2019inspiration du prix. Il est \u00e0 noter que chaque troph\u00e9e est unique et est r\u00e9alis\u00e9 \u00e0 la main par l\u2019artiste.<\/p>\n","protected":false},"excerpt":{"rendered":"<p>L\u2019\u0153uvre d\u2019art accompagnant le prix Masoud Farzaneh a \u00e9t\u00e9 cr\u00e9\u00e9e par l\u2019artiste de renom Giuseppe Benedetto. Il s\u2019inspire de l\u2019iconographie symbolique des objets en tant que repr\u00e9sentation du temps, d\u2019id\u00e9es et de souvenirs. M. Benedetto travaille le verre en fusion avec l\u2019acier, l\u2019aluminium, le granite et le bronze pour les fixer dans les formes\u00a0 d\u00e9sir\u00e9es, &hellip; <a href=\"https:\/\/www.uqac.ca\/farzaneh\/description-du-trophee\/\" class=\"more-link\">Continuer la lecture de <span class=\"screen-reader-text\">Description du troph\u00e9e<\/span>  <span class=\"meta-nav\">&rarr;<\/span><\/a><\/p>\n","protected":false},"author":1,"featured_media":18,"parent":0,"menu_order":0,"comment_status":"closed","ping_status":"closed","template":"","meta":{"footnotes":""},"_links":{"self":[{"href":"https:\/\/www.uqac.ca\/farzaneh\/wp-json\/wp\/v2\/pages\/51"}],"collection":[{"href":"https:\/\/www.uqac.ca\/farzaneh\/wp-json\/wp\/v2\/pages"}],"about":[{"href":"https:\/\/www.uqac.ca\/farzaneh\/wp-json\/wp\/v2\/types\/page"}],"author":[{"embeddable":true,"href":"https:\/\/www.uqac.ca\/farzaneh\/wp-json\/wp\/v2\/users\/1"}],"replies":[{"embeddable":true,"href":"https:\/\/www.uqac.ca\/farzaneh\/wp-json\/wp\/v2\/comments?post=51"}],"version-history":[{"count":5,"href":"https:\/\/www.uqac.ca\/farzaneh\/wp-json\/wp\/v2\/pages\/51\/revisions"}],"predecessor-version":[{"id":165,"href":"https:\/\/www.uqac.ca\/farzaneh\/wp-json\/wp\/v2\/pages\/51\/revisions\/165"}],"wp:featuredmedia":[{"embeddable":true,"href":"https:\/\/www.uqac.ca\/farzaneh\/wp-json\/wp\/v2\/media\/18"}],"wp:attachment":[{"href":"https:\/\/www.uqac.ca\/farzaneh\/wp-json\/wp\/v2\/media?parent=51"}],"curies":[{"name":"wp","href":"https:\/\/api.w.org\/{rel}","templated":true}]}}