{"id":57,"date":"2017-03-09T09:28:25","date_gmt":"2017-03-09T14:28:25","guid":{"rendered":"http:\/\/www.uqac.ca\/farzaneh\/?page_id=57"},"modified":"2017-03-09T09:29:58","modified_gmt":"2017-03-09T14:29:58","slug":"mcclure","status":"publish","type":"page","link":"https:\/\/www.uqac.ca\/farzaneh\/laureats-precedents\/mcclure\/","title":{"rendered":"Ghyslaine McClure, Ph.D."},"content":{"rendered":"<hr \/>\n<p>La r\u00e9cipiendaire du prix 2016<br \/>\nGhyslaine McClure, Ph.D.<\/p>\n<p>Pour ses contributions \u00e0 la mod\u00e9lisation des effets m\u00e9caniques du d\u00e9lestage de la glace sur les lignes \u00e9lectriques a\u00e9riennes<\/p>\n<hr \/>\n<p>La Dre Ghyslaine McClure est professeure titulaire au d\u00e9partement de g\u00e9nie civil et m\u00e9canique appliqu\u00e9e de l\u2019Universit\u00e9 McGill depuis janvier 1991. Elle est n\u00e9e \u00e0 Saint-Germain-de-Grantham, Qu\u00e9bec, Canada. Elle a compl\u00e9t\u00e9 ses \u00e9tudes de g\u00e9nie civil \u00e0 l\u2019\u00c9cole Polytechnique de Montr\u00e9al (B.Ing. 1980) et,\u00a0 apr\u00e8s quelques ann\u00e9es de pratique en ing\u00e9nierie de lignes, elle a compl\u00e9t\u00e9 sa ma\u00eetrise au Massachusetts Institute of Technology (SM 1984) et finalement son doctorat \u00e0 l\u2019\u00c9cole Polytechnique (PhD 1989). Sa th\u00e8se portait sur la simulation num\u00e9rique des effets dynamiques transitoires sur les supports de lignes a\u00e9riennes caus\u00e9s par les bris de conducteurs.<\/p>\n<p>\u00c0 l\u2019emploi d\u2019Hydro-Qu\u00e9bec apr\u00e8s ses \u00e9tudes doctorales, la Dre McClure supervise un projet de recherche sur le d\u00e9lestage de la glace sur les lignes en collaboration avec l\u2019Institut de recherche d\u2019Hydro-Qu\u00e9bec (IREQ). Ont suivi pas moins de 25 ann\u00e9es de projets de recherche et collaborations sur le sujet, impliquant la formation d\u2019une vingtaine d\u2019\u00e9tudiants aux cycles sup\u00e9rieurs, dont plusieurs ont d\u2019ailleurs \u00e9t\u00e9 co-supervis\u00e9s avec le Professeur Farzaneh.<\/p>\n<p>Avec ses nombreux collaborateurs, \u00e9tudiants et chercheurs \u00e9tablis, la Dre McClure a contribu\u00e9 \u00e0 plusieurs travaux exp\u00e9rimentaux, en laboratoire et en pleine grandeur, lesquels ont servi de mati\u00e8re de base au d\u00e9veloppement de plusieurs mod\u00e8les de d\u00e9lestage m\u00e9canique au moyen d\u2019analyses computationnelles par \u00e9l\u00e9ments finis. Ses travaux les plus r\u00e9cents, men\u00e9s avec le Dr Kunpeng de la Chine ont permis de boucler la boucle sur le probl\u00e8me du d\u00e9tachement des d\u00e9p\u00f4ts de givre des conducteurs. Ils prennent en consid\u00e9ration les forces d\u2019adh\u00e9sion et de coh\u00e9sion dans la simulation du comportement dynamique transitoire de sections de lignes compl\u00e8tes soumises \u00e0 des chocs vari\u00e9s causant des situations de d\u00e9lestage. Un tel outil de simulation peut r\u00e9pondre \u00e0 plusieurs applications pratiques li\u00e9es notamment \u00e0 la gestion des m\u00e9thodes artificielles de d\u00e9lestage.<\/p>\n","protected":false},"excerpt":{"rendered":"<p>La r\u00e9cipiendaire du prix 2016 Ghyslaine McClure, Ph.D. Pour ses contributions \u00e0 la mod\u00e9lisation des effets m\u00e9caniques du d\u00e9lestage de la glace sur les lignes \u00e9lectriques a\u00e9riennes La Dre Ghyslaine McClure est professeure titulaire au d\u00e9partement de g\u00e9nie civil et m\u00e9canique appliqu\u00e9e de l\u2019Universit\u00e9 McGill depuis janvier 1991. Elle est n\u00e9e \u00e0 Saint-Germain-de-Grantham, Qu\u00e9bec, Canada. &hellip; <a href=\"https:\/\/www.uqac.ca\/farzaneh\/laureats-precedents\/mcclure\/\" class=\"more-link\">Continuer la lecture de <span class=\"screen-reader-text\">Ghyslaine McClure, Ph.D.<\/span>  <span class=\"meta-nav\">&rarr;<\/span><\/a><\/p>\n","protected":false},"author":1,"featured_media":58,"parent":39,"menu_order":0,"comment_status":"closed","ping_status":"closed","template":"","meta":{"footnotes":""},"_links":{"self":[{"href":"https:\/\/www.uqac.ca\/farzaneh\/wp-json\/wp\/v2\/pages\/57"}],"collection":[{"href":"https:\/\/www.uqac.ca\/farzaneh\/wp-json\/wp\/v2\/pages"}],"about":[{"href":"https:\/\/www.uqac.ca\/farzaneh\/wp-json\/wp\/v2\/types\/page"}],"author":[{"embeddable":true,"href":"https:\/\/www.uqac.ca\/farzaneh\/wp-json\/wp\/v2\/users\/1"}],"replies":[{"embeddable":true,"href":"https:\/\/www.uqac.ca\/farzaneh\/wp-json\/wp\/v2\/comments?post=57"}],"version-history":[{"count":2,"href":"https:\/\/www.uqac.ca\/farzaneh\/wp-json\/wp\/v2\/pages\/57\/revisions"}],"predecessor-version":[{"id":60,"href":"https:\/\/www.uqac.ca\/farzaneh\/wp-json\/wp\/v2\/pages\/57\/revisions\/60"}],"up":[{"embeddable":true,"href":"https:\/\/www.uqac.ca\/farzaneh\/wp-json\/wp\/v2\/pages\/39"}],"wp:featuredmedia":[{"embeddable":true,"href":"https:\/\/www.uqac.ca\/farzaneh\/wp-json\/wp\/v2\/media\/58"}],"wp:attachment":[{"href":"https:\/\/www.uqac.ca\/farzaneh\/wp-json\/wp\/v2\/media?parent=57"}],"curies":[{"name":"wp","href":"https:\/\/api.w.org\/{rel}","templated":true}]}}