{"id":65,"date":"2017-03-09T09:38:23","date_gmt":"2017-03-09T14:38:23","guid":{"rendered":"http:\/\/www.uqac.ca\/farzaneh\/?page_id=65"},"modified":"2017-03-09T09:38:23","modified_gmt":"2017-03-09T14:38:23","slug":"makkonen","status":"publish","type":"page","link":"https:\/\/www.uqac.ca\/farzaneh\/laureats-precedents\/makkonen\/","title":{"rendered":"Lasse J. Makkonen, Ph.D."},"content":{"rendered":"<hr \/>\n<p>Le r\u00e9cipiendaire du prix 2015<br \/>\nLasse J. Makkonen, Ph.D.<\/p>\n<p>Pour ses contributions \u00e0 la mod\u00e9lisation des charges de glace et de neige sur les lignes \u00e9lectriques a\u00e9riennes<\/p>\n<hr \/>\n<p>Le Dr Lasse Makkonen, scientifique principal, est n\u00e9 \u00e0 Helsinki, Finlande, et a \u00e9tudi\u00e9 la g\u00e9ophysique et la m\u00e9t\u00e9orologie \u00e0 l\u2019Universit\u00e9 de Helsinki. Il est entr\u00e9 au service de l\u2019Institut finlandais de recherche marine en 1977, dans la recherche sur l\u2019accumulation de glace marine. En 1983, il a obtenu la bourse du Conseil national de recherche du gouvernement du Canada pour les scientifiques en visite, et a d\u00e9velopp\u00e9 et valid\u00e9 la th\u00e9orie du givrage par des exp\u00e9riences pratiques en utilisant les tunnels r\u00e9frig\u00e9r\u00e9s du Centre national de recherche du Canada et de l\u2019Universit\u00e9 d\u2019Alberta. Ceci a men\u00e9 \u00e0 l\u2019\u00e9laboration d\u2019un mod\u00e8le num\u00e9rique novateur du givrage des lignes \u00e9lectriques.<\/p>\n<p>En 1985, le Dr Makkonen a rejoint le Centre de recherche de Finlande (VTT), o\u00f9 il travaille depuis, sauf pour les p\u00e9riodes o\u00f9 il a \u00e9t\u00e9 professeur invit\u00e9 au Canada et au Japon. Il a \u00e9t\u00e9 impliqu\u00e9 dans divers projets, couvrant aussi bien les aspects fondamentaux que les applications pratiques, surtout en ce qui concerne la physique de la glace et de la neige, ainsi que le givrage et la pr\u00e9vention de son accumulation. Parmi les clients de VTT, on note des producteurs et distributeurs d\u2019\u00e9nergie \u00e9lectrique, des propri\u00e9taires de pyl\u00f4nes, des fabricants de capteurs et des autorit\u00e9s r\u00e9glementaires, en provenance du monde entier. Le Dr Makkonen a eu des r\u00f4les importants\u00a0 dans des comit\u00e9s internationaux, tels que ISO Atmospheric Icing of Structures, COST 727 et le Comit\u00e9 aviseur international de l\u2019IWAIS. Il a \u00e9t\u00e9 \u00e9galement membre du conseil de l\u2019International Glaciological Society ainsi que l\u2019\u00e9diteur de son journal.<\/p>\n<p>Les mod\u00e8les de givrage d\u00e9velopp\u00e9s par le Dr Makkonen incluent tous les types de givrage, notamment le givre, le verglas, la neige collante, et la gel\u00e9e blanche,\u00a0 ainsi que la croissance des gla\u00e7ons, sont largement utilis\u00e9s. Ces mod\u00e8les sont appliqu\u00e9es, en particulier, \u00e0 la conception probabiliste des lignes \u00e0 haute tension. Il a \u00e9galement d\u00e9velopp\u00e9 des m\u00e9thodes pour l\u2019\u00e9valuation des valeurs extr\u00eames\u00a0 \u00e0 cette fin.<\/p>\n","protected":false},"excerpt":{"rendered":"<p>Le r\u00e9cipiendaire du prix 2015 Lasse J. Makkonen, Ph.D. Pour ses contributions \u00e0 la mod\u00e9lisation des charges de glace et de neige sur les lignes \u00e9lectriques a\u00e9riennes Le Dr Lasse Makkonen, scientifique principal, est n\u00e9 \u00e0 Helsinki, Finlande, et a \u00e9tudi\u00e9 la g\u00e9ophysique et la m\u00e9t\u00e9orologie \u00e0 l\u2019Universit\u00e9 de Helsinki. Il est entr\u00e9 au service &hellip; <a href=\"https:\/\/www.uqac.ca\/farzaneh\/laureats-precedents\/makkonen\/\" class=\"more-link\">Continuer la lecture de <span class=\"screen-reader-text\">Lasse J. Makkonen, Ph.D.<\/span>  <span class=\"meta-nav\">&rarr;<\/span><\/a><\/p>\n","protected":false},"author":1,"featured_media":66,"parent":39,"menu_order":0,"comment_status":"closed","ping_status":"closed","template":"","meta":{"footnotes":""},"_links":{"self":[{"href":"https:\/\/www.uqac.ca\/farzaneh\/wp-json\/wp\/v2\/pages\/65"}],"collection":[{"href":"https:\/\/www.uqac.ca\/farzaneh\/wp-json\/wp\/v2\/pages"}],"about":[{"href":"https:\/\/www.uqac.ca\/farzaneh\/wp-json\/wp\/v2\/types\/page"}],"author":[{"embeddable":true,"href":"https:\/\/www.uqac.ca\/farzaneh\/wp-json\/wp\/v2\/users\/1"}],"replies":[{"embeddable":true,"href":"https:\/\/www.uqac.ca\/farzaneh\/wp-json\/wp\/v2\/comments?post=65"}],"version-history":[{"count":1,"href":"https:\/\/www.uqac.ca\/farzaneh\/wp-json\/wp\/v2\/pages\/65\/revisions"}],"predecessor-version":[{"id":67,"href":"https:\/\/www.uqac.ca\/farzaneh\/wp-json\/wp\/v2\/pages\/65\/revisions\/67"}],"up":[{"embeddable":true,"href":"https:\/\/www.uqac.ca\/farzaneh\/wp-json\/wp\/v2\/pages\/39"}],"wp:featuredmedia":[{"embeddable":true,"href":"https:\/\/www.uqac.ca\/farzaneh\/wp-json\/wp\/v2\/media\/66"}],"wp:attachment":[{"href":"https:\/\/www.uqac.ca\/farzaneh\/wp-json\/wp\/v2\/media?parent=65"}],"curies":[{"name":"wp","href":"https:\/\/api.w.org\/{rel}","templated":true}]}}