{"id":72,"date":"2017-03-09T09:46:47","date_gmt":"2017-03-09T14:46:47","guid":{"rendered":"http:\/\/www.uqac.ca\/farzaneh\/?page_id=72"},"modified":"2017-03-09T10:55:02","modified_gmt":"2017-03-09T15:55:02","slug":"chisholm","status":"publish","type":"page","link":"https:\/\/www.uqac.ca\/farzaneh\/laureats-precedents\/chisholm\/","title":{"rendered":"William A. Chisholm, Ph.D."},"content":{"rendered":"<hr \/>\n<p>Le r\u00e9cipiendaire du prix 2014<br \/>\nWilliam A. Chisholm, Ph.D.<\/p>\n<p>Pour ses contributions \u00e0 la compr\u00e9hension du contournement des isolateurs de r\u00e9seaux \u00e9lectriques dans des conditions de givrage<\/p>\n<hr \/>\n<p>Le Dr William A. Chisholm est un expert sur les effets n\u00e9fastes du climat sur les lignes a\u00e9riennes de transport de l&rsquo;\u00e9nergie \u00e9lectrique. Il a obtenu son baccalaur\u00e9at en g\u00e9nie \u00e9lectrique de l&rsquo;Universit\u00e9 de Toronto en 1977 et, la m\u00eame ann\u00e9e, est entr\u00e9 \u00e0 l&#8217;emploi de de la division de la recherche d&rsquo;Hydro Ontario, maintenant connue sous Kinectrics. Il a compl\u00e9t\u00e9 sa ma\u00eetrise et son doctorat \u00e0 l&rsquo;universit\u00e9 de Waterloo en g\u00e9nie \u00e9lectrique, en 1979 et 1983. Au cours de sa carri\u00e8re avec Hydro Ontario, il a organis\u00e9 la mise en place de programmes op\u00e9rationnels sur la localisation des coups de foudre, la capacit\u00e9 thermique des lignes a\u00e9riennes ainsi que la surveillance de la contamination des isolateurs.<\/p>\n<p>Depuis sa retraite en 2007, il a effectu\u00e9 des travaux de recherche approfondis aux laboratoires de la CIGELE \u00e0 l&rsquo;Universit\u00e9 du Qu\u00e9bec \u00e0 Chicoutimi sur le contournement \u00e9lectrique des isolateurs recouverts de glace et sur l&rsquo;utilisation d\u2019outils sur les lignes sous tension, et il a donn\u00e9 des conf\u00e9rences et travaill\u00e9 comme consultant dans une dizaine de pays. Il a \u00e9labor\u00e9 des chapitres dans les livres rouges, bleus et gris de l&rsquo;EPRI ainsi que dans trois \u00e9ditions de l\u2019Electric Power Handbook du CRC Press. Il est r\u00e9dacteur d&rsquo;une colonne dans le magazine trimestriel INMR, qui compte plus de 70 000 abonn\u00e9s. Avec Masoud Farzaneh, il a publi\u00e9 un ouvrage de r\u00e9f\u00e9rence, Insulators for Icing and Polluted Environments, chez IEEE\/Wiley, en 2009, et il est \u00e9galement co-auteur du livre d\u2019enseignement Electrical Design of Overhead Power Transmission Lines, publi\u00e9 chez McGraw Hill en 2013. Il a contribu\u00e9 de fa\u00e7on importante \u00e0 l&rsquo;\u00e9laboration de plusieurs standards de l&rsquo;IEEE (1243, 1410, 1783) ainsi que de brochures techniques du CIGRE (299, 441, 549). Il a \u00e9t\u00e9 \u00e9lu Fellow de l&rsquo;IEEE en 2007, et en 2014, il est pr\u00e9sident du Transmission and Distribution Committee de la Power and Energy Society.<\/p>\n","protected":false},"excerpt":{"rendered":"<p>Le r\u00e9cipiendaire du prix 2014 William A. Chisholm, Ph.D. Pour ses contributions \u00e0 la compr\u00e9hension du contournement des isolateurs de r\u00e9seaux \u00e9lectriques dans des conditions de givrage Le Dr William A. Chisholm est un expert sur les effets n\u00e9fastes du climat sur les lignes a\u00e9riennes de transport de l&rsquo;\u00e9nergie \u00e9lectrique. Il a obtenu son baccalaur\u00e9at &hellip; <a href=\"https:\/\/www.uqac.ca\/farzaneh\/laureats-precedents\/chisholm\/\" class=\"more-link\">Continuer la lecture de <span class=\"screen-reader-text\">William A. Chisholm, Ph.D.<\/span>  <span class=\"meta-nav\">&rarr;<\/span><\/a><\/p>\n","protected":false},"author":1,"featured_media":99,"parent":39,"menu_order":0,"comment_status":"closed","ping_status":"closed","template":"","meta":{"footnotes":""},"_links":{"self":[{"href":"https:\/\/www.uqac.ca\/farzaneh\/wp-json\/wp\/v2\/pages\/72"}],"collection":[{"href":"https:\/\/www.uqac.ca\/farzaneh\/wp-json\/wp\/v2\/pages"}],"about":[{"href":"https:\/\/www.uqac.ca\/farzaneh\/wp-json\/wp\/v2\/types\/page"}],"author":[{"embeddable":true,"href":"https:\/\/www.uqac.ca\/farzaneh\/wp-json\/wp\/v2\/users\/1"}],"replies":[{"embeddable":true,"href":"https:\/\/www.uqac.ca\/farzaneh\/wp-json\/wp\/v2\/comments?post=72"}],"version-history":[{"count":1,"href":"https:\/\/www.uqac.ca\/farzaneh\/wp-json\/wp\/v2\/pages\/72\/revisions"}],"predecessor-version":[{"id":73,"href":"https:\/\/www.uqac.ca\/farzaneh\/wp-json\/wp\/v2\/pages\/72\/revisions\/73"}],"up":[{"embeddable":true,"href":"https:\/\/www.uqac.ca\/farzaneh\/wp-json\/wp\/v2\/pages\/39"}],"wp:featuredmedia":[{"embeddable":true,"href":"https:\/\/www.uqac.ca\/farzaneh\/wp-json\/wp\/v2\/media\/99"}],"wp:attachment":[{"href":"https:\/\/www.uqac.ca\/farzaneh\/wp-json\/wp\/v2\/media?parent=72"}],"curies":[{"name":"wp","href":"https:\/\/api.w.org\/{rel}","templated":true}]}}