{"id":78,"date":"2017-03-09T09:51:50","date_gmt":"2017-03-09T14:51:50","guid":{"rendered":"http:\/\/www.uqac.ca\/farzaneh\/?page_id=78"},"modified":"2017-03-09T09:51:50","modified_gmt":"2017-03-09T14:51:50","slug":"fikke","status":"publish","type":"page","link":"https:\/\/www.uqac.ca\/farzaneh\/laureats-precedents\/fikke\/","title":{"rendered":"Svein M. Fikke, M.Sc."},"content":{"rendered":"<hr \/>\n<p>Le r\u00e9cipiendaire du prix 2013<br \/>\nSvein M. Fikke, M.Sc.<\/p>\n<p>Pour ses contributions en climatologie du givrage et ses effets sur les lignes \u00e9lectriques<\/p>\n<hr \/>\n<p>Svein M. Fikke a obtenu une ma\u00eetrise en m\u00e9t\u00e9orologie de l\u2019Universit\u00e9 d\u2019Oslo, en 1971. \u00c0 compter de 1972, il a \u00e9t\u00e9 \u00e0 l\u2019emploi de l\u2019Institut norv\u00e9gien de m\u00e9t\u00e9orologie pour l\u2019analyse d\u2019\u00e9v\u00e9nement climatiques extr\u00eames\u00a0 et de leurs impacts sur des structures expos\u00e9es telles que les tours de t\u00e9l\u00e9communication et les pyl\u00f4nes, les lignes a\u00e9riennes de transport d\u2019\u00e9nergie \u00e9lectrique et les plateformes de forage de p\u00e9trole en mer. En 1975, il a joint l\u2019Institut norv\u00e9gien de recherche en \u00e9lectricit\u00e9, maintenant la SINTEF \u00c9nergie, o\u00f9 il a travaill\u00e9 sur l\u2019impact des conditions climatiques sur les lignes a\u00e9riennes de transport des producteurs et distributeurs d\u2019\u00e9nergie \u00e9lectrique de Norv\u00e8ge. Dans la cadre de ce travail, on a tenu compte \u00e0 la fois des charges statiques et dynamiques du vent et du givrage atmosph\u00e9rique, ainsi que de l\u2019am\u00e9lioration des performances \u00e9lectriques des isolateurs. \u00c0 partir de 1987, ce projet s\u2019est poursuivi sous l\u2019\u00e9gide de la Commission norv\u00e9gienne d\u2019\u00e9tat sur l\u2019\u00e9nergie (Statkraft) et, \u00e0 compter de 1990, sous l\u2019\u00e9gide du R\u00e9seau de distribution \u00e9lectrique de Norv\u00e8ge (Statnett SF). De 2002 jusqu\u2019\u00e0 pr\u00e9sent, M. Fikke est consultant ind\u00e9pendant au service de producteurs et distributeurs d\u2019\u00e9lectricit\u00e9 de Norv\u00e8ge, du Canada, du Chili, du Groenland, de l\u2019Islande, de l\u2019Irlande, de la Su\u00e8de et du Royaume-Uni.<\/p>\n<p>Il est impliqu\u00e9 dans les activit\u00e9s du Study Committee B2 de la CIGR\u00c9 depuis la fin des ann\u00e9es 80, o\u00f9 il a pr\u00e9sid\u00e9 des groupes de travail sur les aspects m\u00e9t\u00e9orologiques en rapport avec les lignes a\u00e9riennes de transport d\u2019\u00e9lectricit\u00e9. Il a aussi contribu\u00e9 \u00e0 des organismes tels que ISO. IEC, CENELEC et CEN, dans ces domaines. Il est membre du Comit\u00e9 national de Norv\u00e8ge du CELENEC et du IEC TC11.<\/p>\n","protected":false},"excerpt":{"rendered":"<p>Le r\u00e9cipiendaire du prix 2013 Svein M. Fikke, M.Sc. Pour ses contributions en climatologie du givrage et ses effets sur les lignes \u00e9lectriques Svein M. Fikke a obtenu une ma\u00eetrise en m\u00e9t\u00e9orologie de l\u2019Universit\u00e9 d\u2019Oslo, en 1971. \u00c0 compter de 1972, il a \u00e9t\u00e9 \u00e0 l\u2019emploi de l\u2019Institut norv\u00e9gien de m\u00e9t\u00e9orologie pour l\u2019analyse d\u2019\u00e9v\u00e9nement climatiques &hellip; <a href=\"https:\/\/www.uqac.ca\/farzaneh\/laureats-precedents\/fikke\/\" class=\"more-link\">Continuer la lecture de <span class=\"screen-reader-text\">Svein M. Fikke, M.Sc.<\/span>  <span class=\"meta-nav\">&rarr;<\/span><\/a><\/p>\n","protected":false},"author":1,"featured_media":79,"parent":39,"menu_order":0,"comment_status":"closed","ping_status":"closed","template":"","meta":{"footnotes":""},"_links":{"self":[{"href":"https:\/\/www.uqac.ca\/farzaneh\/wp-json\/wp\/v2\/pages\/78"}],"collection":[{"href":"https:\/\/www.uqac.ca\/farzaneh\/wp-json\/wp\/v2\/pages"}],"about":[{"href":"https:\/\/www.uqac.ca\/farzaneh\/wp-json\/wp\/v2\/types\/page"}],"author":[{"embeddable":true,"href":"https:\/\/www.uqac.ca\/farzaneh\/wp-json\/wp\/v2\/users\/1"}],"replies":[{"embeddable":true,"href":"https:\/\/www.uqac.ca\/farzaneh\/wp-json\/wp\/v2\/comments?post=78"}],"version-history":[{"count":1,"href":"https:\/\/www.uqac.ca\/farzaneh\/wp-json\/wp\/v2\/pages\/78\/revisions"}],"predecessor-version":[{"id":80,"href":"https:\/\/www.uqac.ca\/farzaneh\/wp-json\/wp\/v2\/pages\/78\/revisions\/80"}],"up":[{"embeddable":true,"href":"https:\/\/www.uqac.ca\/farzaneh\/wp-json\/wp\/v2\/pages\/39"}],"wp:featuredmedia":[{"embeddable":true,"href":"https:\/\/www.uqac.ca\/farzaneh\/wp-json\/wp\/v2\/media\/79"}],"wp:attachment":[{"href":"https:\/\/www.uqac.ca\/farzaneh\/wp-json\/wp\/v2\/media?parent=78"}],"curies":[{"name":"wp","href":"https:\/\/api.w.org\/{rel}","templated":true}]}}