{"id":85,"date":"2017-03-09T09:57:08","date_gmt":"2017-03-09T14:57:08","guid":{"rendered":"http:\/\/www.uqac.ca\/farzaneh\/?page_id=85"},"modified":"2017-03-09T10:54:10","modified_gmt":"2017-03-09T15:54:10","slug":"cherney","status":"publish","type":"page","link":"https:\/\/www.uqac.ca\/farzaneh\/laureats-precedents\/cherney\/","title":{"rendered":"Edward A. Cherney"},"content":{"rendered":"<hr \/>\n<p>Le r\u00e9cipiendaire du prix 2012<br \/>\nEdward A. Cherney<\/p>\n<p>pour sa contribution \u00e0 l\u2019isolation \u00e9lectrique externe et \u00e0 l\u2019\u00e9ducation<\/p>\n<hr \/>\n<p>Edward (Ed) A. Cherney a obtenu sa licence en physique de l\u2019Universit\u00e9 de Waterloo avec grande distinction, en 1967, sa ma\u00eetrise en physique de l\u2019Universit\u00e9 McMaster, en 1969, et son doctorat en g\u00e9nie \u00e9lectrique de l\u2019Universit\u00e9 de Waterloo, en 1974. Depuis 1968, il a \u00e9t\u00e9 impliqu\u00e9 dans des projets de recherche et\u00a0 d\u00e9veloppement autant\u00a0 sur le plan acad\u00e9mique qu\u2019industriel. Alors qu\u2019il \u00e9tait \u00e0 la division recherche d\u2019Hydro Ontario (maintenant\u00a0 Kinectrics) \u00e0 Toronto, il a introduit le concept des isolateurs de suspension \u00e0 multiple alternance pour contrer les\u00a0 interruptions de courant caus\u00e9es par le givrage des isolateurs des lignes de transport de l\u2019\u00e9nergie \u00e9lectrique en Ontario.<\/p>\n<p>Le Dr Cherney est Fellow \u00e0 vie de l\u2019IEEE (Institute of Electrical and Electronics Engineers) Power and Energy Society, membre et Whitehead Lecturer de l\u2019IEEE Dielectrics and Electrical Insulation Society, membre de l\u2019Ordre des ing\u00e9nieurs de l\u2019Ontario, co\u00e9diteur-en-chef de l\u2019Electrical Insulation Magazine et responsable des relations avec l\u2019industrie au Laboratoire de haute tension de l\u2019Universit\u00e9 de\u00a0\u00a0\u00a0 Waterloo.<\/p>\n","protected":false},"excerpt":{"rendered":"<p>Le r\u00e9cipiendaire du prix 2012 Edward A. Cherney pour sa contribution \u00e0 l\u2019isolation \u00e9lectrique externe et \u00e0 l\u2019\u00e9ducation Edward (Ed) A. Cherney a obtenu sa licence en physique de l\u2019Universit\u00e9 de Waterloo avec grande distinction, en 1967, sa ma\u00eetrise en physique de l\u2019Universit\u00e9 McMaster, en 1969, et son doctorat en g\u00e9nie \u00e9lectrique de l\u2019Universit\u00e9 de &hellip; <a href=\"https:\/\/www.uqac.ca\/farzaneh\/laureats-precedents\/cherney\/\" class=\"more-link\">Continuer la lecture de <span class=\"screen-reader-text\">Edward A. Cherney<\/span>  <span class=\"meta-nav\">&rarr;<\/span><\/a><\/p>\n","protected":false},"author":1,"featured_media":98,"parent":39,"menu_order":0,"comment_status":"closed","ping_status":"closed","template":"","meta":{"footnotes":""},"_links":{"self":[{"href":"https:\/\/www.uqac.ca\/farzaneh\/wp-json\/wp\/v2\/pages\/85"}],"collection":[{"href":"https:\/\/www.uqac.ca\/farzaneh\/wp-json\/wp\/v2\/pages"}],"about":[{"href":"https:\/\/www.uqac.ca\/farzaneh\/wp-json\/wp\/v2\/types\/page"}],"author":[{"embeddable":true,"href":"https:\/\/www.uqac.ca\/farzaneh\/wp-json\/wp\/v2\/users\/1"}],"replies":[{"embeddable":true,"href":"https:\/\/www.uqac.ca\/farzaneh\/wp-json\/wp\/v2\/comments?post=85"}],"version-history":[{"count":1,"href":"https:\/\/www.uqac.ca\/farzaneh\/wp-json\/wp\/v2\/pages\/85\/revisions"}],"predecessor-version":[{"id":86,"href":"https:\/\/www.uqac.ca\/farzaneh\/wp-json\/wp\/v2\/pages\/85\/revisions\/86"}],"up":[{"embeddable":true,"href":"https:\/\/www.uqac.ca\/farzaneh\/wp-json\/wp\/v2\/pages\/39"}],"wp:featuredmedia":[{"embeddable":true,"href":"https:\/\/www.uqac.ca\/farzaneh\/wp-json\/wp\/v2\/media\/98"}],"wp:attachment":[{"href":"https:\/\/www.uqac.ca\/farzaneh\/wp-json\/wp\/v2\/media?parent=85"}],"curies":[{"name":"wp","href":"https:\/\/api.w.org\/{rel}","templated":true}]}}