{"id":91,"date":"2017-03-09T10:01:50","date_gmt":"2017-03-09T15:01:50","guid":{"rendered":"http:\/\/www.uqac.ca\/farzaneh\/?page_id=91"},"modified":"2017-03-09T10:02:11","modified_gmt":"2017-03-09T15:02:11","slug":"srivastava","status":"publish","type":"page","link":"https:\/\/www.uqac.ca\/farzaneh\/laureats-precedents\/srivastava\/","title":{"rendered":"K.D. Srivastava, Ph.D."},"content":{"rendered":"<hr \/>\n<p>Le r\u00e9cipiendaire du prix 2011<br \/>\nK.D. Srivastava, Ph.D.<\/p>\n<p>Pour ses contributions \u00e0 l\u2019ing\u00e9nierie de la haute tension et \u00e0 l\u2019\u00e9ducation<\/p>\n<hr \/>\n<p>D. Srivastava est une personne visionnaire et un d\u00e9veloppeur de mod\u00e8les pratiques pour la collaboration industrie \u2013 universit\u00e9. Il a am\u00e9lior\u00e9 l\u2019\u00e9ducation et les initiatives de recherche en g\u00e9nie \u00e9lectrique partout dans le monde.<\/p>\n<p>Le professeur \u00e9m\u00e9rite K. D. Srivastava a men\u00e9 des \u00e9tudes en g\u00e9nie \u00e9lectriques \u00e0 Roorkee et Glasgow dans les ann\u00e9es 1950 et a \u00e9t\u00e9 Officier scientifique principal au Rutherford High Energy Laboratory \u00e0 Harwell, UK.<\/p>\n<p>Il s\u2019est joint \u00e0 l\u2019Universit\u00e9 de Waterloo en 1966. Dans les ann\u00e9es 1970, il a mis sur pied un laboratoire de recherche sur la haute tension, afin d\u2019\u00e9tudier les ph\u00e9nom\u00e8nes de claquage \u00e9lectrique conventionnel, ceux caus\u00e9s sous vide et enfin ceux caus\u00e9s par l\u2019hexafluorure de soufre. \u00c0 l\u2019Universit\u00e9 de Waterloo, il a cr\u00e9\u00e9 un climat de confiance mutuelle entre l\u2019Universit\u00e9 et les services publics d\u2019\u00e9lectricit\u00e9. Il a encourag\u00e9 plusieurs chercheurs de ces services publics \u00e0 entreprendre et compl\u00e9ter des \u00e9tudes sup\u00e9rieures compl\u00e9mentaires \u00e0 leur exp\u00e9rience industrielle.<\/p>\n<p>Devenu professeur, puis directeur du D\u00e9partement d\u2019\u00e9nergie \u00e9lectrique et enfin Vice-pr\u00e9sident \u00e0 l\u2019Universit\u00e9 de Colombie-Britannique, K.D. Srivastava s\u2019est fait le promoteur de la coop\u00e9ration industrie \u2013 services publics, particuli\u00e8rement en ce qui a trait \u00e0 l\u2019interd\u00e9pendance entre les infrastructures en contexte d\u2019urgence. Sous sa gouverne avis\u00e9e, les probl\u00e8mes de claquage \u00e9lectrique \u00e0 \u00e9chelle industrielle ont \u00e9t\u00e9 int\u00e9gr\u00e9s dans des programmes de recherche et de formation. Il a jou\u00e9 un r\u00f4le ind\u00e9niable dans le d\u00e9veloppement de programmes de cycles sup\u00e9rieurs au Br\u00e9sil, au Zimbabw\u00e9, dans les Antilles et en Inde, ainsi que pour l\u2019\u00e9mergence du domaine d\u2019\u00e9tude sur le givrage \u00e0 l\u2019Universit\u00e9 du Qu\u00e9bec \u00e0 Chicoutimi.<\/p>\n<p>En plus du Prix Masoud Farzaneh qui lui a \u00e9t\u00e9 attribu\u00e9 en 2011, le professeur K.D. Srivastava s\u2019est vu d\u00e9cerner la distinction Life Fellow (IEEE et Royal Society of the Arts) ainsi que la distinction IET Fellow pour ses contributions \u00e0 la recherche.<\/p>\n","protected":false},"excerpt":{"rendered":"<p>Le r\u00e9cipiendaire du prix 2011 K.D. Srivastava, Ph.D. Pour ses contributions \u00e0 l\u2019ing\u00e9nierie de la haute tension et \u00e0 l\u2019\u00e9ducation D. Srivastava est une personne visionnaire et un d\u00e9veloppeur de mod\u00e8les pratiques pour la collaboration industrie \u2013 universit\u00e9. Il a am\u00e9lior\u00e9 l\u2019\u00e9ducation et les initiatives de recherche en g\u00e9nie \u00e9lectrique partout dans le monde. Le &hellip; <a href=\"https:\/\/www.uqac.ca\/farzaneh\/laureats-precedents\/srivastava\/\" class=\"more-link\">Continuer la lecture de <span class=\"screen-reader-text\">K.D. Srivastava, Ph.D.<\/span>  <span class=\"meta-nav\">&rarr;<\/span><\/a><\/p>\n","protected":false},"author":1,"featured_media":92,"parent":39,"menu_order":0,"comment_status":"closed","ping_status":"closed","template":"","meta":{"footnotes":""},"_links":{"self":[{"href":"https:\/\/www.uqac.ca\/farzaneh\/wp-json\/wp\/v2\/pages\/91"}],"collection":[{"href":"https:\/\/www.uqac.ca\/farzaneh\/wp-json\/wp\/v2\/pages"}],"about":[{"href":"https:\/\/www.uqac.ca\/farzaneh\/wp-json\/wp\/v2\/types\/page"}],"author":[{"embeddable":true,"href":"https:\/\/www.uqac.ca\/farzaneh\/wp-json\/wp\/v2\/users\/1"}],"replies":[{"embeddable":true,"href":"https:\/\/www.uqac.ca\/farzaneh\/wp-json\/wp\/v2\/comments?post=91"}],"version-history":[{"count":1,"href":"https:\/\/www.uqac.ca\/farzaneh\/wp-json\/wp\/v2\/pages\/91\/revisions"}],"predecessor-version":[{"id":93,"href":"https:\/\/www.uqac.ca\/farzaneh\/wp-json\/wp\/v2\/pages\/91\/revisions\/93"}],"up":[{"embeddable":true,"href":"https:\/\/www.uqac.ca\/farzaneh\/wp-json\/wp\/v2\/pages\/39"}],"wp:featuredmedia":[{"embeddable":true,"href":"https:\/\/www.uqac.ca\/farzaneh\/wp-json\/wp\/v2\/media\/92"}],"wp:attachment":[{"href":"https:\/\/www.uqac.ca\/farzaneh\/wp-json\/wp\/v2\/media?parent=91"}],"curies":[{"name":"wp","href":"https:\/\/api.w.org\/{rel}","templated":true}]}}