{"id":11,"date":"2016-06-08T20:03:21","date_gmt":"2016-06-08T19:03:21","guid":{"rendered":"http:\/\/www.uqac.ca\/fouellet\/?page_id=11"},"modified":"2016-06-28T17:09:08","modified_gmt":"2016-06-28T16:09:08","slug":"a-propos","status":"publish","type":"page","link":"https:\/\/www.uqac.ca\/fouellet\/?page_id=11","title":{"rendered":"\u00c0 propos"},"content":{"rendered":"<div class=\"info-box-row clearfix\" id=\"info-box-row-81\">\n<div id=\"info-box-75\" class=\" ffs-two-one ffs-info-box center \" ><div class=\"ffs-icon-box\"><span class=\"ffs-icon-container\"><i class=\"fa none\" style=\"display:none\"><\/i><\/span><\/div><div class=\"ffs-content-box\"><div class=\"infobox-title\" style=\"text-align:center; text-align:left; font-size:18px; text-transform: uppercase; font-weight:bold\">Biographie<\/div><div class=\"infobox-text\"  style=\"text-align:center; text-align:left;font-size:16px\" ><\/p>\n<p>Fran\u00e7ois Ouellet est professeur titulaire de litt\u00e9rature fran\u00e7aise et qu\u00e9b\u00e9coise \u00e0 l\u2019Universit\u00e9 du Qu\u00e9bec \u00e0 Chicoutimi depuis 2000. Il a \u00e9t\u00e9 titulaire de la Chaire de recherche du Canada sur le roman moderne de 2005 \u00e0 2015. Il a soutenu une th\u00e8se de doctorat \u00e0 l\u2019Universit\u00e9 Paris IV sur l\u2019\u0153uvre d\u2019Emmanuel Bove, \u00e0 qui il a par la suite consacr\u00e9 deux ouvrages. Sp\u00e9cialiste du roman fran\u00e7ais de l\u2019entre-deux-guerres, il s\u2019int\u00e9resse en particulier aux \u00ab\u00a0\u00e9crivains m\u00e9connus\u00a0\u00bb. Son plus r\u00e9cent ouvrage <em>La litt\u00e9rature pr\u00e9caire. De Pierre Bost \u00e0 Pierre Herbart<\/em> regroupe quelques-unes des \u00e9tudes portant sur ces \u00e9crivains. Ses recherches ont permis notamment de faire r\u00e9\u00e9diter plusieurs titres de <a class=\"blue\" href=\"http:\/\/www.uqac.ca\/pierrebost\">Pierre Bost<\/a>, sur qui il pr\u00e9pare actuellement un essai biographique. Il a aussi publi\u00e9 des essais sur la litt\u00e9rature qu\u00e9b\u00e9coise et sur la litt\u00e9rature franco-ontarienne.<\/p>\n<p><a class=\"btn btn-default read-more\" href=\"?page_id=209\">Lire la suite &gt;<\/a><\/p>\n\n<p><\/div><\/div><\/div><div id=\"info-box-44\" class=\" ffs-two-one ffs-info-box center last\" ><div class=\"ffs-icon-box\"><span class=\"ffs-icon-container\"><i class=\"fa none\" style=\"display:none\"><\/i><\/span><\/div><div class=\"ffs-content-box\"><div class=\"infobox-title\" style=\"text-align:center; text-align:left; font-size:18px; text-transform: uppercase; font-weight:bold\">Champs d&#039;int\u00e9r\u00eat<\/div><div class=\"infobox-text\"  style=\"text-align:center; text-align:left\" ><\/p>\n<ul>\n<li style=\"text-align: left;\">Litt\u00e9rature fran\u00e7aise 19e \u2014 20e si\u00e8cles<\/li>\n<li style=\"text-align: left;\">Romanciers m\u00e9connus de l\u2019entre-deux-guerre en France<\/li>\n<li style=\"text-align: left;\">Litt\u00e9rature qu\u00e9b\u00e9coise 20e si\u00e8cle et contemporaine<\/li>\n<li style=\"text-align: left;\">Litt\u00e9rature franco-ontarienne<\/li>\n<li style=\"text-align: left;\">Th\u00e9ories de la narrativit\u00e9<\/li>\n<li style=\"text-align: left;\">Psychanalyse litt\u00e9raire<\/li>\n<li style=\"text-align: left;\">M\u00e9taphore paternelle<\/li>\n<li style=\"text-align: left;\">Intertextualit\u00e9<\/li>\n<li style=\"text-align: left;\">Histoire litt\u00e9raire et histoire des id\u00e9es<\/li>\n<li style=\"text-align: left;\">Subjectivit\u00e9, identit\u00e9 et alt\u00e9rit\u00e9<\/li>\n<\/ul>\n<p><\/div><\/div><\/div><\/div><div class=\"clearfix\"><\/div>\n","protected":false},"excerpt":{"rendered":"","protected":false},"author":1,"featured_media":0,"parent":0,"menu_order":0,"comment_status":"closed","ping_status":"closed","template":"","meta":{"footnotes":""},"class_list":["post-11","page","type-page","status-publish","hentry"],"_links":{"self":[{"href":"https:\/\/www.uqac.ca\/fouellet\/index.php?rest_route=\/wp\/v2\/pages\/11"}],"collection":[{"href":"https:\/\/www.uqac.ca\/fouellet\/index.php?rest_route=\/wp\/v2\/pages"}],"about":[{"href":"https:\/\/www.uqac.ca\/fouellet\/index.php?rest_route=\/wp\/v2\/types\/page"}],"author":[{"embeddable":true,"href":"https:\/\/www.uqac.ca\/fouellet\/index.php?rest_route=\/wp\/v2\/users\/1"}],"replies":[{"embeddable":true,"href":"https:\/\/www.uqac.ca\/fouellet\/index.php?rest_route=%2Fwp%2Fv2%2Fcomments&post=11"}],"version-history":[{"count":63,"href":"https:\/\/www.uqac.ca\/fouellet\/index.php?rest_route=\/wp\/v2\/pages\/11\/revisions"}],"predecessor-version":[{"id":519,"href":"https:\/\/www.uqac.ca\/fouellet\/index.php?rest_route=\/wp\/v2\/pages\/11\/revisions\/519"}],"wp:attachment":[{"href":"https:\/\/www.uqac.ca\/fouellet\/index.php?rest_route=%2Fwp%2Fv2%2Fmedia&parent=11"}],"curies":[{"name":"wp","href":"https:\/\/api.w.org\/{rel}","templated":true}]}}