{"id":131,"date":"2016-06-10T16:59:08","date_gmt":"2016-06-10T15:59:08","guid":{"rendered":"http:\/\/www.uqac.ca\/fouellet\/?page_id=131"},"modified":"2025-01-11T00:28:38","modified_gmt":"2025-01-10T23:28:38","slug":"accueil","status":"publish","type":"page","link":"https:\/\/www.uqac.ca\/fouellet\/","title":{"rendered":"Untitled"},"content":{"rendered":"<h1 style=\"font-size: 30px;margin-top: -25px\">ESSAYISTE ET PROFESSEUR TITULAIRE DE LITT\u00c9RATURE<\/h1>\n<h2 style=\"font-size: 20px\">\u00c0 L&rsquo;UNIVERSIT\u00c9 DU QU\u00c9BEC \u00c0 CHICOUTIMI<\/h2>\n<p>&nbsp;<\/p>\n<h2>Publications r\u00e9centes<\/h2>\n<p><img loading=\"lazy\" decoding=\"async\" class=\"alignleft wp-image-1353 size-medium\" src=\"https:\/\/www.uqac.ca\/fouellet\/wp-content\/uploads\/2025\/01\/couv-ouellet-205x300.jpg\" alt=\"\" width=\"205\" height=\"300\" srcset=\"https:\/\/www.uqac.ca\/fouellet\/wp-content\/uploads\/2025\/01\/couv-ouellet-205x300.jpg 205w, https:\/\/www.uqac.ca\/fouellet\/wp-content\/uploads\/2025\/01\/couv-ouellet.jpg 400w\" sizes=\"(max-width: 205px) 100vw, 205px\" \/><\/p>\n<p><strong><i>L&rsquo;espace\u00a0signifiant du texte. M\u00e9taphore paternelle et significations collat\u00e9rales.<\/i> Presses de l&rsquo;Universit\u00e9 de Montr\u00e9al, 2025, 264 p.<\/strong><\/p>\n<p>Depuis plus de vingt ans, Fran\u00e7ois Ouellet poursuit une r\u00e9flexion\u00a0sur la repr\u00e9sentation litt\u00e9raire du p\u00e8re. Pour lui, au-del\u00e0 des diff\u00e9rences\u00a0de sensibilit\u00e9 et de style, toute \u0153uvre reste indissociable\u00a0d\u2019un patriarcat historique qui, pendant tr\u00e8s longtemps, et pour\u00a0le meilleur et pour le pire, a structur\u00e9 le monde moderne.<\/p>\n<p>Le pr\u00e9sent\u00a0ouvrage propose une approche textualiste de cette question\u00a0complexe, montrant comment elle s\u2019articule dans l\u2019imaginaire\u00a0fictionnel d\u2019un ensemble d\u2019\u0153uvres romanesques.\u00a0C\u2019est \u00e0 l\u2019int\u00e9rieur de cet espace textuel du patriarcat que\u00a0se donnent \u00e0 lire ici des romans d\u2019\u00c9mile Zola, Laure Conan,\u00a0Rachilde, Paul Morand, Robert Charbonneau, Ren\u00e9 Barjavel,\u00a0Gabrielle Poulin, Gilles Marcotte, Herv\u00e9 Bouchard, Olivier\u00a0Fr\u00e9bourg, Louis Hamelin et H\u00e9l\u00e8ne Lenoir. La rigueur et la clart\u00e9\u00a0de la d\u00e9monstration rendent cet ouvrage accessible \u00e0 tous les\u00a0passionn\u00e9s de litt\u00e9rature, qui de celle-ci pourront approfondir leur\u00a0compr\u00e9hension, ses motifs et ses enjeux.<\/p>\n<h3 style=\"text-align: left\"><\/h3>\n<p>&nbsp;<\/p>\n<p><img loading=\"lazy\" decoding=\"async\" class=\"alignleft wp-image-1334 size-medium\" src=\"https:\/\/www.uqac.ca\/fouellet\/wp-content\/uploads\/2024\/10\/SbrMS02b_couv-200x300.jpg\" alt=\"\" width=\"200\" height=\"300\" srcset=\"https:\/\/www.uqac.ca\/fouellet\/wp-content\/uploads\/2024\/10\/SbrMS02b_couv-200x300.jpg 200w, https:\/\/www.uqac.ca\/fouellet\/wp-content\/uploads\/2024\/10\/SbrMS02b_couv-683x1024.jpg 683w, https:\/\/www.uqac.ca\/fouellet\/wp-content\/uploads\/2024\/10\/SbrMS02b_couv-1024x1536.jpg 1024w, https:\/\/www.uqac.ca\/fouellet\/wp-content\/uploads\/2024\/10\/SbrMS02b_couv.jpg 1260w\" sizes=\"(max-width: 200px) 100vw, 200px\" \/><\/p>\n<p><strong><i>Andr\u00e9 Gide et l&rsquo;autre sexe,<\/i> sous la direction de Patrick Bergeron, St\u00e9phanie Bertrand et Fran\u00e7ois Ouellet, Classiques Garnier, 2024, 239 p.<\/strong><\/p>\n<p>Les \u00e9tudes r\u00e9unies s\u2019attachent \u00e0 \u00e9tudier le regard qu\u2019Andr\u00e9 Gide porte sur l\u2019autre sexe, \u00e0 la fois \u00e0 partir de la vie personnelle de l\u2019\u00e9crivain, de ses relations avec les femmes qui l\u2019ont entour\u00e9 ou qu\u2019il a c\u00f4toy\u00e9es, et \u00e0 partir de son \u0153uvre et de la mani\u00e8re dont il y repr\u00e9sente les personnages et les corps f\u00e9minins. Si ce questionnement relatif \u00e0 la repr\u00e9sentation de la femme et \u00e0 son statut dans la soci\u00e9t\u00e9 occupe une place aussi importante dans l\u2019\u0153uvre gidienne, c\u2019est qu\u2019il s\u2019inscrit plus largement dans une r\u00e9flexion sur l\u2019identit\u00e9 sexuelle, d\u00e9terminante dans l\u2019\u0153uvre d\u2019un \u00e9crivain dont la vocation artistique est n\u00e9e du sentiment de n\u2019\u00eatre \u00ab pas pareil aux autres \u00bb.<\/p>\n<p>&nbsp;<\/p>\n<h3><\/h3>\n<h3><\/h3>\n<p>&nbsp;<\/p>\n<p>&nbsp;<\/p>\n<p>&nbsp;<\/p>\n<p><img loading=\"lazy\" decoding=\"async\" class=\"wp-image-1275 size-medium alignleft\" src=\"https:\/\/www.uqac.ca\/fouellet\/wp-content\/uploads\/2023\/12\/G\u00e9n\u00e9ration-1919-174x300.jpeg\" width=\"174\" height=\"300\" srcset=\"https:\/\/www.uqac.ca\/fouellet\/wp-content\/uploads\/2023\/12\/G\u00e9n\u00e9ration-1919-174x300.jpeg 174w, https:\/\/www.uqac.ca\/fouellet\/wp-content\/uploads\/2023\/12\/G\u00e9n\u00e9ration-1919-595x1024.jpeg 595w, https:\/\/www.uqac.ca\/fouellet\/wp-content\/uploads\/2023\/12\/G\u00e9n\u00e9ration-1919.jpeg 1405w\" sizes=\"(max-width: 174px) 100vw, 174px\" \/><\/p>\n<p><strong>Pierre Bost, Andr\u00e9\u00a0Chamson, Jean\u00a0Pr\u00e9vost, <em>G\u00e9n\u00e9ration 1919. D\u00e9positions d&rsquo;\u00e9crivains en devenir<\/em>, textes r\u00e9unis, pr\u00e9sent\u00e9s et annot\u00e9s par Emmanuel Bluteau et Fran\u00e7ois Ouellet, \u00e9d. La Th\u00e9ba\u00efde, 2024.<\/strong><\/p>\n<p>N\u00e9 aux alentours de 1900, Bost, Chamson et Pr\u00e9vost ont \u00e9t\u00e9 lyc\u00e9ens en province. Venus \u00e0 Paris pour leurs \u00e9tudes sup\u00e9rieures, ils n\u2019imaginent pas ce que l\u2019ann\u00e9e scolaire 1918-1919 va leur r\u00e9server. Alors que la Grande Guerre n\u2019a de sens pour que par les journaux et les cartes, l\u2019Histoire s\u2019effectue sous leurs yeux avec la proclamation de l\u2019Armistice et le d\u00e9but de l\u2019apr\u00e8s-guerre. Les trois \u00e9tudiants deviennent ami \u00e0 un moment o\u00f9 les plus folles esp\u00e9rances sont de mises.<\/p>\n<p>Dix ans plus tard, chacun revient sur cette p\u00e9riode charni\u00e8re de leur vie alors qu\u2019ils pr\u00e9paraient leur avenir en kh\u00e2gne \u00e0 Henri-IV ou \u00e0 l\u2019\u00c9cole des Chartes. D\u00e9couvertes intellectuelles, go\u00fbt de l\u2019\u00e9tude et apprentissage de la vie, le besoin de se retourner sur ce jeune pass\u00e9 s\u2019exprime avec des textes \u00e0 leur image. Bost en indiff\u00e9rent avec \u00ab Fabrice \u00e0 Waterloo \u00bb,\u00a0Chamson en intellectuel avec \u00ab La R\u00e9volution 19 \u00bb et\u00a0Pr\u00e9vost en t\u00e9moin engag\u00e9 avec \u00ab Dix-huiti\u00e8me ann\u00e9e \u00bb. Cette coupure de 1919 aura \u00e9t\u00e9 g\u00e9n\u00e9rationelle : ces souvenirs de jeunesse, t\u00e9moignages ou m\u00e9moires pr\u00e9coces son autant de d\u00e9positions d\u2019homme de lettres en devenir. Ils tiendront leurs promesses : \u00e9crivains pr\u00e9coces, journalistes talentueux, ils sauront d\u00e9passer leur pacifisme initiale pour r\u00e9sister brillamment lors de la guerre suivante et inscrire leur empreinte d\u2019honn\u00eates hommes. Leur destin\u00e9e ressemble \u00e0 un serment de fid\u00e9lit\u00e9 \u00e0 leur jeunesse.<\/p>\n<h3><\/h3>\n<p>&nbsp;<\/p>\n<p>&nbsp;<\/p>\n<p><img loading=\"lazy\" decoding=\"async\" class=\"alignleft wp-image-1237 size-medium\" src=\"https:\/\/www.uqac.ca\/fouellet\/wp-content\/uploads\/2023\/09\/Vu-dAllemagne-173x300.jpeg\" alt=\"\" width=\"173\" height=\"300\" srcset=\"https:\/\/www.uqac.ca\/fouellet\/wp-content\/uploads\/2023\/09\/Vu-dAllemagne-173x300.jpeg 173w, https:\/\/www.uqac.ca\/fouellet\/wp-content\/uploads\/2023\/09\/Vu-dAllemagne-591x1024.jpeg 591w, https:\/\/www.uqac.ca\/fouellet\/wp-content\/uploads\/2023\/09\/Vu-dAllemagne.jpeg 1396w\" sizes=\"(max-width: 173px) 100vw, 173px\" \/><\/p>\n<p><strong><em>Andr\u00e9 Beucler, Vu d&rsquo;Allemagne. Reportages<\/em> 1931-1939, \u00e9dition\u00a0d&rsquo;Emmanuel Bluteau\u00a0<\/strong><strong>et Fran\u00e7ois Ouellet, \u00e9d. La Th\u00e9ba\u00efde, 2023, 432 p.\u00a0<\/strong><\/p>\n<div>\n<p>Quatre-vingt-dix ans apr\u00e8s l\u2019arriv\u00e9e au pouvoir d\u2019Hitler, Andr\u00e9 Beucler demeure un passeur essentiel. Il a inform\u00e9 ses lecteurs fran\u00e7ais de l\u2019actualit\u00e9 d\u2019outre-Rhin \u00e0 la une de la presse \u00e0 grand tirage. Ses reportages ont \u00e9t\u00e9 lus, admir\u00e9s, comment\u00e9s\u00a0: la classe politique ne les ignorait pas. Son honn\u00eatet\u00e9 y est pour beaucoup.<\/p>\n<\/div>\n<div>\n<p>Pour Pierre Bost, r\u00e9dacteur en chef de\u00a0<em>Marianne<\/em><span class=\"apple-converted-space\"><i>\u00a0<\/i><\/span>: \u00ab\u00a0C\u2019est un trait essentiel du personnage\u00a0; il dit ce qu\u2019il voit\u00a0; il sait voir\u00a0; il aime \u00e0 voir juste\u00a0; et son \u00e9criture directe, drue, si riche en formules \u00e9clatantes, semble faite tout expr\u00e8s pour ces r\u00e9cits de voyages, pittoresques comme des films et rigoureux comme des rapports.\u00a0\u00bb<\/p>\n<\/div>\n<div>\n<p>Ses articles ratissent large et en profondeur. En journaliste avis\u00e9, il explore la soci\u00e9t\u00e9 allemande pour d\u00e9crire les r\u00e9percussions de l\u2019arriv\u00e9e des nazis en multipliant angles et interlocuteurs. Son talent de conteur contribue \u00e0 dresser un panorama exhaustif de cette p\u00e9riode cruciale.<\/p>\n<\/div>\n<div>\n<p>&nbsp;<\/p>\n<\/div>\n<p>&nbsp;<\/p>\n<p><img loading=\"lazy\" decoding=\"async\" class=\"wp-image-1238 size-medium alignleft\" src=\"https:\/\/www.uqac.ca\/fouellet\/wp-content\/uploads\/2023\/09\/Couleurs-d\u00e9criture-195x300.jpg\" width=\"195\" height=\"300\" srcset=\"https:\/\/www.uqac.ca\/fouellet\/wp-content\/uploads\/2023\/09\/Couleurs-d\u00e9criture-195x300.jpg 195w, https:\/\/www.uqac.ca\/fouellet\/wp-content\/uploads\/2023\/09\/Couleurs-d\u00e9criture-664x1024.jpg 664w, https:\/\/www.uqac.ca\/fouellet\/wp-content\/uploads\/2023\/09\/Couleurs-d\u00e9criture.jpg 830w\" sizes=\"(max-width: 195px) 100vw, 195px\" \/><\/p>\n<p><strong><em>Couleurs d&rsquo;\u00e9criture. De Julien Blanc \u00e0 Raymonde Vincent<\/em>, sous la direction de\u00a0Fran\u00e7ois Ouellet, \u00c9UD, 2023, 201 p<\/strong><i>.<\/i><\/p>\n<p>Croire que les \u00e9crivains oubli\u00e9s ne pr\u00e9sentent pas d\u2019int\u00e9r\u00eat est une erreur commune qui fait l\u2019impasse sur la complexit\u00e9 de ce appelle l\u2019institution litt\u00e9raire. Les vingt-cinq \u00e9crivains du XXe si\u00e8cle pr\u00e9sent\u00e9s ici ont beaucoup \u00e0 offrir. Certaines de leurs \u0153uvres sont parfois r\u00e9\u00e9dit\u00e9es, d\u2019autres jamais. Quelques-uns ont joui d\u2019une reconnaissance enviable en leur temps, d\u2019autres ont suscit\u00e9 un int\u00e9r\u00eat confidentiel, quelques-uns sont pass\u00e9s \u00e0 peu pr\u00e8s inaper\u00e7us. Mais tous offrent autant de trac\u00e9s d\u2019\u00e9criture \u00e0 explorer, de voies personnelles \u00e0 d\u00e9couvrir, dont les diff\u00e9rentes couleurs mettent au jour de passionnantes convergences.<\/p>\n<h3><\/h3>\n<p>&nbsp;<\/p>\n<p>&nbsp;<\/p>\n<p>&nbsp;<\/p>\n<p>&nbsp;<\/p>\n<h3><\/h3>\n<p>&nbsp;<\/p>\n<p><img loading=\"lazy\" decoding=\"async\" class=\"wp-image-1199 size-medium alignleft\" src=\"https:\/\/www.uqac.ca\/fouellet\/wp-content\/uploads\/2022\/04\/Bazar-spitz-couv.-222x300.jpg\" width=\"222\" height=\"300\" srcset=\"https:\/\/www.uqac.ca\/fouellet\/wp-content\/uploads\/2022\/04\/Bazar-spitz-couv.-222x300.jpg 222w, https:\/\/www.uqac.ca\/fouellet\/wp-content\/uploads\/2022\/04\/Bazar-spitz-couv.-758x1024.jpg 758w, https:\/\/www.uqac.ca\/fouellet\/wp-content\/uploads\/2022\/04\/Bazar-spitz-couv..jpg 1831w\" sizes=\"(max-width: 222px) 100vw, 222px\" \/><\/p>\n<p><strong><em>Le Bazar imaginaire de Jacques Spitz<\/em>, sous la direction de Patrick Guay, Fran\u00e7ois Ouellet et Natasha Vas-Deyres, Presses Universitaires de Rennes, 2022, 238 p.<\/strong><\/p>\n<p>Si l\u2019\u0153uvre m\u00e9connue de Jacques Spitz (1896-1963) n\u2019a jamais compl\u00e8tement sombr\u00e9 dans l\u2019oubli, elle vaut pourtant par des qualit\u00e9s \u00e9minentes qui la destinent \u00e0 une place de choix. En 2017, Patrick Guay publiait\u00a0<em>Jacques Spitz, le mythe de l\u2019humain<\/em>, somme de nouvelles connaissances sur l\u2019\u0153uvre de l\u2019\u00e9crivain, qui en d\u00e9gage des pistes de r\u00e9flexion inspirantes et montre la place originale qu\u2019elle occupe dans la litt\u00e9rature de l\u2019entre-deux-guerres, et au-del\u00e0. Les \u00e9tudes r\u00e9unies dans\u00a0<em>Le Bazar imaginaire de Jacques Spitz<\/em>\u00a0prolongent ce travail, approfondissent divers aspects de la po\u00e9tique de Spitz, convoquant certains des textes les moins connus de l\u2019\u00e9crivain. Mise en sc\u00e8ne du regard et th\u00e9ories optiques, connaissance du r\u00e9el et m\u00e9taphysique de l\u2019amour, posture documentaire et vision du politique, intertextualit\u00e9 barr\u00e9sienne et rimbaldienne sont autant d\u2019aspects sond\u00e9s par les contributeurs de cet ouvrage que compl\u00e8tent trois in\u00e9dits substantiels de Spitz.<\/p>\n<p>&nbsp;<\/p>\n<p>&nbsp;<\/p>\n<h3>Nouvelle subvention de recherche CRSH (programme Savoir) (2018-2024)<\/h3>\n<h3>\u00ab\u00a0Histoire du roman des femmes en France. 1900-1945\u00a0\u00bb en coll. avec Patrick Bergeron<\/h3>\n<p>Globalement, ce programme de recherche vise \u00e0 la d\u00e9couverte, \u00e0 la r\u00e9habilitation et \u00e0 la reconnaissance des romanci\u00e8res fran\u00e7aises de la premi\u00e8re moiti\u00e9 du XX<sup>e<\/sup>\u00a0si\u00e8cle. Son principal objectif est de produire une histoire du roman des femmes en France entre 1900 et 1945. Ce programme rel\u00e8ve d\u2019une po\u00e9tique de l\u2019histoire litt\u00e9raire, o\u00f9 le panorama global que l\u2019on peut dresser de la production litt\u00e9raire de l\u2019\u00e9poque (les principales orientations th\u00e9matiques, la convergence ou l\u2019appartenance \u00e0 des mouvements litt\u00e9raires, les d\u00e9marches singuli\u00e8res, les relations intertextuelles et intratextuelles) s\u2019accompagne d\u2019enjeux narratifs et discursifs portant sur l\u2019\u00e9criture.<\/p>\n<p>&nbsp;<\/p>\n<h3><\/h3>\n<p>&nbsp;<\/p>\n<h3>R\u00e9\u00e9dition de deux romans d&rsquo;Emmanuel Bove\u00a0\u00e0\u00a0lire imp\u00e9rativement !<\/h3>\n<h2 style=\"text-align: center\"><\/h2>\n<p><img loading=\"lazy\" decoding=\"async\" class=\"wp-image-795 size-medium alignleft\" src=\"https:\/\/www.uqac.ca\/fouellet\/wp-content\/uploads\/2017\/04\/BOVE-COALITION-207x300.jpg\" width=\"207\" height=\"300\" srcset=\"https:\/\/www.uqac.ca\/fouellet\/wp-content\/uploads\/2017\/04\/BOVE-COALITION-207x300.jpg 207w, https:\/\/www.uqac.ca\/fouellet\/wp-content\/uploads\/2017\/04\/BOVE-COALITION.jpg 500w\" sizes=\"(max-width: 207px) 100vw, 207px\" \/><\/p>\n<p><strong><em>La coalition<\/em>, roman de 1927 r\u00e9\u00e9dit\u00e9 aux \u00e9ditions L&rsquo;Arbre vengeur en mars 2017.<\/strong><\/p>\n<p>Louise Aftalion et son fils Nicolas reviennent \u00e0 Paris. Veuve d\u2019un perdant venu de loin pour \u00e9chouer, m\u00e8re d\u2019un gar\u00e7on sans vergogne qui ne la quitte pas et entretient ses derni\u00e8res illusions, elle esp\u00e8re renouer avec sa famille et rem\u00e9dier \u00e0 la g\u00eane qu\u2019elle sent poindre. Mais\u202fla\u202ffaible compassion des uns conjugu\u00e9e \u00e0 l\u2019insoutenable incons\u00e9quence du duo va vite contribuer \u00e0 l\u2019all\u00e8gement dramatique de leurs finances.<\/p>\n<p>Avec ce g\u00e9nie narratif que personne ne dispute \u00e0 Emmanuel Bove,\u00a0<em>La Coalition<\/em>\u00a0nous raconte, pr\u00e9cis et cruel, la lente descente aux enfers d\u2019inadapt\u00e9s qui sont persuad\u00e9s que le monde entier leur en veut mais que le pire est pourtant impossible.<\/p>\n<p>\u0152uvre vertigineuse qui happe le lecteur m\u00e9dus\u00e9 par cet \u00e9trange rapport \u00e0 l\u2019argent, ce roman fascine, port\u00e9 par cette voix unique qui laisse percer un rien d\u2019ironie. L\u2019auteur\u202fdu m\u00e9morable\u00a0<em>Mes amis<\/em>, conjurant ses d\u00e9mons en\u202fnous les exposant, y a mis le plus terrible de lui-m\u00eame.<\/p>\n<p>&nbsp;<\/p>\n<p>&nbsp;<\/p>\n<p><img loading=\"lazy\" decoding=\"async\" class=\"wp-image-876 size-medium alignleft\" src=\"https:\/\/www.uqac.ca\/fouellet\/wp-content\/uploads\/2017\/10\/Un-homme-qui-savait-182x300.jpg\" width=\"182\" height=\"300\" srcset=\"https:\/\/www.uqac.ca\/fouellet\/wp-content\/uploads\/2017\/10\/Un-homme-qui-savait-182x300.jpg 182w, https:\/\/www.uqac.ca\/fouellet\/wp-content\/uploads\/2017\/10\/Un-homme-qui-savait.jpg 400w\" sizes=\"(max-width: 182px) 100vw, 182px\" \/><\/p>\n<p><strong><em>Un homme\u00a0qui savait<\/em>, roman de 1942 r\u00e9\u00e9dit\u00e9 aux \u00e9ditions La Table ronde\u00a0en octobre\u00a02017.<\/strong><\/p>\n<p>Com\u00e9dien ou malade, paum\u00e9 ou escroc, qui est vraiment Maurice Lesca ? Il vit avec sa s\u0153ur Emily dans un petit appartement de la rue de Rivoli. Il a cinquante-sept ans, c\u2019est un ancien m\u00e9decin. Il est tr\u00e8s pauvre. Il m\u00e8ne une vie larvaire, en apparence, mais on se trompe peut-\u00eatre sur le compte de cet homme qui joue avec une s\u00fbret\u00e9 magistrale de sa gaucherie, de son incapacit\u00e9 pitoyable. Maurice Lesca est un myst\u00e8re.<\/p>\n<p>Le monde tourment\u00e9 et cruel d\u2019Emmanuel Bove n\u2019est peut-\u00eatre jamais mieux incarn\u00e9 que dans ce roman d\u2019une perfection classique.<\/p>\n<p>Lire le compte rendu de Patrick Guay dans le magazine <em>Nuit Blanche<\/em>.\u00a0<a href=\"http:\/\/www.nuitblanche.com\/commentaire-lecture\/un-homme-qui-savait\/\"><i class=\"fa fa-external-link \" ><\/i><\/a><\/p>\n<h1 class=\"entry-title\" style=\"text-align: center\"><\/h1>\n<p>&nbsp;<\/p>\n","protected":false},"excerpt":{"rendered":"<p>ESSAYISTE ET PROFESSEUR TITULAIRE DE LITT\u00c9RATURE \u00c0 L&rsquo;UNIVERSIT\u00c9 DU QU\u00c9BEC \u00c0 CHICOUTIMI &nbsp; Publications r\u00e9centes L&rsquo;espace\u00a0signifiant du texte. M\u00e9taphore paternelle et significations collat\u00e9rales. Presses de l&rsquo;Universit\u00e9 de Montr\u00e9al, 2025, 264 p. Depuis plus de vingt ans, Fran\u00e7ois Ouellet poursuit une r\u00e9flexion\u00a0sur la repr\u00e9sentation litt\u00e9raire du p\u00e8re. Pour lui, au-del\u00e0 des diff\u00e9rences\u00a0de sensibilit\u00e9 et de style, [&hellip;]<\/p>\n","protected":false},"author":1,"featured_media":0,"parent":0,"menu_order":0,"comment_status":"closed","ping_status":"closed","template":"","meta":{"footnotes":""},"class_list":["post-131","page","type-page","status-publish","hentry"],"_links":{"self":[{"href":"https:\/\/www.uqac.ca\/fouellet\/index.php?rest_route=\/wp\/v2\/pages\/131"}],"collection":[{"href":"https:\/\/www.uqac.ca\/fouellet\/index.php?rest_route=\/wp\/v2\/pages"}],"about":[{"href":"https:\/\/www.uqac.ca\/fouellet\/index.php?rest_route=\/wp\/v2\/types\/page"}],"author":[{"embeddable":true,"href":"https:\/\/www.uqac.ca\/fouellet\/index.php?rest_route=\/wp\/v2\/users\/1"}],"replies":[{"embeddable":true,"href":"https:\/\/www.uqac.ca\/fouellet\/index.php?rest_route=%2Fwp%2Fv2%2Fcomments&post=131"}],"version-history":[{"count":67,"href":"https:\/\/www.uqac.ca\/fouellet\/index.php?rest_route=\/wp\/v2\/pages\/131\/revisions"}],"predecessor-version":[{"id":1361,"href":"https:\/\/www.uqac.ca\/fouellet\/index.php?rest_route=\/wp\/v2\/pages\/131\/revisions\/1361"}],"wp:attachment":[{"href":"https:\/\/www.uqac.ca\/fouellet\/index.php?rest_route=%2Fwp%2Fv2%2Fmedia&parent=131"}],"curies":[{"name":"wp","href":"https:\/\/api.w.org\/{rel}","templated":true}]}}