{"id":209,"date":"2016-06-13T17:20:18","date_gmt":"2016-06-13T16:20:18","guid":{"rendered":"http:\/\/www.uqac.ca\/fouellet\/?page_id=209"},"modified":"2017-03-16T01:18:30","modified_gmt":"2017-03-16T00:18:30","slug":"biographie","status":"publish","type":"page","link":"https:\/\/www.uqac.ca\/fouellet\/?page_id=209","title":{"rendered":"Biographie"},"content":{"rendered":"<div class=\"info-box-row clearfix\" id=\"info-box-row-84\">\n<div id=\"info-box-86\" class=\" ffs-five-one ffs-info-box center \" ><div class=\"ffs-icon-box\"><span class=\"ffs-icon-container\"><i class=\"fa none\" style=\"display:none\"><\/i><\/span><\/div><div class=\"ffs-content-box\"><div class=\"infobox-text\"  style=\"text-align:center; font-size:13px; \" ><\/p>\n<p><img loading=\"lazy\" decoding=\"async\" class=\"alignleft wp-image-224 size-medium\" src=\"https:\/\/www.uqac.ca\/fouellet\/wp-content\/uploads\/2016\/06\/ImageBio-225x300.jpg\" width=\"225\" height=\"300\" srcset=\"https:\/\/www.uqac.ca\/fouellet\/wp-content\/uploads\/2016\/06\/ImageBio-225x300.jpg 225w, https:\/\/www.uqac.ca\/fouellet\/wp-content\/uploads\/2016\/06\/ImageBio.jpg 413w\" sizes=\"(max-width: 225px) 100vw, 225px\" \/><\/p>\n\n\n\n\n\n\n\n\n<p>\u00a9 Copyright Denis Blackburn<\/p>\n<p><\/div><\/div><\/div><\/p>\n<p><div id=\"info-box-99\" class=\" ffs-five-four ffs-info-box center last\" ><div class=\"ffs-icon-box\"><span class=\"ffs-icon-container\"><i class=\"fa none\" style=\"display:none;\"><\/i><\/span><\/div><div class=\"ffs-content-box\"><div class=\"infobox-text\"  style=\"text-align:center; text-align:left\" >Son plus r\u00e9cent ouvrage en litt\u00e9rature qu\u00e9b\u00e9coise, <em>Grandeurs et mis\u00e8re de l\u2019\u00e9crivain national<\/em> (Nota bene, 2013), porte sur les relations entre les \u0153uvres de Victor-L\u00e9vy Beaulieu et de Jacques Ferron, d\u2019une part, et propose une analyse de l\u2019\u0153uvre de ces \u00e9crivains \u00e0 la lumi\u00e8re de la m\u00e9taphore paternelle et de la posture nationale de ces \u00e9crivains\u00a0(les repr\u00e9sentations d\u2019eux-m\u00eames qu\u2019ils offrent dans le contexte d\u2019un Qu\u00e9bec historiquement et politiquement probl\u00e9matique). Cet essai prolonge la r\u00e9flexion inaugur\u00e9e dans <em>Passer au rang de P\u00e8re. Identit\u00e9 sociohistorique et litt\u00e9raire au Qu\u00e9bec <\/em>(Nota bene, 2002 ; r\u00e9\u00e9dition en collection de poche en 2013). Entre autres ouvrages, il a aussi publi\u00e9, en collaboration avec Fran\u00e7ois Par\u00e9, un essai sur l\u2019\u0153uvre de Louis Hamelin (<em>Louis Hamelin et ses doubles<\/em>, Nota bene, 2008, Prix Gabrielle-Roy).<\/p>\n<p>En litt\u00e9rature franco-ontarienne, il est sp\u00e9cialiste de l\u2019\u0153uvre de Daniel Poliquin (<em>La fiction du h\u00e9ros<\/em>, Nota bene, 2011 ; <em>Lire Poloquin<\/em>, Prise de parole, 2009) et a publi\u00e9 plusieurs textes sur le roman des femmes. Et il pr\u00e9pare actuellement un livre sur ces romanci\u00e8res. En 2016, il a publi\u00e9, avec Lucie Hotte, <em>Litt\u00e9rature franco-ontarienne. Nouveaux enjeux esth\u00e9tiques<\/em> (Prise de parole, 2016). Cet ouvrage rappelle, vingt ans plus tard, les publications, toutes deux avec Lucie Hotte, de <em>La litt\u00e9rature franco-ontarienne\u00a0: Enjeux esth\u00e9tiques <\/em>(Le Nordir, 1996) et de <em>Postures scripturaires dans la litt\u00e9rature franco-ontarienne <\/em>(<em>Tangence<\/em>, no 56, d\u00e9cembre 1997), qui ont pav\u00e9 la voie \u00e0 une approche plus formelle du corpus franco-ontarien.<\/p>\n<p>Th\u00e9oricien des formes narratives et historien du roman moderne, il\u00a0a plac\u00e9 la question du P\u00e8re au centre de ses r\u00e9flexions sur le monde et la litt\u00e9rature.<\/p>\n<p>Il est notamment membre du Groupe Interdisciplinaires d\u2019\u00c9tudes Nizaniennes (GIEN), de l\u2019Association des Amis de Jean Pr\u00e9vost et de Figura (Centre de recherche sur le texte et l\u2019imaginaire). Il est directeur de collection aux \u00c9ditions Nota bene.<\/p>\n<p><a class=\"btn btn-default read-more\" href=\"?page_id=11\">&lt; Retour<\/a><\/p>\n<p><\/div><\/div><\/div><\/div><div class=\"clearfix\"><\/div>\n","protected":false},"excerpt":{"rendered":"","protected":false},"author":1,"featured_media":0,"parent":0,"menu_order":0,"comment_status":"closed","ping_status":"closed","template":"","meta":{"footnotes":""},"class_list":["post-209","page","type-page","status-publish","hentry"],"_links":{"self":[{"href":"https:\/\/www.uqac.ca\/fouellet\/index.php?rest_route=\/wp\/v2\/pages\/209"}],"collection":[{"href":"https:\/\/www.uqac.ca\/fouellet\/index.php?rest_route=\/wp\/v2\/pages"}],"about":[{"href":"https:\/\/www.uqac.ca\/fouellet\/index.php?rest_route=\/wp\/v2\/types\/page"}],"author":[{"embeddable":true,"href":"https:\/\/www.uqac.ca\/fouellet\/index.php?rest_route=\/wp\/v2\/users\/1"}],"replies":[{"embeddable":true,"href":"https:\/\/www.uqac.ca\/fouellet\/index.php?rest_route=%2Fwp%2Fv2%2Fcomments&post=209"}],"version-history":[{"count":18,"href":"https:\/\/www.uqac.ca\/fouellet\/index.php?rest_route=\/wp\/v2\/pages\/209\/revisions"}],"predecessor-version":[{"id":789,"href":"https:\/\/www.uqac.ca\/fouellet\/index.php?rest_route=\/wp\/v2\/pages\/209\/revisions\/789"}],"wp:attachment":[{"href":"https:\/\/www.uqac.ca\/fouellet\/index.php?rest_route=%2Fwp%2Fv2%2Fmedia&parent=209"}],"curies":[{"name":"wp","href":"https:\/\/api.w.org\/{rel}","templated":true}]}}