{"id":27,"date":"2016-06-08T20:08:14","date_gmt":"2016-06-08T19:08:14","guid":{"rendered":"http:\/\/www.uqac.ca\/fouellet\/?page_id=27"},"modified":"2022-04-24T16:57:39","modified_gmt":"2022-04-24T15:57:39","slug":"actualites","status":"publish","type":"page","link":"https:\/\/www.uqac.ca\/fouellet\/?page_id=27","title":{"rendered":"Actualit\u00e9s"},"content":{"rendered":"<h2>Nouveau livre<\/h2>\n<p><em>La mati\u00e8re des mots. Entretiens avec Hans-J\u00fcrgen Greif<\/em>, Nota bene, 2021, 237 p.<\/p>\n<h2>\u00c9dition<\/h2>\n<p>Andr\u00e9 Beucler et Pierre Bost, <em> 1925-1975<\/em>, \u00e9dition \u00e9tablie par Fran\u00e7ois Ouellet, <em>Plaisirs de m\u00e9moire et d\u2019avenir<\/em>, num\u00e9ro hors s\u00e9rie, octobre 2021, 286 p.<\/p>\n<p>\u00ab\u00a0Arr\u00eat sur image\u00a0\u00bb, pr\u00e9face \u00e0 la r\u00e9\u00e9dition de Pierre Bost, <em>Pr\u00e9textat<\/em> (roman de 1925), Le Raincy, La Th\u00e9ba\u00efde, 2021, p. 7-9.<\/p>\n<p>\u00ab L&rsquo;h\u00e9ritier de Maupassant \u00bb, pr\u00e9face \u00e0 la r\u00e9\u00e9dition d&rsquo;Andr\u00e9 Th\u00e9rive, <em>Anna<\/em>, Le Raincy, La Th\u00e9ba\u00efde, 2020, p. 7-19.<\/p>\n<h2>Autres publications\u00a0r\u00e9centes<\/h2>\n<p>\u00ab\u00a0Lib\u00e9ration et construction du sujet dans <em>La col\u00e8re du faucon<\/em> de Hans-J\u00fcrgen Greif\u00a0\u00bb, <em>\u00c9tudes litt\u00e9raires<\/em>, vol. 50, no 3, 2022, p. 137-147.<\/p>\n<p>\u00ab Raymonde Vincent, comme un paysage spirituel \u00bb, <em>Nuit blanche<\/em>, no 166, printemps\u00a02022, p.\u00a026-29.<\/p>\n<p>\u00ab\u00a0Maria Borr\u00e9ly\u00a0: estampill\u00e9e Haute-Provence \u00bb, <i>Nuit blanche<\/i>, no 165, hiver 2022, p. 36-40.<\/p>\n<p>\u00ab\u00a0La g\u00e9ographie amoureuse d\u2019H\u00e9l\u00e8ne Brodeur\u00a0\u00bb, dans B. Doyon-Gosselin et J. Desrochers (dir.), <em>L\u2019espace dans tous ses \u00e9tats<\/em>, Moncton, Perce-Neige, 2021, p. 43-58.<\/p>\n<p>\u00ab\u00a0Madeleine Vivan, une romanci\u00e8re au temps du Front populaire \u00bb, <em>Nuit blanche<\/em>, no 164, automne 2021, p. 30-33.<\/p>\n<p>\u00ab\u00a0\u00c9crire en images. Le regard de Pierre Bost sur le cin\u00e9ma de l\u2019entre-deux-guerres\u00a0\u00bb, <em>Tangence<\/em>, no 124, 2020, p. 95-111.<\/p>\n<p>\u00ab\u00a0\u00c9mouvante Catherine Colomb\u00a0\u00bb, <em>Nuit Blanche<\/em>, no 160, automne 2020, p. 10-14.<\/p>\n<h2>Ouvrage en pr\u00e9paration<\/h2>\n<p>Essai biographique sur Pierre Bost<\/p>\n<h2>Communications\u00a0\u00e0 venir<\/h2>\n<p>\u00ab\u00a0Relire Gide du coin de l\u2019\u0153il\u00a0\u00bb, colloque <em>Gide et les femmes<\/em>, Maison de la litt\u00e9rature, Qu\u00e9bec, 10-11 novembre 2022.<\/p>\n<p><span lang=\"FR\">\u00ab La \u201crevie\u201d discr\u00e8te de Maria Borr\u00e9ly\u00a0\u00bb,\u00a036<sup>e<\/sup> Congr\u00e8s du Conseil International d\u2019\u00c9tudes Francophones (CIEF), Trente (Italie),\u00a020-26 juin 2022.<\/span><\/p>\n<h2>Communications\u00a0r\u00e9centes<\/h2>\n<p>\u00ab\u00a0Qu\u2019est-ce que la revie litt\u00e9raire\u00a0?\u00a0\u00bb, Journ\u00e9e d\u2019\u00e9tude <em>Penser la revie litt\u00e9raire<\/em>, Universit\u00e9 de Franche-Comt\u00e9, 8 avril 2022.<\/p>\n<p>\u00ab\u00a0Postures langagi\u00e8res chez Jean Chicoine \u00bb, 30<sup>e<\/sup> colloque de l\u2019APLAQA, Universit\u00e9 Saint-Thomas et Universit\u00e9 du Nouveau Brunswick, Fredericton, 21-24 octobre 2021.<\/p>\n<h2><strong>Recherche subventionn\u00e9e en cours<\/strong><\/h2>\n<p>Subvention CRSH-SAVOIR (2018-2023) pour le projet \u00ab Histoire du roman des femmes (1900-1945) \u00bb men\u00e9 en collaboration avec Patrick Bergeron de l&rsquo;Universit\u00e9 du Nouveau-Brunswick (Fredericton).<\/p>\n<h2>Prix<\/h2>\n<p>Prix Marguerite-Maillet 2021 remis par l&rsquo;Association des professeurs des litt\u00e9ratures de l&rsquo;Atlantique et du Qu\u00e9bec (APLAQA) et la Soci\u00e9t\u00e9 Nationale de l&rsquo;Acadie (SNA).<\/p>\n","protected":false},"excerpt":{"rendered":"<p>Nouveau livre La mati\u00e8re des mots. Entretiens avec Hans-J\u00fcrgen Greif, Nota bene, 2021, 237 p. \u00c9dition Andr\u00e9 Beucler et Pierre Bost, 1925-1975, \u00e9dition \u00e9tablie par Fran\u00e7ois Ouellet, Plaisirs de m\u00e9moire et d\u2019avenir, num\u00e9ro hors s\u00e9rie, octobre 2021, 286 p. \u00ab\u00a0Arr\u00eat sur image\u00a0\u00bb, pr\u00e9face \u00e0 la r\u00e9\u00e9dition de Pierre Bost, Pr\u00e9textat (roman de 1925), Le Raincy, [&hellip;]<\/p>\n","protected":false},"author":1,"featured_media":0,"parent":0,"menu_order":0,"comment_status":"closed","ping_status":"closed","template":"","meta":{"footnotes":""},"class_list":["post-27","page","type-page","status-publish","hentry"],"_links":{"self":[{"href":"https:\/\/www.uqac.ca\/fouellet\/index.php?rest_route=\/wp\/v2\/pages\/27"}],"collection":[{"href":"https:\/\/www.uqac.ca\/fouellet\/index.php?rest_route=\/wp\/v2\/pages"}],"about":[{"href":"https:\/\/www.uqac.ca\/fouellet\/index.php?rest_route=\/wp\/v2\/types\/page"}],"author":[{"embeddable":true,"href":"https:\/\/www.uqac.ca\/fouellet\/index.php?rest_route=\/wp\/v2\/users\/1"}],"replies":[{"embeddable":true,"href":"https:\/\/www.uqac.ca\/fouellet\/index.php?rest_route=%2Fwp%2Fv2%2Fcomments&post=27"}],"version-history":[{"count":47,"href":"https:\/\/www.uqac.ca\/fouellet\/index.php?rest_route=\/wp\/v2\/pages\/27\/revisions"}],"predecessor-version":[{"id":1197,"href":"https:\/\/www.uqac.ca\/fouellet\/index.php?rest_route=\/wp\/v2\/pages\/27\/revisions\/1197"}],"wp:attachment":[{"href":"https:\/\/www.uqac.ca\/fouellet\/index.php?rest_route=%2Fwp%2Fv2%2Fmedia&parent=27"}],"curies":[{"name":"wp","href":"https:\/\/api.w.org\/{rel}","templated":true}]}}