{"id":29,"date":"2016-06-08T20:08:24","date_gmt":"2016-06-08T19:08:24","guid":{"rendered":"http:\/\/www.uqac.ca\/fouellet\/?page_id=29"},"modified":"2021-10-06T02:10:53","modified_gmt":"2021-10-06T01:10:53","slug":"liens","status":"publish","type":"page","link":"https:\/\/www.uqac.ca\/fouellet\/?page_id=29","title":{"rendered":"Liens"},"content":{"rendered":"<p><a href=\"http:\/\/www.uqac.ca\/pierrebost\/\">Pierre Bost <\/a><a href=\"http:\/\/www.uqac.ca\/jspitz\/\">&#8211; Site<\/a><a href=\"http:\/\/www.uqac.ca\/pierrebost\/\"> officiel <i class=\"fa fa-external-link \" ><\/i><\/a><\/p>\n<p><a href=\"http:\/\/www.uqac.ca\/jspitz\/\">Jacques Spitz &#8211; Site officiel <i class=\"fa fa-external-link \" ><\/i><\/a><\/p>\n<p><a href=\"http:\/\/www.lathebaide.fr\">\u00c9ditions La Th\u00e9ba\u00efde <i class=\"fa fa-external-link \" ><\/i><\/a><\/p>\n<p><a href=\"http:\/\/notabene.aegirnt2.uqam.ca\">\u00c9ditions Nota bene <i class=\"fa fa-external-link \" ><\/i><\/a><\/p>\n<p><a href=\"http:\/\/www.nuitblanche.com\">Magazine litt\u00e9raire\u00a0<em>Nuit Blanche<\/em> <i class=\"fa fa-external-link \" ><\/i><\/a><\/p>\n<p><a href=\"https:\/\/actualitte.com\/thematique\/39\/ensables\">Blogue\u00a0<em>Les Ensabl\u00e9s<\/em> <i class=\"fa fa-external-link \" ><\/i><\/a><\/p>\n<p><a href=\"http:\/\/www.paul-nizan.fr\">Groupe Interdisciplinaire d\u2019\u00c9tudes Nizaniennes (GIEN) <i class=\"fa fa-external-link \" ><\/i><\/a><\/p>\n<p><a href=\"http:\/\/figura.uqam.ca\">Figura. Centre de recherche sur le texte et l\u2019imaginaire <i class=\"fa fa-external-link \" ><\/i><\/a><\/p>\n<p>&nbsp;<\/p>\n<p>&nbsp;<\/p>\n","protected":false},"excerpt":{"rendered":"<p>Pierre Bost &#8211; Site officiel Jacques Spitz &#8211; Site officiel \u00c9ditions La Th\u00e9ba\u00efde \u00c9ditions Nota bene Magazine litt\u00e9raire\u00a0Nuit Blanche Blogue\u00a0Les Ensabl\u00e9s Groupe Interdisciplinaire d\u2019\u00c9tudes Nizaniennes (GIEN) Figura. Centre de recherche sur le texte et l\u2019imaginaire &nbsp; &nbsp;<\/p>\n","protected":false},"author":1,"featured_media":0,"parent":0,"menu_order":0,"comment_status":"closed","ping_status":"closed","template":"","meta":{"footnotes":""},"class_list":["post-29","page","type-page","status-publish","hentry"],"_links":{"self":[{"href":"https:\/\/www.uqac.ca\/fouellet\/index.php?rest_route=\/wp\/v2\/pages\/29"}],"collection":[{"href":"https:\/\/www.uqac.ca\/fouellet\/index.php?rest_route=\/wp\/v2\/pages"}],"about":[{"href":"https:\/\/www.uqac.ca\/fouellet\/index.php?rest_route=\/wp\/v2\/types\/page"}],"author":[{"embeddable":true,"href":"https:\/\/www.uqac.ca\/fouellet\/index.php?rest_route=\/wp\/v2\/users\/1"}],"replies":[{"embeddable":true,"href":"https:\/\/www.uqac.ca\/fouellet\/index.php?rest_route=%2Fwp%2Fv2%2Fcomments&post=29"}],"version-history":[{"count":19,"href":"https:\/\/www.uqac.ca\/fouellet\/index.php?rest_route=\/wp\/v2\/pages\/29\/revisions"}],"predecessor-version":[{"id":1157,"href":"https:\/\/www.uqac.ca\/fouellet\/index.php?rest_route=\/wp\/v2\/pages\/29\/revisions\/1157"}],"wp:attachment":[{"href":"https:\/\/www.uqac.ca\/fouellet\/index.php?rest_route=%2Fwp%2Fv2%2Fmedia&parent=29"}],"curies":[{"name":"wp","href":"https:\/\/api.w.org\/{rel}","templated":true}]}}