{"id":31,"date":"2016-06-08T20:08:54","date_gmt":"2016-06-08T19:08:54","guid":{"rendered":"http:\/\/www.uqac.ca\/fouellet\/?page_id=31"},"modified":"2016-07-08T10:54:51","modified_gmt":"2016-07-08T09:54:51","slug":"contact","status":"publish","type":"page","link":"https:\/\/www.uqac.ca\/fouellet\/?page_id=31","title":{"rendered":"Contact"},"content":{"rendered":"<p><a href=\"mailto:francois_ouellet@uqac.ca\"><i class=\"fa fa-envelope-o\"><\/i> francois_ouellet@uqac.ca<\/a><\/p>\n<p>D\u00e9partement des arts et lettres<br \/>\nUniversit\u00e9 du Qu\u00e9bec \u00e0 Chicoutimi<br \/>\n555, boulevard de l\u2019Universit\u00e9<br \/>\nChicoutimi, QC<br \/>\nG7H 2B1 Canada<\/p>\n<p>&nbsp;<\/p>\n<p>&nbsp;<\/p>\n<p>&nbsp;<\/p>\n","protected":false},"excerpt":{"rendered":"<p>francois_ouellet@uqac.ca D\u00e9partement des arts et lettres Universit\u00e9 du Qu\u00e9bec \u00e0 Chicoutimi 555, boulevard de l\u2019Universit\u00e9 Chicoutimi, QC G7H 2B1 Canada &nbsp; &nbsp; &nbsp;<\/p>\n","protected":false},"author":1,"featured_media":0,"parent":0,"menu_order":0,"comment_status":"closed","ping_status":"closed","template":"","meta":{"footnotes":""},"class_list":["post-31","page","type-page","status-publish","hentry"],"_links":{"self":[{"href":"https:\/\/www.uqac.ca\/fouellet\/index.php?rest_route=\/wp\/v2\/pages\/31"}],"collection":[{"href":"https:\/\/www.uqac.ca\/fouellet\/index.php?rest_route=\/wp\/v2\/pages"}],"about":[{"href":"https:\/\/www.uqac.ca\/fouellet\/index.php?rest_route=\/wp\/v2\/types\/page"}],"author":[{"embeddable":true,"href":"https:\/\/www.uqac.ca\/fouellet\/index.php?rest_route=\/wp\/v2\/users\/1"}],"replies":[{"embeddable":true,"href":"https:\/\/www.uqac.ca\/fouellet\/index.php?rest_route=%2Fwp%2Fv2%2Fcomments&post=31"}],"version-history":[{"count":8,"href":"https:\/\/www.uqac.ca\/fouellet\/index.php?rest_route=\/wp\/v2\/pages\/31\/revisions"}],"predecessor-version":[{"id":657,"href":"https:\/\/www.uqac.ca\/fouellet\/index.php?rest_route=\/wp\/v2\/pages\/31\/revisions\/657"}],"wp:attachment":[{"href":"https:\/\/www.uqac.ca\/fouellet\/index.php?rest_route=%2Fwp%2Fv2%2Fmedia&parent=31"}],"curies":[{"name":"wp","href":"https:\/\/api.w.org\/{rel}","templated":true}]}}