{"id":337,"date":"2016-06-13T19:09:52","date_gmt":"2016-06-13T18:09:52","guid":{"rendered":"http:\/\/www.uqac.ca\/fouellet\/?page_id=337"},"modified":"2025-06-16T22:14:47","modified_gmt":"2025-06-16T21:14:47","slug":"autres","status":"publish","type":"page","link":"https:\/\/www.uqac.ca\/fouellet\/?page_id=337","title":{"rendered":"Autres textes"},"content":{"rendered":"<p>\u00abL&rsquo;\u0153uvre de Victor-L\u00e9vy Beaulieu. Une grandeur inutile ? \u00bb, <em>Le Devoir<\/em>, 16 juin 2025.\u00a0<a href=\"https:\/\/www.ledevoir.com\/opinion\/idees\/891397\/idees-oeuvre-victor-levy-beaulieu-grandeur-inutile?\"><i class=\"fa fa-external-link \" ><\/i><\/a><\/p>\n<p>\u00ab Jacques Ferron et son \u0153uvre sans commune mesure\u00a0\u00bb, <em>Le Devoir<\/em>, 20\u00a0janvier\u00a02021, p. A9.\u00a0<a href=\"https:\/\/www.ledevoir.com\/opinion\/idees\/593586\/litterature-jacques-ferron-et-son-oeuvre-sans-commune-mesure\"><i class=\"fa fa-external-link \" ><\/i><\/a><\/p>\n<p>\u00ab Haro sur la d\u00e9rive technocrate des universit\u00e9s \u00bb, <em>Le Devoir<\/em>, 21 octobre 2020, p. A6.\u00a0<a href=\"https:\/\/www.ledevoir.com\/opinion\/libre-opinion\/588179\/haro-sur-la-derive-technocrate-des-universites\"><i class=\"fa fa-external-link \" ><\/i><\/a><\/p>\n<p>\u00ab R\u00e9investir dans la m\u00e9moire \u00bb, <em>Le Devoir<\/em>, 4 mai 2020, p. A7.\u00a0\u00a0<a href=\"https:\/\/www.ledevoir.com\/opinion\/idees\/578213\/reinvestir-dans-la-memoire\"><i class=\"fa fa-external-link \" ><\/i><\/a><\/p>\n<p>\u00ab Abel \u00e0 Arrowhead \u00bb, <em>Le Mouton Noir<\/em> (Rimouski), septembre-octobre 2018, p.1-2.\u00a0<a href=\"https:\/\/www.moutonnoir.com\/2018\/09\/abel-arrowhead\"><i class=\"fa fa-external-link \" ><\/i><\/a><\/p>\n<p>\u00ab C\u00e9l\u00e9brer la pens\u00e9e libre \u00bb, <em>Le Quotidien<\/em> (Chicoutimi), 9 mai 2018, p. 13.\u00a0<a href=\"https:\/\/www.lequotidien.com\/opinions\/celebrer-la-pensee-libre-9b4952c74e685fd7811df89fb4c9532d\"><i class=\"fa fa-external-link \" ><\/i><\/a><\/p>\n<p>\u00ab\u00a0Avant-propos\u00a0\u00bb, en collaboration avec Patrick Bergeron, dans Patrick Bergeron et Fran\u00e7ois Ouellet (dir.), <em>Habiter la litt\u00e9rature. M\u00e9langes offerts \u00e0 Hans-J\u00fcrgen Greif<\/em>, Qu\u00e9bec, L\u2019Instant m\u00eame, 2016, 5-9.\u00a0<a href=\"https:\/\/www.uqac.ca\/fouellet\/wp-content\/uploads\/2019\/08\/AP-Habiter-la-litterature.pdf\"><strong><i class=\"fa fa-file-pdf-o \" ><\/i> PDF<\/strong><\/a><\/p>\n<p>\u00ab\u00a0<em>Litt\u00e9ratures<\/em>\u00a0\u00bb, dans Bruno Curatolo (dir.), <em>Dictionnaire des revues litt\u00e9raires au XX<sup>e<\/sup> si\u00e8cle<\/em>. <em>Domaine fran\u00e7ais<\/em>, t. II, Paris, Honor\u00e9 Champion, 2014, p. 909-911.<\/p>\n<p>\u00ab\u00a0<em>Pr\u00e9sence francophone\u00a0<\/em>\u00bb, dans Bruno Curatolo (dir.), <em>Dictionnaire des revues litt\u00e9raires au XX<sup>e<\/sup> si\u00e8cle. Domaine fran\u00e7ais<\/em>, t. II, Paris, Honor\u00e9 Champion, 2014, p. 1065-1070.<\/p>\n<p>\u00ab\u00a0<em>Prot\u00e9e<\/em>\u00a0\u00bb, dans Bruno Curatolo (dir.), <em>Dictionnaire des revues litt\u00e9raires au XX<sup>e<\/sup> si\u00e8cle. Domaine fran\u00e7ais<\/em>, t. II, Paris, Honor\u00e9 Champion, 2014, p. 1074-1078.<\/p>\n<p>\u00ab\u00a0<em>Texte<\/em>\u00a0\u00bb, dans Bruno Curatolo (dir.), <em>Dictionnaire des revues litt\u00e9raires au XX<sup>e<\/sup> si\u00e8cle. Domaine fran\u00e7ais<\/em>, t. II, Paris, Honor\u00e9 Champion, 2014, p. 1191-1193.<\/p>\n<p>\u00ab\u00a0L\u2019h\u00e9ritage de la paternit\u00e9\u00a0\u00bb, <em>Argument<\/em> , vol. 14, no 1, automne 2011, p. 84-90. <a href=\"\/fouellet\/wp-content\/uploads\/2016\/06\/H\u00e9ritage.pdf\"><strong> <i class=\"fa fa-file-pdf-o \" ><\/i> PDF<\/strong><\/a><\/p>\n<p>\u00ab\u00a0La fiction identitaire du nouveau cin\u00e9ma qu\u00e9b\u00e9cois\u00a0\u00bb, dans Ellen Chapco, Nicole C\u00f4t\u00e9, Peter Dorrington et Sheila Petty (dir.), <em>Expressions culturelles des francophonies<\/em>, Qu\u00e9bec, Nota bene, 2008, p. 89-107.<\/p>\n<p>\u00ab\u00a0Besner le prodigieux \u00bb (l\u2019\u0153uvre picturale de Dominic Besner), <em>Prot\u00e9e<\/em>, vol. 36, no 1, printemps 2008, p. 54-55. <a href=\"\/fouellet\/wp-content\/uploads\/2016\/06\/Besner.pdf\"><strong> <i class=\"fa fa-file-pdf-o \" ><\/i> PDF<\/strong><\/a><\/p>\n<p>\u00ab\u00a0Inqui\u00e9tude de la post-humanit\u00e9\u00a0\u00bb (l\u2019\u0153uvre picturale de Sophie T. Rauch), <em>Prot\u00e9e<\/em>, vol. 34, no 1, printemps 2006, p. 58-59. <a href=\"\/fouellet\/wp-content\/uploads\/2016\/06\/Rauch.pdf\"><strong> <i class=\"fa fa-file-pdf-o \" ><\/i> PDF<\/strong><\/a><\/p>\n<p>\u00ab\u00a0Pr\u00e9sentation \u00bb, en collaboration avec Francine Belle-Isle, dans F. Belle-Isle et F. Ouellet (dir.), <em>Parcours de recherche<\/em>, Chicoutimi, Prot\u00e9e \u00e9diteur, 2005, p.\u00a07-8.<\/p>\n<p>\u00ab\u00a0Par del\u00e0 l\u2019empreinte\u00a0\u00bb (l\u2019\u0153uvre de la sculpteure Suzanne Tardif Berberi), <em>Prot\u00e9e<\/em>, vol. 33, no 1, printemps 2005, p. 59. <a href=\"\/fouellet\/wp-content\/uploads\/2016\/06\/Berberi.pdf\"><strong> <i class=\"fa fa-file-pdf-o \" ><\/i> PDF<\/strong><\/a><\/p>\n<p>\u00ab\u00a0<em>\u00c0 hauteur d\u2019homme\u00a0<\/em>: une construction de la r\u00e9alit\u00e9\u00a0\u00bb, <em>Le Devoir<\/em>, 2 octobre 2003, p. A6.\u00a0<a href=\"https:\/\/www.uqac.ca\/fouellet\/wp-content\/uploads\/2017\/06\/\u00c0-hauteur-dhomme-Le-Devoir.pdf\"><strong><i class=\"fa fa-file-pdf-o \" ><\/i> PDF<\/strong><\/a><\/p>\n<p>\u00ab\u00a0Ni Dieu ni la religion, mais quelque chose qui en tienne lieu\u00a0\u00bb, <em>Horizons philosophiques<\/em>, vo. 13, no 1, automne 2002, p. 55-62. <a href=\"\/fouellet\/wp-content\/uploads\/2016\/06\/Dieu_web.pdf\"><strong> <i class=\"fa fa-file-pdf-o \" ><\/i> PDF<\/strong><\/a><\/p>\n<p>\u00ab\u00a0Passer au rang du P\u00e8re pour passer \u00e0 l\u2019avenir\u00a0\u00bb, <em>Argument<\/em>, vol. 4, no 2, printemps-\u00e9t\u00e9 2002, p. 40-56. <a href=\"\/fouellet\/wp-content\/uploads\/2016\/06\/Passer.pdf\"><strong> <i class=\"fa fa-file-pdf-o \" ><\/i> PDF<\/strong><\/a><\/p>\n<p>\u00ab\u00a0Refonder la figure du P\u00e8re\u00a0\u00bb, <em>Le Devoir<\/em>, 9-10 f\u00e9vrier 2002, p. B11.\u00a0<a href=\"https:\/\/www.uqac.ca\/fouellet\/wp-content\/uploads\/2019\/08\/Le-Devoir-p\u00e8re-2002.pdf\"><strong><i class=\"fa fa-file-pdf-o \" ><\/i> PDF<\/strong><\/a><\/p>\n<p>\u00ab\u00a0Searching imaginary landscape \u00bb, <em>Queen\u2019s Quarterly<\/em>, vol.\u00a0107, n\u00b0\u00a04, hiver 2000, p. 561-571.<\/p>\n<p>\u00ab\u00a0Has Andr\u00e9 Breton lied or Is it Lausanne ?\u00a0\u00bb, <em>Queen\u2019s Quarterly<\/em>, vol.\u00a0107, n\u00b0\u00a03, automne 2000, p. 353-361.<\/p>\n<p><a class=\"btn btn-default read-more\" href=\"?page_id=25\">&lt; Retour<\/a><\/p>\n","protected":false},"excerpt":{"rendered":"<p>\u00abL&rsquo;\u0153uvre de Victor-L\u00e9vy Beaulieu. Une grandeur inutile ? \u00bb, Le Devoir, 16 juin 2025.\u00a0 \u00ab Jacques Ferron et son \u0153uvre sans commune mesure\u00a0\u00bb, Le Devoir, 20\u00a0janvier\u00a02021, p. A9.\u00a0 \u00ab Haro sur la d\u00e9rive technocrate des universit\u00e9s \u00bb, Le Devoir, 21 octobre 2020, p. A6.\u00a0 \u00ab R\u00e9investir dans la m\u00e9moire \u00bb, Le Devoir, 4 mai 2020, [&hellip;]<\/p>\n","protected":false},"author":1,"featured_media":0,"parent":0,"menu_order":0,"comment_status":"closed","ping_status":"closed","template":"","meta":{"footnotes":""},"class_list":["post-337","page","type-page","status-publish","hentry"],"_links":{"self":[{"href":"https:\/\/www.uqac.ca\/fouellet\/index.php?rest_route=\/wp\/v2\/pages\/337"}],"collection":[{"href":"https:\/\/www.uqac.ca\/fouellet\/index.php?rest_route=\/wp\/v2\/pages"}],"about":[{"href":"https:\/\/www.uqac.ca\/fouellet\/index.php?rest_route=\/wp\/v2\/types\/page"}],"author":[{"embeddable":true,"href":"https:\/\/www.uqac.ca\/fouellet\/index.php?rest_route=\/wp\/v2\/users\/1"}],"replies":[{"embeddable":true,"href":"https:\/\/www.uqac.ca\/fouellet\/index.php?rest_route=%2Fwp%2Fv2%2Fcomments&post=337"}],"version-history":[{"count":20,"href":"https:\/\/www.uqac.ca\/fouellet\/index.php?rest_route=\/wp\/v2\/pages\/337\/revisions"}],"predecessor-version":[{"id":1371,"href":"https:\/\/www.uqac.ca\/fouellet\/index.php?rest_route=\/wp\/v2\/pages\/337\/revisions\/1371"}],"wp:attachment":[{"href":"https:\/\/www.uqac.ca\/fouellet\/index.php?rest_route=%2Fwp%2Fv2%2Fmedia&parent=337"}],"curies":[{"name":"wp","href":"https:\/\/api.w.org\/{rel}","templated":true}]}}