{"id":1267,"date":"2017-02-24T15:37:46","date_gmt":"2017-02-24T20:37:46","guid":{"rendered":"http:\/\/www.uqac.ca\/genetics\/?page_id=1267"},"modified":"2021-06-02T14:53:18","modified_gmt":"2021-06-02T19:53:18","slug":"english-undergraduated-students","status":"publish","type":"page","link":"https:\/\/www.uqac.ca\/genetics\/english-undergraduated-students\/?lang=fr","title":{"rendered":"Stagiaires au baccalaur\u00e9at"},"content":{"rendered":"<p><div id=\"wp-tabs-1\" class=\"wp-tabs  jqui-styles wpui-tabs-horizontal\" data-style=\"\"><\/p>\n<p><h3 class=\"wp-tab-title\">Marie-Pier Bouchard<\/h3> <div class=\"wp-tab-content\"><div class=\"wp-tab-content-wrapper\"><\/p>\n<h1>Marie-Pier Bouchard<\/h1>\n<p><a href=\"https:\/\/www.uqac.ca\/genetics\/wp-content\/uploads\/2021\/06\/Marie-Pier-Bouchard.jpg\"><img loading=\"lazy\" decoding=\"async\" class=\" size-medium wp-image-1396 alignnone\" src=\"https:\/\/www.uqac.ca\/genetics\/wp-content\/uploads\/2021\/06\/Marie-Pier-Bouchard.jpg\" alt=\"Marie-eve\" width=\"244\" height=\"300\" \/><\/a><\/p>\n<p><em>Stagiaire 1er cycle<\/em><\/p>\n<h2>\u00c9ducation<\/h2>\n<p>B.Sc en biologie (UQAC, 2018-)<\/p>\n<h2>Stage de formation<\/h2>\n<p style=\"text-align: justify;\">Identification de d\u00e9terminants g\u00e9n\u00e9tiques communs et distincts pour les allergies d\u2019int\u00e9rieurs et d\u2019ext\u00e9rieurs avec la m\u00e9thode GWAS (Directrice de recherche\u00a0: Pre Catherine Laprise, UQAC, Saguenay, Canada, 2020-)<\/p>\n<p><\/div><\/div><!-- end div.wp-tab-content --><\/p>\n<p><h3 class=\"wp-tab-title\"> R\u00e9becca Dionne-Gagn\u00e9<\/h3> <div class=\"wp-tab-content\"><div class=\"wp-tab-content-wrapper\"><\/p>\n<h1>R\u00e9becca Dionne-Gagn\u00e9<\/h1>\n<p><em>Stagiaire 1er cycle<\/em><\/p>\n<h2>\u00c9ducation<\/h2>\n<p>B.Sc en biologie (UQAC, 2019-)<\/p>\n<h2>Stage de formation<\/h2>\n<p style=\"text-align: justify;\">Stage sur l\u2019\u00e9tude de la phosphorylation du motif LLTPL K5 chez les individus atteints d\u2019\u00e9pidermolyse bulleuse simplex (Directrice de recherche\u00a0: Pre Catherine Laprise, UQAC, Saguenay, Canada, 2020-)<\/p>\n<p><\/div><\/div><!-- end div.wp-tab-content --><\/p>\n<p><h3 class=\"wp-tab-title\"> Chlo\u00e9 Martel<\/h3> <div class=\"wp-tab-content\"><div class=\"wp-tab-content-wrapper\"><\/p>\n<p><span style=\"color: #000000;\"><strong>Chlo\u00e9 Martel<\/strong><\/span><\/p>\n<p><a href=\"https:\/\/www.uqac.ca\/genetics\/wp-content\/uploads\/2021\/06\/Chloe-Martel.jpg\"><img loading=\"lazy\" decoding=\"async\" class=\" size-medium wp-image-1396 alignnone\" src=\"https:\/\/www.uqac.ca\/genetics\/wp-content\/uploads\/2021\/06\/Chloe-Martel.jpg\" alt=\"Chlo\u00e9\" width=\"196\" height=\"300\" \/><\/a><br \/>\n<em>Stagiaire 1er cycle<\/em><\/p>\n<h2>Formation acad\u00e9mique<\/h2>\n<p>B.Sc. en biologie (UQAC, Saguenay, Canada, 2019-);<br \/>\nTechniques de laboratoire : Biotechnologies (C\u00e9gep de Cherbrooke, Sherbrooke, Canada, 2016-2019).<\/p>\n<h2>Stages de formation<\/h2>\n<p style=\"text-align: justify;\">Stage en g\u00e9nie biotechnologie (Directeur de recherche : Prof. Adnane Sellam, Universit\u00e9 de Montr\u00e9al, 2017-) Les g\u00e8nes de virulence de <em>Candida albicans<\/em>;<br \/>\nStage sur le d\u00e9veloppement des \u00eelots pancr\u00e9atiques (Directeur de recherche : Prof. Patrick Vermette, Universit\u00e9 de Sherbrooke, 2016<\/p>\n<h2>Emplois pertinents<\/h2>\n<p>Technicienne de recherche, Centre de recherche CERVO, laboratoire de Pierre Marquet (2019-2020);<br \/>\nAnalyste en immunologie, Charles River Laboratories, (2017-2018)<\/p>\n<p><\/div><\/div><!-- end div.wp-tab-content --><\/p>\n<p><\/div><!-- end div.wp-tabs --><\/p>","protected":false},"excerpt":{"rendered":"","protected":false},"author":1,"featured_media":0,"parent":0,"menu_order":0,"comment_status":"closed","ping_status":"closed","template":"sidebar-page.php","meta":{"footnotes":""},"categories":[7],"_links":{"self":[{"href":"https:\/\/www.uqac.ca\/genetics\/wp-json\/wp\/v2\/pages\/1267"}],"collection":[{"href":"https:\/\/www.uqac.ca\/genetics\/wp-json\/wp\/v2\/pages"}],"about":[{"href":"https:\/\/www.uqac.ca\/genetics\/wp-json\/wp\/v2\/types\/page"}],"author":[{"embeddable":true,"href":"https:\/\/www.uqac.ca\/genetics\/wp-json\/wp\/v2\/users\/1"}],"replies":[{"embeddable":true,"href":"https:\/\/www.uqac.ca\/genetics\/wp-json\/wp\/v2\/comments?post=1267"}],"version-history":[{"count":28,"href":"https:\/\/www.uqac.ca\/genetics\/wp-json\/wp\/v2\/pages\/1267\/revisions"}],"predecessor-version":[{"id":1552,"href":"https:\/\/www.uqac.ca\/genetics\/wp-json\/wp\/v2\/pages\/1267\/revisions\/1552"}],"wp:attachment":[{"href":"https:\/\/www.uqac.ca\/genetics\/wp-json\/wp\/v2\/media?parent=1267"}],"wp:term":[{"taxonomy":"category","embeddable":true,"href":"https:\/\/www.uqac.ca\/genetics\/wp-json\/wp\/v2\/categories?post=1267"}],"curies":[{"name":"wp","href":"https:\/\/api.w.org\/{rel}","templated":true}]}}