{"id":130,"date":"2013-02-12T10:06:07","date_gmt":"2013-02-12T15:06:07","guid":{"rendered":"https:\/\/imog.selfip.com\/gepromic\/genetic\/?page_id=130"},"modified":"2020-03-17T13:34:37","modified_gmt":"2020-03-17T18:34:37","slug":"equipement","status":"publish","type":"page","link":"https:\/\/www.uqac.ca\/genetics\/equipement\/?lang=fr","title":{"rendered":"\u00c9quipement"},"content":{"rendered":"<p><\/p>\n<h2 align=\"JUSTIFY\"><a href=\"https:\/\/www.uqac.ca\/genetics\/wp-content\/uploads\/2019\/07\/IMG_7163.jpg\"><img loading=\"lazy\" decoding=\"async\" class=\"alignleft size-medium wp-image-1434\" src=\"https:\/\/www.uqac.ca\/genetics\/wp-content\/uploads\/2019\/07\/IMG_7163-300x225.jpg\" alt=\"IMG_7163\" width=\"300\" height=\"225\" srcset=\"https:\/\/www.uqac.ca\/genetics\/wp-content\/uploads\/2019\/07\/IMG_7163-300x225.jpg 300w, https:\/\/www.uqac.ca\/genetics\/wp-content\/uploads\/2019\/07\/IMG_7163-1024x768.jpg 1024w, https:\/\/www.uqac.ca\/genetics\/wp-content\/uploads\/2019\/07\/IMG_7163-400x300.jpg 400w\" sizes=\"(max-width: 300px) 100vw, 300px\" \/><\/a><\/h2>\n<h2 align=\"JUSTIFY\">Biologie mol\u00e9culaire<\/h2>\n<p>N\u00e9cessaire \u00e0 Western blot<br \/>\nSyst\u00e8me de d\u00e9tection de la fluorescence ChemiDoc it MP (Bio-Rad)<br \/>\nSyst\u00e8me de transfert Transblot turbo (Bio-Rad)<\/p>\n<h2 align=\"JUSTIFY\">Conservation et pr\u00e9servation<\/h2>\n<p>Cong\u00e9lateurs -20\u00b0C<br \/>\nCong\u00e9lateurs ultra-basse temp\u00e9rature (-80\u00b0C) (Thermo Fisher)<br \/>\nCryoconservateurs Locator Plus (Thermo Fisher)<br \/>\nMachine \u00e0 glace<br \/>\nR\u00e9frig\u00e9rateurs<\/p>\n<h2 align=\"JUSTIFY\">Culture cellulaire<\/h2>\n<p>Centrifugeuse \u00e0 lame Cytospin 3 (Thermo Shandon)<br \/>\nIncubateur agitateur MaxQ\u2122 4000 (Thermo Fisher)<br \/>\nMicroscope Evos (Thermo Fisher)<br \/>\nMicroscope Observer 2.1 (Zeiss)<br \/>\nSyst\u00e8me d\u2019\u00e9lectroporation\/nucl\u00e9ofecteur 4D- Nucleofector (Lonza)<br \/>\nCompteur cellulaire automatique Moxi Z (Orflo)<br \/>\nAutres (hottes \u00e0 flux laminaires, incubateurs, st\u00e9r\u00e9omicroscope)<\/p>\n<h2 align=\"JUSTIFY\">\u00c9pig\u00e9n\u00e9tique<\/h2>\n<p>Pyros\u00e9quen\u00e7eur PyroMarkQ24 et Pyromark Q48 (Qiagen)<br \/>\nSyst\u00e8me d\u2019\u00e9lectropor\u00e8se automatis\u00e9 Qiaxcel Advanced System (Qiagen)<\/p>\n<h2 align=\"JUSTIFY\">\u00c9valuation clinique<\/h2>\n<p>Syst\u00e8me de mesure de marqueurs immunologiques Phadia 250 (Thermo Fisher)<br \/>\nSpirom\u00e8tres MiniSpir (MIR)<br \/>\nAutres (Chaises de pr\u00e9l\u00e8vements, civi\u00e8re)<\/p>\n<h2 align=\"JUSTIFY\">G\u00e9n\u00e9ral<\/h2>\n<p>Bain-maries (Thermo Fisher)<br \/>\nCentrifugeuse Avanti J-E (Beckman Coulter)<br \/>\nCentrifugeuse Allegra 25R (Beckman Coulter)<br \/>\nCentrifugeuses de table et microcentrifugeuses (Beckman Coulter, Thermo Fisher)<br \/>\nUltra centrifugeuse Optima max (Beckman Coulter)<br \/>\nRobot pipetteur automatis\u00e9 TECAN Freedom EVO (Tecan)<\/p>\n<h2 align=\"JUSTIFY\">G\u00e9n\u00e9tique<\/h2>\n<p>Thermocycleurs (applied biosystems, Biometra)<br \/>\nPCR en temps r\u00e9el CFX 384 et CFX 96 (Bio-Rad)<br \/>\nS\u00e9quenceur 3500 Genetic analyzer (Life Technologies)<br \/>\nS\u00e9quenceur MiniSeq (Illumina)<\/p>\n<h2 align=\"JUSTIFY\">G\u00e9n\u00e9tique fonctionnelle<\/h2>\n<p>Fluorim\u00e8tre Qubit 4 (Invitrogen)<br \/>\nPCR digital QX100 ddPCR System (Bio-Rad)<br \/>\nScelleur de plaque PX1 PCR (Bio-Rad)<br \/>\nSpectrophotom\u00e8tre NanoDrop 2000 (Thermo Fisher)<br \/>\nSyst\u00e8me d\u2019\u00e9lectrophor\u00e8se automatique Bioanalyzer 2100 (Agilent)<\/p>","protected":false},"excerpt":{"rendered":"<p>Biologie mol\u00e9culaire N\u00e9cessaire \u00e0 Western blot Syst\u00e8me de d\u00e9tection de la fluorescence ChemiDoc it MP (Bio-Rad) Syst\u00e8me de transfert Transblot turbo (Bio-Rad) Conservation et pr\u00e9servation Cong\u00e9lateurs -20\u00b0C Cong\u00e9lateurs ultra-basse temp\u00e9rature (-80\u00b0C) (Thermo Fisher) Cryoconservateurs Locator Plus (Thermo Fisher) Machine \u00e0 glace R\u00e9frig\u00e9rateurs Culture cellulaire Centrifugeuse \u00e0 lame Cytospin 3 (Thermo Shandon) Incubateur agitateur MaxQ\u2122 4000 [&hellip;]<\/p>\n","protected":false},"author":1,"featured_media":0,"parent":0,"menu_order":2,"comment_status":"closed","ping_status":"closed","template":"sidebar-page.php","meta":{"footnotes":""},"categories":[14],"_links":{"self":[{"href":"https:\/\/www.uqac.ca\/genetics\/wp-json\/wp\/v2\/pages\/130"}],"collection":[{"href":"https:\/\/www.uqac.ca\/genetics\/wp-json\/wp\/v2\/pages"}],"about":[{"href":"https:\/\/www.uqac.ca\/genetics\/wp-json\/wp\/v2\/types\/page"}],"author":[{"embeddable":true,"href":"https:\/\/www.uqac.ca\/genetics\/wp-json\/wp\/v2\/users\/1"}],"replies":[{"embeddable":true,"href":"https:\/\/www.uqac.ca\/genetics\/wp-json\/wp\/v2\/comments?post=130"}],"version-history":[{"count":25,"href":"https:\/\/www.uqac.ca\/genetics\/wp-json\/wp\/v2\/pages\/130\/revisions"}],"predecessor-version":[{"id":1480,"href":"https:\/\/www.uqac.ca\/genetics\/wp-json\/wp\/v2\/pages\/130\/revisions\/1480"}],"wp:attachment":[{"href":"https:\/\/www.uqac.ca\/genetics\/wp-json\/wp\/v2\/media?parent=130"}],"wp:term":[{"taxonomy":"category","embeddable":true,"href":"https:\/\/www.uqac.ca\/genetics\/wp-json\/wp\/v2\/categories?post=130"}],"curies":[{"name":"wp","href":"https:\/\/api.w.org\/{rel}","templated":true}]}}