{"id":187,"date":"2013-02-14T16:30:54","date_gmt":"2013-02-14T21:30:54","guid":{"rendered":"https:\/\/imog.selfip.com\/gepromic\/genetic\/?page_id=187"},"modified":"2024-11-29T14:26:12","modified_gmt":"2024-11-29T19:26:12","slug":"nous-joindre","status":"publish","type":"page","link":"https:\/\/www.uqac.ca\/genetics\/nous-joindre\/?lang=fr","title":{"rendered":"Nous joindre"},"content":{"rendered":"<h1 class=\"wp-block-heading\">Catherine Laprise<\/h1>\n\n\n\n<p>Universit\u00e9 du Qu\u00e9bec \u00e0 Chicoutimi &#8211; UQAC\u200e<br>Pavillon principal<br>Bureau, P4-2150<br>Laboratoire, P3-1090<br>555, boulevard Universit\u00e9<br>Chicoutimi, Qu\u00e9bec G7H 2B1<br>T\u00e9l\u00e9phone: 418 545-5011, poste 5659<br><\/p>\n\n\n\n<p><br>catherine_laprise@uqac.ca<\/p>\n\n\n\n<div style=\"height:60px\" aria-hidden=\"true\" class=\"wp-block-spacer\"><\/div>\n\n\n\n<div class=\"wp-block-group has-global-padding is-layout-constrained wp-block-group-is-layout-constrained\">\n<p><iframe loading=\"lazy\" style=\"border: 0;\" src=\"https:\/\/www.google.com\/maps\/embed?pb=!1m14!1m8!1m3!1d42363.59186155561!2d-71.0522638!3d48.4234334!3m2!1i1024!2i768!4f13.1!3m3!1m2!1s0x4cc020b605bb7d3b%3A0xa610b1add725fa8e!2sUniversit%C3%A9+du+Qu%C3%A9bec+%C3%A0+Chicoutimi!5e0!3m2!1sen!2sca!4v1399041023888\" width=\"100%\" height=\"450\" frameborder=\"0\"><\/iframe><\/p>\n<\/div>","protected":false},"excerpt":{"rendered":"<p>Catherine Laprise Universit\u00e9 du Qu\u00e9bec \u00e0 Chicoutimi &#8211; UQAC\u200ePavillon principalBureau, P4-2150Laboratoire, P3-1090555, boulevard Universit\u00e9Chicoutimi, Qu\u00e9bec G7H 2B1T\u00e9l\u00e9phone: 418 545-5011, poste 5659 catherine_laprise@uqac.ca<\/p>\n","protected":false},"author":1,"featured_media":0,"parent":0,"menu_order":0,"comment_status":"closed","ping_status":"closed","template":"","meta":{"footnotes":""},"categories":[],"_links":{"self":[{"href":"https:\/\/www.uqac.ca\/genetics\/wp-json\/wp\/v2\/pages\/187"}],"collection":[{"href":"https:\/\/www.uqac.ca\/genetics\/wp-json\/wp\/v2\/pages"}],"about":[{"href":"https:\/\/www.uqac.ca\/genetics\/wp-json\/wp\/v2\/types\/page"}],"author":[{"embeddable":true,"href":"https:\/\/www.uqac.ca\/genetics\/wp-json\/wp\/v2\/users\/1"}],"replies":[{"embeddable":true,"href":"https:\/\/www.uqac.ca\/genetics\/wp-json\/wp\/v2\/comments?post=187"}],"version-history":[{"count":49,"href":"https:\/\/www.uqac.ca\/genetics\/wp-json\/wp\/v2\/pages\/187\/revisions"}],"predecessor-version":[{"id":2174,"href":"https:\/\/www.uqac.ca\/genetics\/wp-json\/wp\/v2\/pages\/187\/revisions\/2174"}],"wp:attachment":[{"href":"https:\/\/www.uqac.ca\/genetics\/wp-json\/wp\/v2\/media?parent=187"}],"wp:term":[{"taxonomy":"category","embeddable":true,"href":"https:\/\/www.uqac.ca\/genetics\/wp-json\/wp\/v2\/categories?post=187"}],"curies":[{"name":"wp","href":"https:\/\/api.w.org\/{rel}","templated":true}]}}