{"id":276,"date":"2013-12-05T16:11:52","date_gmt":"2013-12-05T21:11:52","guid":{"rendered":"http:\/\/www.uqac.ca\/genetic\/?page_id=276"},"modified":"2020-03-26T07:44:38","modified_gmt":"2020-03-26T12:44:38","slug":"charge-denseignement","status":"publish","type":"page","link":"https:\/\/www.uqac.ca\/genetics\/charge-denseignement\/?lang=fr","title":{"rendered":"Enseignement"},"content":{"rendered":"<p><\/p>\n<h2 style=\"text-align: justify;\">Cours dispens\u00e9s au niveau:<\/h2>\n<p>B.Sc. en biologie (Universit\u00e9 du Qu\u00e9bec \u00e0 Chicoutimi (UQAC));<br \/>\nM.Sc en\u00a0sciences cliniques et biom\u00e9dicales (UQAC);<br \/>\nD.E.S.S. en \u00c9co-conseil (UQAC);<br \/>\nM.D. en m\u00e9decine (Universit\u00e9 de Sherbrooke).<\/p>\n<h2 style=\"text-align: justify;\" align=\"JUSTIFY\">Responsable (R) ou coresponsable (co-R) des cours suivants:<\/h2>\n<p style=\"text-align: justify;\">G\u00e9n\u00e9tique g\u00e9n\u00e9rale (R) &#8211; 1GNT102 (B.Sc. en biologie, UQAC);<br \/>\nProfession biologiste (co-R) &#8211; 1PRB301 (B.Sc. en biologie, UQAC);<br \/>\n\u00c9pid\u00e9miologie g\u00e9n\u00e9tique (R) &#8211; 4MEG800 (M.Sc. en\u00a0sciences cliniques et biom\u00e9dicales, UQAC);<br \/>\nG\u00e9n\u00e9tique mol\u00e9culaire et g\u00e9n\u00e9tique m\u00e9dicale (R) &#8211; Phase I (M.D. en m\u00e9decine, Universit\u00e9 de Sherbrooke d\u00e9localis\u00e9e);<br \/>\nImportance de la recherche m\u00e9dicale en sant\u00e9; l\u2019exemple de la respiratoire (R) -Phase II (M.D. en m\u00e9decine- Universit\u00e9 de Sherbrooke d\u00e9localis\u00e9e);<br \/>\nIntroduction \u00e0 la g\u00e9n\u00e9tique m\u00e9dicale (R) &#8211; Biomed I (M.D. en m\u00e9decine- Universit\u00e9 de Sherbrooke d\u00e9localis\u00e9e);<br \/>\nTuteur et responsable des tuteurs &#8211; Biomed II (M.D. en m\u00e9decine- Universit\u00e9 de Sherbrooke d\u00e9localis\u00e9e).<\/p>\n<p><\/p>","protected":false},"excerpt":{"rendered":"<p>Cours dispens\u00e9s au niveau: B.Sc. en biologie (Universit\u00e9 du Qu\u00e9bec \u00e0 Chicoutimi (UQAC)); M.Sc en\u00a0sciences cliniques et biom\u00e9dicales (UQAC); D.E.S.S. en \u00c9co-conseil (UQAC); M.D. en m\u00e9decine (Universit\u00e9 de Sherbrooke). Responsable (R) ou coresponsable (co-R) des cours suivants: G\u00e9n\u00e9tique g\u00e9n\u00e9rale (R) &#8211; 1GNT102 (B.Sc. en biologie, UQAC); Profession biologiste (co-R) &#8211; 1PRB301 (B.Sc. en biologie, UQAC); [&hellip;]<\/p>\n","protected":false},"author":1,"featured_media":0,"parent":0,"menu_order":0,"comment_status":"closed","ping_status":"closed","template":"sidebar-page.php","meta":{"footnotes":""},"categories":[],"_links":{"self":[{"href":"https:\/\/www.uqac.ca\/genetics\/wp-json\/wp\/v2\/pages\/276"}],"collection":[{"href":"https:\/\/www.uqac.ca\/genetics\/wp-json\/wp\/v2\/pages"}],"about":[{"href":"https:\/\/www.uqac.ca\/genetics\/wp-json\/wp\/v2\/types\/page"}],"author":[{"embeddable":true,"href":"https:\/\/www.uqac.ca\/genetics\/wp-json\/wp\/v2\/users\/1"}],"replies":[{"embeddable":true,"href":"https:\/\/www.uqac.ca\/genetics\/wp-json\/wp\/v2\/comments?post=276"}],"version-history":[{"count":16,"href":"https:\/\/www.uqac.ca\/genetics\/wp-json\/wp\/v2\/pages\/276\/revisions"}],"predecessor-version":[{"id":1515,"href":"https:\/\/www.uqac.ca\/genetics\/wp-json\/wp\/v2\/pages\/276\/revisions\/1515"}],"wp:attachment":[{"href":"https:\/\/www.uqac.ca\/genetics\/wp-json\/wp\/v2\/media?parent=276"}],"wp:term":[{"taxonomy":"category","embeddable":true,"href":"https:\/\/www.uqac.ca\/genetics\/wp-json\/wp\/v2\/categories?post=276"}],"curies":[{"name":"wp","href":"https:\/\/api.w.org\/{rel}","templated":true}]}}