{"id":301,"date":"2013-12-09T12:37:47","date_gmt":"2013-12-09T17:37:47","guid":{"rendered":"http:\/\/www.uqac.ca\/genetic\/?page_id=301"},"modified":"2024-11-29T12:54:08","modified_gmt":"2024-11-29T17:54:08","slug":"traits-complexes","status":"publish","type":"page","link":"https:\/\/www.uqac.ca\/genetics\/traits-complexes\/?lang=fr","title":{"rendered":"Traits complexes"},"content":{"rendered":"<p><\/p>\n<p style=\"text-align: justify;\"><div id=\"wp-tabs-1\" class=\"wp-tabs  jqui-styles wpui-tabs-horizontal\" data-style=\"\"><\/p>\n<p style=\"text-align: justify;\"><h3 class=\"wp-tab-title\"> Asthme<\/h3> <div class=\"wp-tab-content\"><div class=\"wp-tab-content-wrapper\"><\/p>\n<h1 style=\"text-align: justify;\">Asthme<\/h1>\n<p style=\"text-align: justify;\">Mondialement, on compte plus de 334 millions d\u2019individus asthmatiques et l\u2019incidence de cette maladie n\u2019a qu\u2019augment\u00e9e dans les derni\u00e8res d\u00e9cennies. Au Canada, ceci correspond \u00e0 plus de 2,5 millions d\u2019individus de plus de 12 ans qui en souffre. L\u2019asthme est une maladie chronique des voies respiratoires caract\u00e9ris\u00e9e par trois m\u00e9canismes cl\u00e9s : l\u2019inflammation des voies a\u00e9riennes, l\u2019hyperr\u00e9activit\u00e9 bronchique et le remodelage des voies respiratoires. Cliniquement, l\u2019asthme se traduit par des sympt\u00f4mes tel que la dyspn\u00e9e, la toux ainsi que des sifflements lors de la respiration due \u00e0 la diminution de la lumi\u00e8re des voies respiratoires. L\u2019asthme est un trait complexe, ce qui signifie que plusieurs facteurs g\u00e9n\u00e9tiques et environnementaux interviennent et interagissent dans le d\u00e9veloppement et les manifestations cliniques de la maladie. La pollution de l\u2019air ext\u00e9rieur et int\u00e9rieur ainsi que les allerg\u00e8nes tels que les squames d\u2019animaux, le pollen et la poussi\u00e8re sont quelques exemples de facteurs environnementaux pouvant influencer l\u2019apparition de cette maladie.<\/p>\n<h2><strong>\u00c9quipe des Instituts de recherche en sant\u00e9 du Canada<\/strong><\/h2>\n<p style=\"text-align: justify;\">Resolving Systems Epigenomes of T-cells in Autoimmune and Inflammatory Diseases (Chercheur principal: Catherine Laprise)<\/p>\n<p style=\"text-align: justify;\">A Three-Generation Canadian Study (CAN-3-GEN) on the Developmental Origins of Health and Disease (Chercheur principal: Malcolm Sears)<\/p>\n<p style=\"text-align: justify;\">Genomic risk in asthma susceptibility accessed by next-generation integrative tools (Co-principal chercheur: Tomi Pastinen)<\/p>\n<p style=\"text-align: justify;\">Projet \u00e9quipe CEEHRC: <em>Epigenetic mechanisms for the development of asthma<\/em> (Chercheurs: Celia Greenwood, Catherine Laprise, Michael Kobor, Peter Par\u00e9, Anita Kozyrsky, Andrew Sandford, Aur\u00e9lie Labb\u00e9, et Denise Daley)<\/p>\n<h2>Projets de recherche en cours<\/h2>\n<ul>\n<li style=\"text-align: justify;\">\u00c9cosyst\u00e8me num\u00e9rique D\u00c9SIIR [Donn\u00e9es Environnementales et de Sant\u00e9 Int\u00e9gr\u00e9es pour une Infrastructure de Recherche] (Co-chercheurs: Yann Joly, Annie Deslauriers, Celia Greenwood, Guillaume Bourque, H\u00e9l\u00e8ne V\u00e9zina, Marie-Christine Brault, Mila Rautio, Philippe B\u00e9gin, Philippe Despr\u00e9s);<\/li>\n<li style=\"text-align: justify;\">Integration of genomic ans genealogical data to decipher the genetics of asthma (Co-chercheurs: Alexandre Bureau, Simon Girard, Emmanuelle Bouzigon, Florence Demenais, Mary-Sara McPeek)<\/li>\n<li style=\"text-align: justify;\">\u00c9tude du patron de m\u00e9thylation et d\u2019expression des lymphocytes T CD4+ dans l\u2019asthme et l\u2019allergie dans un \u00e9chantillon de la cohorte familiale d\u2019asthme du Saguenay-Lac-Saint-Jean (Collaborateur: Tomi Pastinen);<\/li>\n<li style=\"text-align: justify;\">\u00c9tude du patron de m\u00e9thylation et d\u2019expression des \u00e9osinophiles dans l\u2019asthme et l\u2019allergie dans un \u00e9chantillon de la cohorte familiale d\u2019asthme du Saguenay-Lac-Saint-Jean (Collaborateur: Tomi Pastinen);<\/li>\n<\/ul>\n<p style=\"text-align: justify;\"><\/div><\/div><!-- end div.wp-tab-content --><\/p>\n<p style=\"text-align: justify;\"><h3 class=\"wp-tab-title\"> Allergie<\/h3> <div class=\"wp-tab-content\"><div class=\"wp-tab-content-wrapper\"><\/p>\n<h1 style=\"text-align: justify;\"><span style=\"font-size: large;\">Allergie<\/span><\/h1>\n<p style=\"text-align: justify;\">L\u2019allergie alimentaire est une condition qui affecte 3 \u00e0 4% de la population adulte et jusqu\u2019\u00e0 6% de la population p\u00e9diatrique. Selon Sant\u00e9 Canada, 10 aliments pr\u00e9sentent \u00e0 eux seul 90% des r\u00e9actions allergiques d\u00e9clench\u00e9es par un aliment; les arachides, le bl\u00e9, le lait de vache, la moutarde, les noix, les \u0153ufs, le poisson et les crustac\u00e9s, le s\u00e9same le soya et les sulfites. Les manifestations cliniques des allergies alimentaires sont tr\u00e8s variables d\u2019un individu \u00e0 l\u2019autre et peuvent inclure des d\u00e9mangeaisons et de l\u2019urticaire, des bronchospasmes, des vomissements ou une diarrh\u00e9e. La manifestation la plus grave d\u2019une allergie alimentaire est l\u2019anaphylaxie o\u00f9 plusieurs syst\u00e8mes du corps sont affect\u00e9s gravement et soudainement en r\u00e9ponse \u00e0 l\u2019exposition \u00e0 un allerg\u00e8ne. Des allerg\u00e8nes mentionn\u00e9s ci-haut, l\u2019arachide est l\u2019allerg\u00e8ne qui constitue la principale cause de choc anaphylactiques mortels. L\u2019allergie est un trait complexe, ce qui signifie qu\u2019elle r\u00e9sulte d\u2019une interaction entre des facteurs g\u00e9n\u00e9tiques et environnementaux. Les allergies alimentaires peuvent se r\u00e9sorber d\u2019elles-m\u00eames au fil de la vie, mais pour celles qui persistent, un traitement ayant fait ses preuves est maintenant disponible. La d\u00e9sensibilisation orale aux allergies alimentaires expose un enfant graduellement \u00e0 l\u2019allerg\u00e8ne auquel il r\u00e9agit pour mener \u00e0 une \u00e9limination de l\u2019allergie dans 80% des cas. Ce nouveau traitement am\u00e8ne des avenues int\u00e9ressantes pour les familles avec un enfant atteint d\u2019allergie alimentaire.<\/p>\n<p><strong>Laboratoire de recherche clinique sur l\u2019immunoth\u00e9rapie orale (LCCITO-UQAC)<br \/>\n<\/strong><\/p>\n<p style=\"text-align: justify;\">Depuis octobre 2019, les installations de la Pre Catherine Laprise \u00e0 l\u2019Universit\u00e9 du Qu\u00e9bec \u00e0 Chicoutimi accueillent maintenant des p\u00e9diatres (Dr Charles Morin, Dr Guy Parizeault et Dre Claudia Nuncio-Naud) qui offrent un traitement de d\u00e9sensibilisation aux allergies alimentaires \u00e0 une client\u00e8le p\u00e9diatrique. Ce partenariat permet maintenant \u00e0 Pre Catherine Laprise de recruter de nouveaux participants pour \u00e9tudier plus en profondeur le processus de d\u00e9sensibilisation au niveau immunitaire (variation des niveaux de marqueurs sanguins dans le temps) mais aussi au niveau g\u00e9n\u00e9tique, \u00e9pig\u00e9n\u00e9tique et au niveau du microbiote (ensemble des micro-organismes vivant dans un milieu, dans ce cas ci le corps humain). On estime que 30 \u00e0 40 enfants seront d\u00e9sensibilis\u00e9s au cours d\u2019une ann\u00e9e d\u2019activit\u00e9 de la clinique, ce qui repr\u00e9sente un bon nombre d\u2019enfants potentiellement recrut\u00e9s pour ce projet de recherche.<\/p>\n<h2 style=\"text-align: justify;\">Projets de recherche en cours<\/h2>\n<ul>\n<li style=\"text-align: justify;\">\u00c9tude des changements au niveau des marqueurs immunitaires au cours d\u2019un processus de d\u00e9sensibilisation aux allergies alimentaires (Collaborateurs\u00a0: Dr Charles Morin, Dr Guy Parizeault, Dre Claudia Nuncio-Naud);<\/li>\n<li style=\"text-align: justify;\">\u00c9tude g\u00e9n\u00e9tique et \u00e9pig\u00e9n\u00e9tique de l\u2019allergie alimentaire et de la r\u00e9ponse \u00e0 un traitement de d\u00e9sensibilisation orale (Collaborateurs\u00a0: Dr Charles Morin, Dr Guy Parizeault, Dre Claudia Nuncio-Naud);<\/li>\n<li style=\"text-align: justify;\">\u00c9tude du microbiote intestinal, cutan\u00e9, buccal et nasal d\u2019enfants ayant subi une d\u00e9sensibilisation aux allergies alimentaires (Collaborateurs\u00a0: Dr Charles Morin, Dr Guy Parizeault, Dre Claudia Nuncio-Naud).<\/li>\n<\/ul>\n<p style=\"text-align: justify;\"><\/div><\/div><!-- end div.wp-tab-content --><\/p>\n<p style=\"text-align: justify;\"><\/div><!-- end div.wp-tabs --><\/p>\n<p><\/p>","protected":false},"excerpt":{"rendered":"","protected":false},"author":1,"featured_media":0,"parent":0,"menu_order":0,"comment_status":"closed","ping_status":"closed","template":"","meta":{"footnotes":""},"categories":[4],"_links":{"self":[{"href":"https:\/\/www.uqac.ca\/genetics\/wp-json\/wp\/v2\/pages\/301"}],"collection":[{"href":"https:\/\/www.uqac.ca\/genetics\/wp-json\/wp\/v2\/pages"}],"about":[{"href":"https:\/\/www.uqac.ca\/genetics\/wp-json\/wp\/v2\/types\/page"}],"author":[{"embeddable":true,"href":"https:\/\/www.uqac.ca\/genetics\/wp-json\/wp\/v2\/users\/1"}],"replies":[{"embeddable":true,"href":"https:\/\/www.uqac.ca\/genetics\/wp-json\/wp\/v2\/comments?post=301"}],"version-history":[{"count":51,"href":"https:\/\/www.uqac.ca\/genetics\/wp-json\/wp\/v2\/pages\/301\/revisions"}],"predecessor-version":[{"id":2114,"href":"https:\/\/www.uqac.ca\/genetics\/wp-json\/wp\/v2\/pages\/301\/revisions\/2114"}],"wp:attachment":[{"href":"https:\/\/www.uqac.ca\/genetics\/wp-json\/wp\/v2\/media?parent=301"}],"wp:term":[{"taxonomy":"category","embeddable":true,"href":"https:\/\/www.uqac.ca\/genetics\/wp-json\/wp\/v2\/categories?post=301"}],"curies":[{"name":"wp","href":"https:\/\/api.w.org\/{rel}","templated":true}]}}