{"id":424,"date":"2013-12-09T16:59:53","date_gmt":"2013-12-09T21:59:53","guid":{"rendered":"http:\/\/www.uqac.ca\/genetic\/?page_id=424"},"modified":"2020-03-26T09:02:42","modified_gmt":"2020-03-26T14:02:42","slug":"chicoutimi","status":"publish","type":"page","link":"https:\/\/www.uqac.ca\/genetics\/chicoutimi\/?lang=fr","title":{"rendered":"Chicoutimi"},"content":{"rendered":"<p><\/p>\n<p style=\"text-align: justify;\">Le laboratoire de la Pre Catherine Laprise est situ\u00e9 \u00e0 l\u2019Universit\u00e9 du Qu\u00e9bec \u00e0 Chicoutimi (UQAC) dans la ville de Saguenay qui, avec pr\u00e8s de 146 000 habitants, est la septi\u00e8me ville en importance dans la province par sa population. Sa superficie est de 1136 km<sup>2<\/sup>, soit deux fois celle de l\u2019\u00eele de Montr\u00e9al. La ville et la for\u00eat ne sont qu\u2019\u00e0 deux pas l\u2019un de l\u2019autre et le territoire est travers\u00e9 par la rivi\u00e8re Saguenay et le majestueux fjord du Saguenay.\u00a0 Elle poss\u00e8de une \u00e9conomie\u00a0 qui repose sur l\u2019industrie de l\u2019aluminium et foresti\u00e8re, ses commerces, ses institutions et ses centres de recherche.<\/p>\n<figure style=\"width: 300px\" class=\"wp-caption aligncenter\"><a href=\"http:\/\/www.uqac.ca\/genetic\/wp-content\/uploads\/2013\/02\/ville-saguenay.jpg\"><img loading=\"lazy\" decoding=\"async\" class=\" \" style=\"border: 1px solid black;\" src=\"http:\/\/www.uqac.ca\/genetic\/wp-content\/uploads\/2013\/02\/ville-saguenay-300x199.jpg\" alt=\"ville saguenay\" width=\"300\" height=\"199\" \/><\/a><figcaption class=\"wp-caption-text\">Saguenay<\/figcaption><\/figure>\n<p style=\"text-align: justify;\">L\u2019UQAC qui compte 7 000 \u00e9tudiants est une universit\u00e9 francophone du r\u00e9seau de l\u2019UQ.\u00a0 Seule universit\u00e9 du Saguenay\u2014Lac-Saint-Jean, elle accueille aussi des \u00e9tudiants de partout au Qu\u00e9bec et de la Francophonie. Situ\u00e9 pr\u00e8s du centre-ville de Chicoutimi, son campus compte, en plus du pavillon principal, du pavillon sportif et du pavillon Alphonse-Desjardins, un pavillon de recherche sur le givrage, un pavillon de recherche foresti\u00e8re, de m\u00e9decine, des arts et le centre des technologies de l\u2019aluminium.\u00a0 Sur le campus, se trouvent \u00e9galement trois r\u00e9sidences \u00e9tudiantes.<\/p>\n<figure id=\"attachment_738\" aria-describedby=\"caption-attachment-738\" style=\"width: 300px\" class=\"wp-caption aligncenter\"><a href=\"http:\/\/www.uqac.ca\/genetic\/wp-content\/uploads\/2014\/05\/uqac-campus.jpg\"><img loading=\"lazy\" decoding=\"async\" class=\"   \" style=\"border: 1px solid black;\" src=\"http:\/\/www.uqac.ca\/genetic\/wp-content\/uploads\/2014\/05\/uqac-campus-300x199.jpg\" alt=\"\u00a9Bureau des affaires publiques, UQAC (Guylain Doyle)\" width=\"300\" height=\"199\" \/><\/a><figcaption id=\"caption-attachment-738\" class=\"wp-caption-text\">\u00a9Bureau des affaires publiques, UQAC (Guylain Doyle)<\/figcaption><\/figure>\n<p style=\"text-align: justify;\">L\u2019h\u00f4pital de Chicoutimi, avec ses \u00e9quipes m\u00e9dicales multidisciplinaires, offre des soins de premi\u00e8re ligne et de grande qualit\u00e9.\u00a0 Il fait partie du Centre int\u00e9gr\u00e9 universitaire de sant\u00e9 et de services sociaux du Saguenay\u2014Lac-Saint-Jean (CIUSSS SLSJ) qui compte plus de 675 m\u00e9decins, dentistes et pharmaciens et plus de 10 500\u00a0 employ\u00e9s.\u00a0 Le CIUSSS regroupe 62 installations et 17 laboratoires. Le centre est d\u00e9sign\u00e9 universitaire pour sa mission hospitali\u00e8re et, \u00e0 ce titre, il assume une mission importante en enseignement m\u00e9dical et autres sciences de la sant\u00e9. Il est affili\u00e9 \u00e0 l\u2019Universit\u00e9 de Sherbrooke et \u00e0 l\u2019Universit\u00e9 de Montr\u00e9al. En mati\u00e8re de soins de sant\u00e9, la r\u00e9gion du Saguenay-Lac-Saint-Jean est autonome \u00e0 plus de 95%.\u00a0 L\u2019\u00e9tablissement op\u00e8re un important centre de recherche et il est le site du Centre de m\u00e9decine g\u00e9nique communautaire de l\u2019Universit\u00e9 de Montr\u00e9al.<\/p>\n<p style=\"text-align: justify;\">Ville nature, mais aussi ville de culture, la ville de Saguenay est une v\u00e9ritable p\u00e9pini\u00e8re de talents.\u00a0 Plusieurs entreprises \u0153uvrant dans les domaines de l&rsquo;art, du th\u00e9\u00e2tre, du spectacle et des loisirs, \u00e9voluent dans la ville. Elle poss\u00e8de plusieurs mus\u00e9es et centres d&rsquo;interpr\u00e9tation comme le mus\u00e9e r\u00e9gional de la Pulperie et le mus\u00e9e du Fjord.\u00a0 On d\u00e9nombre aussi 14 salles de spectacles, 10 biblioth\u00e8ques municipales, 3 centres culturels.\u00a0 La ville abrite le Conservatoire de musique de Saguenay, 3 \u00e9coles de musique priv\u00e9es et l&rsquo;Orchestre symphonique du Saguenay\u2013Lac-Saint-Jean.\u00a0 La ville est l\u2019h\u00f4te de nombreux festivals notamment le festival des Rythmes du Monde et le festival de Jazz ainsi que de plusieurs spectacles, symposiums et expositions d\u2019envergure nationale et internationale.<\/p>\n<figure style=\"width: 300px\" class=\"wp-caption aligncenter\"><a href=\"http:\/\/www.uqac.ca\/genetic\/wp-content\/uploads\/2013\/02\/cap-jaseux.jpg\"><img loading=\"lazy\" decoding=\"async\" class=\" \" style=\"border: 1px solid black;\" src=\"http:\/\/www.uqac.ca\/genetic\/wp-content\/uploads\/2013\/02\/cap-jaseux-300x225.jpg\" alt=\"cap jaseux\" width=\"300\" height=\"225\" \/><\/a><figcaption class=\"wp-caption-text\">Cap Jaseux \u00a9Vanessa Vaillancourt<\/figcaption><\/figure>\n<p style=\"text-align: justify;\">Pour les amateurs de sports et de plein air, on retrouve sur le territoire de la ville de Saguenay 11 ar\u00e9nas, 3 terrains de soccer\/football synth\u00e9tiques, 6 piscines int\u00e9rieures, 16 piscines ext\u00e9rieures, 4 terrains de golf, 2 centres de ski alpin et 4 centres de ski de fond.\u00a0 La ville poss\u00e8de plusieurs kilom\u00e8tres des sentiers de motoneige et de quad, 1 site de cano\u00eb-kayak, 3 sites de p\u00eache blanche et 2 sites de v\u00e9lo de montagne et de nombreuses pistes cyclables.\u00a0 \u00c0 proximit\u00e9 se trouve la V\u00e9loroute des bleuets dont la renomm\u00e9e d\u00e9passe maintenant les fronti\u00e8res du Qu\u00e9bec.\u00a0 Aussi, la pr\u00e9sence de 3 parcs nationaux permet notamment la pratique du kayak, du camping, de la longue randonn\u00e9e, du ski hors-piste et de la raquette.\u00a0 Aussi, le canot, l\u2019escalade, l\u2019observation des oiseaux et des baleines, la chasse et la p\u00eache et la randonn\u00e9e en traineaux \u00e0 chiens sont aux nombres des activit\u00e9s que peut offrir la r\u00e9gion.<\/p>\n<p style=\"text-align: justify;\">Au chapitre de la gastronomie et des produits du terroir, vous appr\u00e9cierez la finesse de nos produits caract\u00e9ris\u00e9s par leur authenticit\u00e9, leur qualit\u00e9 gustative et la cr\u00e9ativit\u00e9 dont ont fait preuve nos producteurs. Vous serez charm\u00e9s par nos fromages \u00e9labor\u00e9s avec passion, jusqu&rsquo;aux viandes raffin\u00e9es et exotiques, en passant par nos fameux petits fruits bleus et rouges, sans oublier la fabrication de bi\u00e8re locale et de vin.\u00a0 Aussi, la ville de Saguenay et ses environs regorgent de restaurants pouvant satisfaire tous les go\u00fbts.<\/p>\n<p style=\"text-align: justify;\">Pour plus de d\u00e9tails:<\/p>\n<p style=\"text-align: justify;\"><a href=\"http:\/\/\u2028www.saguenaylacsaintjean.gouv.qc.ca\" target=\"_blank\">www.saguenaylacsaintjean.gouv.qc.ca<\/a><\/p>\n<p style=\"text-align: justify;\"><a href=\"http:\/\/\u2028www.bleuvacances.ca \" target=\"_blank\">www.bleuvacances.ca<\/a><\/p>\n<p style=\"text-align: justify;\"><a href=\"http:\/\/www.saguenaylacsaintjean.ca\/ \" target=\"_blank\">www.saguenaylacsaintjean.ca\/ <\/a><\/p>\n<p><\/p>","protected":false},"excerpt":{"rendered":"<p>Le laboratoire de la Pre Catherine Laprise est situ\u00e9 \u00e0 l\u2019Universit\u00e9 du Qu\u00e9bec \u00e0 Chicoutimi (UQAC) dans la ville de Saguenay qui, avec pr\u00e8s de 146 000 habitants, est la septi\u00e8me ville en importance dans la province par sa population. Sa superficie est de 1136 km2, soit deux fois celle de l\u2019\u00eele de Montr\u00e9al. La [&hellip;]<\/p>\n","protected":false},"author":1,"featured_media":0,"parent":0,"menu_order":0,"comment_status":"closed","ping_status":"closed","template":"sidebar-page.php","meta":{"footnotes":""},"categories":[],"_links":{"self":[{"href":"https:\/\/www.uqac.ca\/genetics\/wp-json\/wp\/v2\/pages\/424"}],"collection":[{"href":"https:\/\/www.uqac.ca\/genetics\/wp-json\/wp\/v2\/pages"}],"about":[{"href":"https:\/\/www.uqac.ca\/genetics\/wp-json\/wp\/v2\/types\/page"}],"author":[{"embeddable":true,"href":"https:\/\/www.uqac.ca\/genetics\/wp-json\/wp\/v2\/users\/1"}],"replies":[{"embeddable":true,"href":"https:\/\/www.uqac.ca\/genetics\/wp-json\/wp\/v2\/comments?post=424"}],"version-history":[{"count":48,"href":"https:\/\/www.uqac.ca\/genetics\/wp-json\/wp\/v2\/pages\/424\/revisions"}],"predecessor-version":[{"id":1519,"href":"https:\/\/www.uqac.ca\/genetics\/wp-json\/wp\/v2\/pages\/424\/revisions\/1519"}],"wp:attachment":[{"href":"https:\/\/www.uqac.ca\/genetics\/wp-json\/wp\/v2\/media?parent=424"}],"wp:term":[{"taxonomy":"category","embeddable":true,"href":"https:\/\/www.uqac.ca\/genetics\/wp-json\/wp\/v2\/categories?post=424"}],"curies":[{"name":"wp","href":"https:\/\/api.w.org\/{rel}","templated":true}]}}