{"id":495,"date":"2014-02-12T11:52:36","date_gmt":"2014-02-12T16:52:36","guid":{"rendered":"http:\/\/www.uqac.ca\/genetic\/?page_id=495"},"modified":"2024-11-29T13:14:26","modified_gmt":"2024-11-29T18:14:26","slug":"anciens-membres-de-lequipe","status":"publish","type":"page","link":"https:\/\/www.uqac.ca\/genetics\/anciens-membres-de-lequipe\/?lang=fr","title":{"rendered":"Anciens membres de l&rsquo;\u00e9quipe"},"content":{"rendered":"<p><\/p>\n<p style=\"text-align: justify;\"><div id=\"wp-tabs-1\" class=\"wp-tabs  jqui-styles wpui-tabs-horizontal\" data-style=\"\"><\/p>\n<p style=\"text-align: justify;\"><h3 class=\"wp-tab-title\"> 1er cycle <\/h3> <div class=\"wp-tab-content\"><div class=\"wp-tab-content-wrapper\"><\/p>\n<p style=\"text-align: justify;\"><span style=\"text-decoration: underline;\">Liste des 5 derni\u00e8res ann\u00e9es<\/span><\/p>\n<h1>Aida Mb\u00e9ne Diakhate<\/h1>\n<p>Extraction d\u2019ADN des \u00e9chantillons des participants de la clinique Z\u00e9ro allergie (B.Sc. en biologie, UQAC, 2023)<\/p>\n<h1><strong>Am\u00e9lie Fortin<\/strong><\/h1>\n<p>Stage \u00e0 la clinique Z\u00e9ro allergie (d\u00e9sensibilisation aux allergies alimentaires)(Doctorat 1er cycle M.D., UdeS, 2023\/\u00a0Bourse\u00a0: Fonds de d\u00e9veloppement facultaire de la Soci\u00e9t\u00e9 des m\u00e9decins de Sherbrooke)<\/p>\n<h1>Am\u00e9lie Fortier<\/h1>\n<p>Diversit\u00e9 g\u00e9nomique et microbienne des enfants souffrant d&rsquo;allergies alimentaires par rapport aux t\u00e9moins. (B.Sc. en biologie, UQAC, 2023-\/Bourse : CRSNG (2))<\/p>\n<h1>Sabrina Martel<\/h1>\n<p>Stage \u00e0 la clinique Z\u00e9ro allergie (d\u00e9sensibilisation aux allergies alimentaires)(Doctorat 1er cycle M.D., UdeS, 2022\/Bourse\u00a0: Fonds de d\u00e9veloppement facultaire de la Soci\u00e9t\u00e9 des m\u00e9decins de Sherbrooke)<\/p>\n<h1>Charles-Olivier Malenfant<\/h1>\n<p>Stage \u00e0 la clinique Z\u00e9ro allergie (d\u00e9sensibilisation aux allergies alimentaires)(Doctorat 1er cycle M.D., UdeS, 2022\/Bourse\u00a0:\u00a0Fonds de d\u00e9veloppement facultaire de la Soci\u00e9t\u00e9 des m\u00e9decins de Sherbrooke)<\/p>\n<h1>\u00c9tienne Dupuis<\/h1>\n<p>Diversit\u00e9 microbienne intestinale sp\u00e9cifique aux enfants ayant des allergies alimentaires (B.Sc. en biologie, UQAC, 2021-2023)<\/p>\n<h1>Fatoumata Ouedraogo<\/h1>\n<p>Comparer la pr\u00e9valence des comorbidit\u00e9s chez les individus asthmatiques comparativement aux t\u00e9moins (B.Sc. en biologie, UQAC, 2020-2023)<\/p>\n<h1>Jane Lajoie<\/h1>\n<p>Stage \u00e0 la clinique Z\u00e9ro allergie (d\u00e9sensibilisation aux allergies alimentaires)(Doctorat 1er cycle M.D., UdeS, 2021\/Bourse\u00a0:\u00a0Fonds de d\u00e9veloppement facultaire de la Soci\u00e9t\u00e9 des m\u00e9decins de Sherbrooke)<\/p>\n<h1>Guillaume Pettigrew<\/h1>\n<p>Stage \u00e0 la clinique Z\u00e9ro allergie (d\u00e9sensibilisation aux allergies alimentaires)(Doctorat 1er cycle M.D., UdeS, 2021\/Bourse\u00a0:\u00a0Fonds de d\u00e9veloppement facultaire de la Soci\u00e9t\u00e9 des m\u00e9decins de Sherbrooke)<\/p>\n<h1>Alexia Larouche<\/h1>\n<p>Stage au site de l\u2019UQAC de la Biobanque qu\u00e9b\u00e9coise de la Covid-19 (BQC-19) pour le traitement des \u00e9chantillons\u00a0(B.Sc. en biologie, UdeL, 2021)<\/p>\n<h1>Chlo\u00e9 Martel<\/h1>\n<p>Profil g\u00e9n\u00e9tique d\u2019individus en surpoids avec asthme (B.Sc. en biologie, UQAC, 2021)<\/p>\n<h1>Marie-Pier Bouchard<\/h1>\n<p>Identification de d\u00e9terminants g\u00e9n\u00e9tiques communs pour les allerg\u00e8nes d\u2019ext\u00e9rieurs et d\u2019int\u00e9rieurs\u00a0(B.Sc. en biologie, UQAC, 2020-2021)<\/p>\n<h1>R\u00e9becca Dionne-Gagn\u00e9<\/h1>\n<p>\u00c9tude de la phosphorylation du motif LLTPL K5 chez les individus atteints d\u2019\u00e9pidermolyse bulleuse simplex\u00a0\u00a0(B.Sc. en biologie, UQAC,\u00a02019-2022)<\/p>\n<h1><strong>William Bourumeau<\/strong><\/h1>\n<p style=\"text-align: justify;\">\u00c9tude de la phosphorylation du motif LLTPL K5 chez les individus atteints d\u2019\u00e9pidermolyse bulleuse simplex (License en biologie, UQAC\/U. Paris-Est Cr\u00e9teil, 2019-2020)<\/p>\n<h1 style=\"text-align: justify;\">Anne-Laure Mon\u00e9ger<\/h1>\n<p style=\"text-align: justify;\">Corrections de mutations chez des patients atteints d\u2019\u00e9pidermolyse bulleuse simplex par la technologie CRISPR-Cas9\u00a0(License en biologie, UQAC\/U. Paris-Est Cr\u00e9teil, 2018-2019)<\/p>\n<h1 style=\"text-align: justify;\">Quentin Bouvier<\/h1>\n<p style=\"text-align: justify;\">Analyses de donn\u00e9es g\u00e9n\u00e9tiques sur la cohorte familiale d\u2019asthme du SLSJ\u00a0(B.Sc. en biologie, UQAC, 2018-2019)<\/p>\n<h1 style=\"text-align: justify;\">\u00a0Marie-\u00c8ve Lavoie<\/h1>\n<p>\u00c9tude longitudinale de la condition respiratoire d\u2019un sous-\u00e9chantillon de la cohorte familiale d\u2019asthme du SLSJ (B.Sc. en biologie, UQAC,\u00a02017-2020\/Bourse : UQAC excellence, CRSNG (2))<\/p>\n<h1>Pierre-Alexandre Gagnon<\/h1>\n<p>Mesure du niveau de certaines prot\u00e9ines dans un contexte d\u2019asthme par technique ELISA\u00a0\u00a0(B.Sc. en biologie, UQAC,\u00a02017-2020)<\/p>\n<p style=\"text-align: justify;\" align=\"JUSTIFY\"><\/div><\/div><!-- end div.wp-tab-content --><\/p>\n<p style=\"text-align: justify;\"><h3 class=\"wp-tab-title\"> 2e cycle <\/h3> <div class=\"wp-tab-content\"><div class=\"wp-tab-content-wrapper\"><\/p>\n<p style=\"text-align: justify;\"><span style=\"text-decoration: underline;\">Liste des 5 derni\u00e8res ann\u00e9e<\/span><\/p>\n<h1 style=\"text-align: justify;\">Anne-Marie Boucher-Lafleur<\/h1>\n<p style=\"text-align: justify;\">\u00c9tude des profils de m\u00e9thylation et d\u2019expression des lymphocytes T CD4+ dans l\u2019asthme (M.Sc. en m\u00e9decine exp\u00e9rimentale, UQAC, 2015-2019\/ Bourse du programme de formation en sant\u00e9 respiratoire du Qu\u00e9bec \u2013 IRSC, Bourse FRQS)<\/p>\n<h1 style=\"text-align: justify;\">Lindsay Girard<\/h1>\n<p style=\"text-align: justify;\">Correction de mutations causant l\u2019\u00e9pidermolyse bulleuse simplex par recombinaison homologue avec la technologie CRISPR\/Cas9 (M.Sc. en m\u00e9decine exp\u00e9rimentale, UQAC, 2016-2019)<\/p>\n<h1 style=\"text-align: justify;\">Fatou Diankha<\/h1>\n<p>Analyses g\u00e9nomiques et g\u00e9n\u00e9alogiques en asthme allergique (M.Sc. en sant\u00e9 durable, UQAC, 2024-)<\/p>\n<h1>Abdoul Oudous Diakit\u00e9<\/h1>\n<p>Algorithme d\u2019intelligence artificielle bas\u00e9 sur les expectiles pour la m\u00e9decine de pr\u00e9cision-\u00c9tude de cas\u00a0: cohorte familiale en asthme du SLSJ (Co-direction, M.Sc. en sciences exp\u00e9rimentales de la sant\u00e9, UQAC, 2023-)<\/p>\n<h1>Thanina Bouabid<\/h1>\n<p>Analyse de la diversit\u00e9 du microbiome associ\u00e9e \u00e0 l&rsquo;allergie alimentaire (M.Sc. en sciences cliniques biom\u00e9dicales, UQAC, 2022-)<\/p>\n<h1>R\u00e9becca Dionne-Gagn\u00e9<\/h1>\n<p>\u00c9tude du profil de m\u00e9thylation des cellules \u00e9osinophiles des individus asthmatiques par rapport aux non-asthmatiques (M.Sc.\u00a0en sciences cliniques biom\u00e9dicales, UQAC, 2022-2024\/Bourse : RSRQ, FRQS)<\/p>\n<h1>Omayma Amri<\/h1>\n<p>Comprendre l\u2019impact de la comorbidit\u00e9 asthme sur la forme s\u00e9v\u00e8re de la COVID-19 \u00e0 l\u2019aide de la g\u00e9nomique (M.Sc.\u00a0en sciences cliniques biom\u00e9dicales, UQAC, 2021-2024)<\/p>\n<h1>Marie-Pier Bouchard<\/h1>\n<p>Identification de d\u00e9terminants g\u00e9n\u00e9tiques communs pour les allerg\u00e8nes d\u2019ext\u00e9rieurs et d\u2019int\u00e9rieurs (M.Sc.\u00a0en sciences cliniques biom\u00e9dicales, UQAC, 2021-2024\/Bourse: RSRQ)<\/p>\n<h1>Marie-Eve Lavoie<\/h1>\n<p>\u00c9tude longitudinale de la condition respiratoire de la cohorte familiale d\u2019asthme du SLSJ\u00a0(M.Sc.\u00a0en sciences cliniques biom\u00e9dicales, UQAC, 2021-2023\/Bourse : FRQS)<\/p>\n<h1>William Bourumeau<\/h1>\n<p>\u00c9tude du microbiote nasopharyng\u00e9 de patients atteints de la COVID-19 (Co-direction, M.Sc.\u00a0en sciences cliniques biom\u00e9dicales, UQAC, 2020-2023)<\/p>\n<h1>Pierre-Alexandre Gagnon<\/h1>\n<p>\u00c9valuation de la persistance de la r\u00e9duction du muscle lisse 10 ans apr\u00e8s thermoplastie bronchique (Co-direction,\u00a0M.Sc.\u00a0en sciences cliniques biom\u00e9dicales, UdeL, 2020-2023)<\/p>\n<h1>Amira Aoussim<\/h1>\n<p style=\"text-align: justify;\">Identification de marqueurs prot\u00e9omiques et transcriptomiques associ\u00e9s \u00e0 une r\u00e9ponse positive d\u2019un entra\u00eenement physique chez des individus atteints de dystrophie myotonique de type I (Co-direction,\u00a0M.Sc.\u00a0en sciences cliniques biom\u00e9dicales,\u00a0UdeL, 2019-2022)<\/p>\n<h1 style=\"text-align: justify;\">\u00c9mile B\u00e9langer<\/h1>\n<p style=\"text-align: justify;\">Analyse du profil d\u2019expression des microARN des lymphocytes T CD4+ et des \u00e9osinophiles dans l\u2019asthme et les traits associ\u00e9s (M.Sc.\u00a0en sciences cliniques biom\u00e9dicales, UQAC, UdeL, 2019-2021)<\/p>\n<h1 style=\"text-align: justify;\">Mathieu Simard<\/h1>\n<p>Nouvelles approches d\u2019analyses g\u00e9n\u00e9tiques de donn\u00e9es issues de la cohorte familiale d\u2019asthme du Saguenay-Lac-Saint-Jean\u00a0(M.Sc.\u00a0en sciences cliniques biom\u00e9dicales, UQAC, UdeL, 2018-2020\/Bourse : RSRQ)<\/p>\n<p style=\"text-align: justify;\" align=\"JUSTIFY\"><\/div><\/div><!-- end div.wp-tab-content --><\/p>\n<p style=\"text-align: justify;\"><h3 class=\"wp-tab-title\"> 3e cycle <\/h3> <div class=\"wp-tab-content\"><div class=\"wp-tab-content-wrapper\"><\/p>\n<h1 style=\"text-align: justify;\">R\u00e9becca Dionne-Gagn\u00e9<\/h1>\n<p>Construction d\u2019un pansement vivant pour l\u2019\u00e9pidermolyse bulleuse simplex gr\u00e2ce \u00e0 l\u2019\u00e9dition g\u00e9n\u00e9tique (Doctorat en biologie, UQAC, 2024-)<\/p>\n<h1><strong>Mathieu Simard<\/strong><\/h1>\n<p>Int\u00e9gration des donn\u00e9es omiques dans la dermite atopique : vers une m\u00e9decine translationnelle (UQAC, 2022-2023) *Arr\u00eat du programme pour d\u00e9buter une carri\u00e8re en enseignement au C\u00c9GEP et comme charg\u00e9 de cous \u00e0 l\u2019Universit\u00e9<\/p>\n<h1><strong>Lucille Pain<\/strong><\/h1>\n<p>\u00c9tude \u00e9pig\u00e9n\u00e9tique de l\u2019\u00e9osinophile dans l\u2019asthme allergique (Doctorat, UQAC, 2021-2022\/ Bourse\u00a0: RSRQ-FRQS)<\/p>\n<p>2015-2018 *interruption pour raisons m\u00e9dicales et exclusion du programme li\u00e9e \u00e0 la dur\u00e9e prolong\u00e9e hors des limites permises par le programme<\/p>\n<p style=\"text-align: justify;\"><\/div><\/div><!-- end div.wp-tab-content --><\/p>\n<p><h3 class=\"wp-tab-title\"> Post-Doctorat <\/h3> <div class=\"wp-tab-content\"><div class=\"wp-tab-content-wrapper\"><\/p>\n<h1>B\u00e9n\u00e9dicte L. Tremblay<\/h1>\n<p>\u00c9tude multi-omique des maladies allergiques de la marche atopique et \u00e9laboration d\u2019un outil pr\u00e9dictif (UQAC, 2023-2024 \/ Bourse\u00a0: Instituts de recherche en sant\u00e9 du Canada)<\/p>\n<h1><strong>Amadou Diogo Barry<\/strong><\/h1>\n<p>Analyse int\u00e9gr\u00e9e des donn\u00e9es g\u00e9nomiques dans l\u2019asthme et les maladies allergiques (UQAC, 2021-2022)<\/p>\n<h1><strong>Hicham Ajami<\/strong><\/h1>\n<p>Le contr\u00f4le de l\u2019asthme allergique gr\u00e2ce \u00e0 l\u2019informatique contextuelle (Co-Supervision, UQAC, 2021-2021)<\/p>\n<h1>Andr\u00e9e-Anne Hudon-Thibault<\/h1>\n<p style=\"text-align: justify;\">Portrait de la g\u00e9n\u00e9tique de l\u2019asthme dans la cohorte familiale d\u2019asthme du Saguenay\u2500Lac-Saint-Jean (UQAC, 2019-2020)<\/p>\n<h1>Francisco Bonachela Capdevila<\/h1>\n<p style=\"text-align: justify;\">\u00c9valuation d\u2019outils de mod\u00e9lisation pour prioriser des associations g\u00e9n\u00e9tiques dans les traits complexes (Universit\u00e9 KU Leuven, 2013-2014)<\/p>\n<h1>Audrey Poon<\/h1>\n<p>G\u00e9n\u00e9tique de l&rsquo;asthme s\u00e9v\u00e8re (McGill University, 2010-2013)<\/p>\n<h1>Mbarka Betchnia<\/h1>\n<p style=\"text-align: justify;\">\u00c9tude transcriptomique et prot\u00e9omique de l&rsquo;\u00c9pidermolyse bulleuse simplex et essais th\u00e9rapeutique (UQAC, 2009 \/ 2011 and 2013)<\/p>\n<p><\/div><\/div><!-- end div.wp-tab-content --><\/p>\n<p style=\"text-align: justify;\"><h3 class=\"wp-tab-title\"> Professionnels de recherche <\/h3> <div class=\"wp-tab-content\"><div class=\"wp-tab-content-wrapper\"><\/p>\n<p style=\"text-align: justify;\">Vanessa Tremblay-Vaillancourt<\/p>\n<p style=\"text-align: justify;\">Ang\u00e9lique Longtin<\/p>\n<p style=\"text-align: justify;\">Jean-Michel Bergeron<\/p>\n<p style=\"text-align: justify;\">Suzie Tremblay<\/p>\n<p style=\"text-align: justify;\">Marina Mourot<\/p>\n<p style=\"text-align: justify;\"><\/div><\/div><!-- end div.wp-tab-content --><\/p>\n<p style=\"text-align: justify;\"><\/div><!-- end div.wp-tabs --><\/p>\n<p><\/p>","protected":false},"excerpt":{"rendered":"","protected":false},"author":1,"featured_media":0,"parent":0,"menu_order":0,"comment_status":"closed","ping_status":"closed","template":"","meta":{"footnotes":""},"categories":[7],"_links":{"self":[{"href":"https:\/\/www.uqac.ca\/genetics\/wp-json\/wp\/v2\/pages\/495"}],"collection":[{"href":"https:\/\/www.uqac.ca\/genetics\/wp-json\/wp\/v2\/pages"}],"about":[{"href":"https:\/\/www.uqac.ca\/genetics\/wp-json\/wp\/v2\/types\/page"}],"author":[{"embeddable":true,"href":"https:\/\/www.uqac.ca\/genetics\/wp-json\/wp\/v2\/users\/1"}],"replies":[{"embeddable":true,"href":"https:\/\/www.uqac.ca\/genetics\/wp-json\/wp\/v2\/comments?post=495"}],"version-history":[{"count":65,"href":"https:\/\/www.uqac.ca\/genetics\/wp-json\/wp\/v2\/pages\/495\/revisions"}],"predecessor-version":[{"id":2121,"href":"https:\/\/www.uqac.ca\/genetics\/wp-json\/wp\/v2\/pages\/495\/revisions\/2121"}],"wp:attachment":[{"href":"https:\/\/www.uqac.ca\/genetics\/wp-json\/wp\/v2\/media?parent=495"}],"wp:term":[{"taxonomy":"category","embeddable":true,"href":"https:\/\/www.uqac.ca\/genetics\/wp-json\/wp\/v2\/categories?post=495"}],"curies":[{"name":"wp","href":"https:\/\/api.w.org\/{rel}","templated":true}]}}