{"id":55,"date":"2012-12-18T20:03:39","date_gmt":"2012-12-19T01:03:39","guid":{"rendered":"http:\/\/www.uqac.ca\/genetic\/?page_id=55"},"modified":"2024-11-29T11:05:38","modified_gmt":"2024-11-29T16:05:38","slug":"titulaire-de-la-chaire","status":"publish","type":"page","link":"https:\/\/www.uqac.ca\/genetics\/titulaire-de-la-chaire\/?lang=fr","title":{"rendered":"Titulaire de la chaire"},"content":{"rendered":"<h1 class=\"wp-block-heading\">Catherine Laprise<\/h1>\n\n\n\n<h1 class=\"wp-block-heading\"><a href=\"https:\/\/www.uqac.ca\/genetics\/wp-content\/uploads\/2018\/10\/Catherine-Laprise-2018.jpg\"><img loading=\"lazy\" decoding=\"async\" class=\"alignleft size-medium wp-image-1409\" src=\"https:\/\/www.uqac.ca\/genetics\/wp-content\/uploads\/2018\/10\/Catherine-Laprise-2018-247x300.jpg\" alt=\"Catherine Laprise 2018\" width=\"247\" height=\"300\" srcset=\"https:\/\/www.uqac.ca\/genetics\/wp-content\/uploads\/2018\/10\/Catherine-Laprise-2018-247x300.jpg 247w, https:\/\/www.uqac.ca\/genetics\/wp-content\/uploads\/2018\/10\/Catherine-Laprise-2018-844x1024.jpg 844w, https:\/\/www.uqac.ca\/genetics\/wp-content\/uploads\/2018\/10\/Catherine-Laprise-2018.jpg 2024w\" sizes=\"(max-width: 247px) 100vw, 247px\" \/><\/a><\/h1>\n\n\n\n<h2 class=\"wp-block-heading\">Formation acad\u00e9mique<\/h2>\n\n\n\n<p>\u00c9tudes postdoctorales (Massachussets Institue of Technology (MIT) de l&rsquo;universit\u00e9 Harvard, Boston et au Centre d&rsquo;innovation G\u00e9nome Qu\u00e9bec et Universit\u00e9 McGill, Montr\u00e9al; 1997-2000)<br>Ph. D. en g\u00e9n\u00e9tique de l&rsquo;asthme (Universit\u00e9 Laval, Qu\u00e9bec; 1993-1997)<br>M. Sc. en sant\u00e9 respiratoire (Universit\u00e9 Laval, Qu\u00e9bec; 1992-1994)<br>B. Sc. en biologie (UQAC, Saguenay; 1989-1992)<\/p>\n\n\n\n<h2 class=\"wp-block-heading\">Champs d&rsquo;expertise<\/h2>\n\n\n\n<p>G\u00e9n\u00e9tique des traits complexes;<br>Biologie mol\u00e9culaire;<br>\u00c9pig\u00e9n\u00e9tique;<br>Biobanque;<br>Asthme;<br>Allergie;<br>Maladies rares.<\/p>\n\n\n\n<h2 class=\"wp-block-heading\">Th\u00e8mes de recherche<\/h2>\n\n\n\n<p>Identification des d\u00e9terminants g\u00e9n\u00e9tiques de l\u2019asthme et l&rsquo;allergie;<br>\u00c9tudes des processus inflammatoires qui sous-tendent l&rsquo;asthme et l&rsquo;allergie;<br>D\u00e9veloppement de mod\u00e8les d\u2019analyses d\u2019interactions g\u00e8ne-g\u00e8ne et g\u00e8ne-environnement;<br>\u00c9tude du processus de d\u00e9sensibilisation aux allergies alimentaires chez les enfants allergiques;<br>\u00c9tude du patron d\u2019expression (transcriptome) dans le contexte de traits complexes et de maladies rares;<br>Identification de d\u00e9terminants g\u00e9n\u00e9tiques de maladies monog\u00e9niques rares;<br>Identification de g\u00e8nes modulateurs dans certaines maladies monog\u00e9niques rares;<br>Correction g\u00e9n\u00e9tique de mutations causales de maladies monog\u00e9niques rares par la technologie CRISPR-Cas9;<br>Application des d\u00e9couvertes issues de la g\u00e9n\u00e9tique \u00e0 la mise au point d\u2019outils servant d\u2019information et de sensibilisation et ultimement de nouveaux programmes de pr\u00e9vention et de nouvelles th\u00e9rapies mieux cibl\u00e9es.<\/p>\n\n\n\n<h2 class=\"wp-block-heading\">Groupes et r\u00e9seaux de recherche<\/h2>\n\n\n\n<p>Directrice, <em>Centre intersectioriel en sant\u00e9 durablee (CISD)<\/em>;<br>Co-directrice de la plateforme G\u00e9nomique et membre du Comit\u00e9 scientifique, <em>Centre d\u2019Excellence en Recherche sur les Maladies Orphelines \u2013 Fondation Courtois (CERMO-FC)<\/em>;<br>Directrice de la biobanque, <i>Consortium de recherche sur l\u2019acidose lactique (LSFC consortium)<\/i>;<br>Responsable, <em>Consortium REsolving Systems Epigenomes of T-cells in Autoimmune and Inflammatory Diseases (RESET-AID)<\/em>;<br>Co-directrice et membre du comit\u00e9 scientifique de l\u2019axe Environnement\/G\u00e9n\u00e9tique\/Cancer, <em>R\u00e9seau de recherche en Sant\u00e9 Respiratoire du Qu\u00e9bec (RSRQ)<\/em>;<br>Membre, <em>International Food Allergy Consortium (InFAC)<\/em>;<br>Membre, <em>Comit\u00e9 du Chantier cr\u00e9ativit\u00e9 et intersectorialit\u00e9<\/em>;<br>Membre, <em>Comit\u00e9 d\u2019acc\u00e8s aux donn\u00e9es et \u00e9chantillons (SDAC) de CARTaGENE<\/em>;<br>Membre, <em>Comit\u00e9 de protection et d\u2019acc\u00e8s aux donn\u00e9es du fichier de population BALSAC<\/em>;<br>Membre, <em>Th\u00e9Cell : R\u00e9seau de th\u00e9rapie cellulaire, tissulaire et g\u00e9nique du Qu\u00e9bec<\/em>;<br>Membre du programme A, <em>The Allergy, Genes and Environment Network (AllerGen)<\/em>;<br>Membre, <em>Consortium de recherche GABRIEL visant l\u2019identification des causes g\u00e9n\u00e9tiques et environnementales de l\u2019asthme<\/em>;<br>Membre, <em>Canadian Healthy Infant Longitudinal Development (CHILD) study<\/em>;<br>Membre, <em>Cardiometabolic Health Diabetes and Obesity Research Network (CMDO)<\/em>;<br>Membre, <em>American Society of Human Genetics (ASHG)<\/em>.<\/p>\n\n\n\n<h2 class=\"wp-block-heading\">Prix et distinctions<\/h2>\n\n\n\n<p>Co-pr\u00e9sidente honoraire et pr\u00e9sentatrice invit\u00e9e, Fondation Asselin du C\u00e9gep de Jonqui\u00e8re (2016);<br>Chaire de recherche du Canada en Environnement et g\u00e9n\u00e9tique des troubles respiratoires et de l\u2019allergie, Chaire de niveau 1 (2015);<br>Repr\u00e9sentante des professeurs, c\u00e9r\u00e9monie de collation des grades de l\u2019UQAC (2014);<br>Personnalit\u00e9 Radio-Canada \u2013 Le Quotidien de mars 2014 (2014);<br>Co-Pr\u00e9sidente scientifique, Super-Expo-Sciences Hydro-Qu\u00e9bec, finale qu\u00e9b\u00e9coise (2013);<br>Chaire de recherche du Canada sur l\u2019\u00c9tude des d\u00e9terminants g\u00e9n\u00e9tique de l\u2019asthme, Chaire de niveau 2, renouvellement 1er janvier 2010 (2010-2015);<br>Pr\u00e9sidente scientifique, Expo-Sciences Hydro-Qu\u00e9bec (2011);<br>Ambassadrice des \u00e9coles publiques de la commission scolaire des Rives-du-Saguenay<br>Chacun r\u00e9ussi \u00e0 sa fa\u00e7on! Saguenay\u2013Lac-Saint-Jean (2009-2011);<br>Prix d\u2019excellence en recherche et cr\u00e9ation (volet r\u00e9alisation) (2008);<br>Mille femmes Montr\u00e9al- 1000 portraits de Pierre Maraval (2007);<br>Mention pour la qualit\u00e9 du tutorat de la Facult\u00e9 de m\u00e9decine de l\u2019Universit\u00e9 de Sherbrooke d\u00e9cern\u00e9 par les \u00e9tudiants (2007);<br>Prix Louis-\u00c9lie-Beauchamp pour contribution dans le domaine des sciences pures et appliqu\u00e9es, m\u00e9rite scientifique r\u00e9gional Saguenay\u2013Lac-Saint-Jean (2006).<\/p>\n\n\n\n<p class=\"has-text-align-left\">&nbsp;<\/p>","protected":false},"excerpt":{"rendered":"<p>Catherine Laprise Formation acad\u00e9mique \u00c9tudes postdoctorales (Massachussets Institue of Technology (MIT) de l&rsquo;universit\u00e9 Harvard, Boston et au Centre d&rsquo;innovation G\u00e9nome Qu\u00e9bec et Universit\u00e9 McGill, Montr\u00e9al; 1997-2000)Ph. D. en g\u00e9n\u00e9tique de l&rsquo;asthme (Universit\u00e9 Laval, Qu\u00e9bec; 1993-1997)M. Sc. en sant\u00e9 respiratoire (Universit\u00e9 Laval, Qu\u00e9bec; 1992-1994)B. Sc. en biologie (UQAC, Saguenay; 1989-1992) Champs d&rsquo;expertise G\u00e9n\u00e9tique des traits complexes;Biologie [&hellip;]<\/p>\n","protected":false},"author":1,"featured_media":0,"parent":0,"menu_order":0,"comment_status":"closed","ping_status":"closed","template":"","meta":{"footnotes":""},"categories":[7],"_links":{"self":[{"href":"https:\/\/www.uqac.ca\/genetics\/wp-json\/wp\/v2\/pages\/55"}],"collection":[{"href":"https:\/\/www.uqac.ca\/genetics\/wp-json\/wp\/v2\/pages"}],"about":[{"href":"https:\/\/www.uqac.ca\/genetics\/wp-json\/wp\/v2\/types\/page"}],"author":[{"embeddable":true,"href":"https:\/\/www.uqac.ca\/genetics\/wp-json\/wp\/v2\/users\/1"}],"replies":[{"embeddable":true,"href":"https:\/\/www.uqac.ca\/genetics\/wp-json\/wp\/v2\/comments?post=55"}],"version-history":[{"count":59,"href":"https:\/\/www.uqac.ca\/genetics\/wp-json\/wp\/v2\/pages\/55\/revisions"}],"predecessor-version":[{"id":2064,"href":"https:\/\/www.uqac.ca\/genetics\/wp-json\/wp\/v2\/pages\/55\/revisions\/2064"}],"wp:attachment":[{"href":"https:\/\/www.uqac.ca\/genetics\/wp-json\/wp\/v2\/media?parent=55"}],"wp:term":[{"taxonomy":"category","embeddable":true,"href":"https:\/\/www.uqac.ca\/genetics\/wp-json\/wp\/v2\/categories?post=55"}],"curies":[{"name":"wp","href":"https:\/\/api.w.org\/{rel}","templated":true}]}}