{"id":57,"date":"2012-12-18T20:05:48","date_gmt":"2012-12-19T01:05:48","guid":{"rendered":"http:\/\/www.uqac.ca\/genetic\/?page_id=57"},"modified":"2020-03-19T08:16:48","modified_gmt":"2020-03-19T13:16:48","slug":"premier-etudient","status":"publish","type":"page","link":"https:\/\/www.uqac.ca\/genetics\/premier-etudient\/?lang=fr","title":{"rendered":"Stagiaires postdoctoraux et chercheurs invit\u00e9s"},"content":{"rendered":"<p><div id=\"wp-tabs-1\" class=\"wp-tabs  jqui-styles wpui-tabs-horizontal\" data-style=\"\"><\/p>\n<p><h3 class=\"wp-tab-title\"> Mbarka Bchetnia <\/h3> <div class=\"wp-tab-content\"><div class=\"wp-tab-content-wrapper\"><\/p>\n<h1>Mbarka Bchetnia<\/h1>\n<p><a href=\"https:\/\/www.uqac.ca\/genetics\/wp-content\/uploads\/2014\/02\/Mbarka.jpg\"><img loading=\"lazy\" decoding=\"async\" style=\"border: 1px solid black;\" src=\"https:\/\/www.uqac.ca\/genetics\/wp-content\/uploads\/2014\/02\/Mbarka-300x225.jpg\" alt=\"Mbarka\" width=\"300\" height=\"225\" \/><\/a><\/p>\n<p><i>Professeure sous octroi<\/i><\/p>\n<p><strong><i><\/i>Formation acad\u00e9mique<\/strong><\/p>\n<p style=\"text-align: justify;\">\u00c9tudes postdoctorales en G\u00e9n\u00e9tique Humaine (Universit\u00e9 du Qu\u00e9bec \u00e0 Chicoutimi, 2009-2011) portant sur l\u2019\u00e9tude g\u00e9n\u00e9tique, prot\u00e9omique et th\u00e9rapeutique des \u00e9pidermolyses bulleuses simplex;<br \/>\nPh.D. en G\u00e9n\u00e9tique Humaine (Institut Pasteur de Tunis, Tunis, Tunisie, 2007-2009) portant sur l\u2019Investigation mol\u00e9culaire des g\u00e9nodermatoses;<br \/>\nM.Sc. en Biologie Cellulaire et Mol\u00e9culaire (Institut Pasteur de Tunis, Tunis, Tunisie, 2005-2006) portant sur l\u2019\u00e9tude bioinformatique des r\u00e9gions candidates de la maladie de Buschke-Fischer-Brauer;<br \/>\nB.Sc. en Sciences de la Vie et de la Terre (Universit\u00e9 de Tunisie, 2000-2004).<\/p>\n<p><strong>Emplois pertinents<\/strong><\/p>\n<p style=\"text-align: justify;\">Charg\u00e9e de cours M\u00e9thodologie de la recherche (SMEG810), UQAC, 2020;<br \/>\nCharg\u00e9e de cours Culture cellulaire et tissulaire (1BCL100), UQAC, 2015;<br \/>\nChercheure \u00e0 l\u2019Institut Pasteur de Tunis, Tunisie, 2012-2013;<br \/>\nCharg\u00e9e de cours Microbiologie Environnementale et Industrielle (1MCB104), UQAC, 2011;<br \/>\nCharg\u00e9e de cours Virologie (1VIR101), hiver 2010, UQAC.<\/p>\n<p><\/div><\/div><!-- end div.wp-tab-content --><\/p>\n<p><h3 class=\"wp-tab-title\"> Jolyane Meloche <\/h3> <div class=\"wp-tab-content\"><div class=\"wp-tab-content-wrapper\"><\/p>\n<h1>Jolyane Meloche<\/h1>\n<p><em><a href=\"https:\/\/www.uqac.ca\/genetics\/wp-content\/uploads\/2016\/09\/Jolyane-e1474990248674.jpg\"><img loading=\"lazy\" decoding=\"async\" style=\"border: 1px solid black;\" src=\"https:\/\/www.uqac.ca\/genetics\/wp-content\/uploads\/2016\/09\/Jolyane-e1474990248674.jpg\" alt=\"Mbarka\" width=\"205\" height=\"275\" \/><\/a><\/em><\/p>\n<p><em>Stagiaire postdoctoral<\/em><\/p>\n<p><strong>Formation acad\u00e9mique<\/strong><\/p>\n<p style=\"text-align: justify;\">Ph.D. en M\u00e9decine exp\u00e9rimentale (en co-direction\u00a0: Drs S\u00e9bastien Bonnet et Steeve Provencher, Universit\u00e9 Laval, Qu\u00e9bec, Canada, 2012-2017) sur l\u2019implication des voies de r\u00e9paration du dommage \u00e0 l\u2019ADN et l\u2019alt\u00e9rations des m\u00e9canismes \u00e9pig\u00e9n\u00e9tiques dans la pathophysiologie de l\u2019hypertension art\u00e9rielle pulmonaire;<br \/>\nM.Sc. en M\u00e9decine exp\u00e9rimentale (Directeur de recherche\u00a0: Dr S\u00e9bastien Bonnet, Universit\u00e9 Laval, Qu\u00e9bec, Canada, 2010-2012) sur le r\u00f4le du r\u00e9cepteur des produits de glycation avanc\u00e9e dans la pathog\u00e9n\u00e8se de l\u2019hypertension art\u00e9rielle pulmonaire;<br \/>\nB.Sc. en Microbiologie (Universit\u00e9 Laval, Qu\u00e9bec, Canada, 2007-2010).<\/p>\n<p><strong>Emplois pertinents<\/strong><\/p>\n<p>Charg\u00e9e de cours pour G\u00e9n\u00e9tique g\u00e9n\u00e9rale (1GNT102), 2018-2019, UQAC<\/p>\n<p><\/div><\/div><!-- end div.wp-tab-content --><\/p>\n<p><\/div><!-- end div.wp-tabs --><\/p>","protected":false},"excerpt":{"rendered":"","protected":false},"author":1,"featured_media":0,"parent":0,"menu_order":0,"comment_status":"closed","ping_status":"closed","template":"sidebar-page.php","meta":{"footnotes":""},"categories":[7],"_links":{"self":[{"href":"https:\/\/www.uqac.ca\/genetics\/wp-json\/wp\/v2\/pages\/57"}],"collection":[{"href":"https:\/\/www.uqac.ca\/genetics\/wp-json\/wp\/v2\/pages"}],"about":[{"href":"https:\/\/www.uqac.ca\/genetics\/wp-json\/wp\/v2\/types\/page"}],"author":[{"embeddable":true,"href":"https:\/\/www.uqac.ca\/genetics\/wp-json\/wp\/v2\/users\/1"}],"replies":[{"embeddable":true,"href":"https:\/\/www.uqac.ca\/genetics\/wp-json\/wp\/v2\/comments?post=57"}],"version-history":[{"count":72,"href":"https:\/\/www.uqac.ca\/genetics\/wp-json\/wp\/v2\/pages\/57\/revisions"}],"predecessor-version":[{"id":1498,"href":"https:\/\/www.uqac.ca\/genetics\/wp-json\/wp\/v2\/pages\/57\/revisions\/1498"}],"wp:attachment":[{"href":"https:\/\/www.uqac.ca\/genetics\/wp-json\/wp\/v2\/media?parent=57"}],"wp:term":[{"taxonomy":"category","embeddable":true,"href":"https:\/\/www.uqac.ca\/genetics\/wp-json\/wp\/v2\/categories?post=57"}],"curies":[{"name":"wp","href":"https:\/\/api.w.org\/{rel}","templated":true}]}}