{"id":68,"date":"2012-12-18T20:20:33","date_gmt":"2012-12-19T01:20:33","guid":{"rendered":"http:\/\/www.uqac.ca\/genetic\/?page_id=68"},"modified":"2024-11-29T13:04:38","modified_gmt":"2024-11-29T18:04:38","slug":"premier-professionnel","status":"publish","type":"page","link":"https:\/\/www.uqac.ca\/genetics\/premier-professionnel\/?lang=fr","title":{"rendered":"Professionnelles de recherche"},"content":{"rendered":"<p><div id=\"wp-tabs-1\" class=\"wp-tabs  jqui-styles wpui-tabs-horizontal\" data-style=\"\"><\/p>\n<p><h3 class=\"wp-tab-title\"> Anne-Marie Madore<\/h3> <div class=\"wp-tab-content\"><div class=\"wp-tab-content-wrapper\"><\/p>\n<h1>Anne-Marie Madore<\/h1>\n<h1><a href=\"http:\/\/www.uqac.ca\/genetics\/wp-content\/uploads\/2015\/11\/IMG_3788.jpg\"><img loading=\"lazy\" decoding=\"async\" style=\"border: 1px solid black;\" src=\"http:\/\/www.uqac.ca\/genetics\/wp-content\/uploads\/2015\/11\/IMG_3788-300x200.jpg\" alt=\"IMG_3788\" width=\"300\" height=\"200\" \/><\/a><\/h1>\n<address><em>\u00a0Professionnelle de recherche<\/em><\/address>\n<h2>Formations acad\u00e9miques<\/h2>\n<p style=\"text-align: justify;\">Ph. D. en m\u00e9decine exp\u00e9rimentale (Directrice de recherche : Pre Catherine Laprise, co-directrice de recherche : \u00c9lyse Bissonnette, Universit\u00e9 Laval, Qu\u00e9bec, Canada; 2005-2009) sur la recherche de d\u00e9terminants g\u00e9n\u00e9tiques dans l\u2019asthme : contribution de deux m\u00e9thodes g\u00e9nomiques;<br \/>\nM.Sc. en m\u00e9decine exp\u00e9rimentale \u2013 g\u00e9n\u00e9tique des populations (Directrice de recherche : Pre Catherine Laprise, UQAC\/Universit\u00e9 Laval, Saguenay, Canada; 2003-2005) sur la Distribution g\u00e9ographique de certains polymorphismes pro-inflammatoires dans les r\u00e9gions administratives du Qu\u00e9bec;<br \/>\nB.Sc. en biologie (UQAC, Saguenay, Canada; 2000-2003).<\/p>\n<h2>Stage de formation<\/h2>\n<p>Stage d\u2019\u00e9t\u00e9 en g\u00e9n\u00e9tique (Laboratoire de Pre Catherine Laprise, UQAC, Saguenay, Canada, 2002)<\/p>\n<h2>Emplois pertinents<\/h2>\n<p style=\"text-align: justify;\">Charg\u00e9e de cours pour g\u00e9n\u00e9tique g\u00e9n\u00e9rale (1GNT102), UQAC, 2011;<br \/>\nCharg\u00e9e de cours pour Le corps humain II (101-257-CH), c\u00e9gep de Chicoutimi, 2007;<br \/>\nAuxiliaire d\u2019enseignement dans le laboratoire Biologie mol\u00e9culaire (1BCL112), UQAC, 2006;<br \/>\nAuxiliaire d\u2019enseignement dans le laboratoire G\u00e9n\u00e9tique g\u00e9n\u00e9rale (1GNT102), UQAC, 2004-2005.<\/p>\n<h2>B\u00e9n\u00e9volat ou autre implication sociale pertinente<\/h2>\n<p style=\"text-align: justify;\">Membre du conseil d\u2019administration, <em>Corporation de recherche et d\u2019action sur les maladies h\u00e9r\u00e9ditaires (CORAMH)<\/em> (2010-2015);<br \/>\nJuge, <em>Expo-Sciences Bell<\/em> (2003-2008).<\/p>\n<p><\/div><\/div><!-- end div.wp-tab-content --><\/p>\n<p><h3 class=\"wp-tab-title\">Marie-\u00c8ve Lavoie<\/h3> <div class=\"wp-tab-content\"><div class=\"wp-tab-content-wrapper\"><\/p>\n<h1>Marie-\u00c8ve Lavoie<\/h1>\n<p><a href=\"https:\/\/www.uqac.ca\/genetics\/wp-content\/uploads\/2024\/11\/marie-eve-lavoie-photo.png\"><img loading=\"lazy\" decoding=\"async\" class=\"alignleft size-medium wp-image-1608\" src=\"https:\/\/www.uqac.ca\/genetics\/wp-content\/uploads\/2024\/11\/marie-eve-lavoie-photo-199x300.png\" alt=\"marie eve lavoie photo\" width=\"199\" height=\"300\" \/><\/a><\/p>\n<p>Technicienne de laboratoire<\/p>\n<h2>Formations acad\u00e9miques<\/h2>\n<p>Ma\u00eetrise en sciences cliniques et biom\u00e9dicales (Direction : Catherine Laprise, UQAC, Saguenay, Canada, 2020-2023);<br \/>\nB.Sc. en biologie (UQAC, Saguenay, Canada, 2017-2020);<br \/>\nTechnique d&rsquo;inhaloth\u00e9rapie et d&rsquo;anesth\u00e9sie (C\u00e9gep de Chicoutimi, Saguenay, Canada, 1998-2002).<\/p>\n<h2>Stage de formation<\/h2>\n<p>Stage sur l&rsquo;\u00e9volution de la condition respiratoire des individus de la cohorte d&rsquo;asthme du Saguenay-Lac-Saint-Jean 20 ans apr\u00e8s le recrutement initial (Directrice de recherche: Pre Catherine Laprise, UQAC, Saguenay, Canada, 2018-2020)<\/p>\n<h2>Emplois pertinents<\/h2>\n<p>Auxiliaire d\u2019enseignement dans les travaux pratiques d\u2019histophysiologie avanc\u00e9e (1HSA305), UQAC, 2021;<br \/>\nInhaloth\u00e9rapeute en milieux hospitalier (2002-2011).<\/p>\n<h2><strong><\/div><\/div><!-- end div.wp-tab-content --><\/strong><\/h2>\n<p><h3 class=\"wp-tab-title\"> Anne-Marie Boucher-Lafleur<\/h3> <div class=\"wp-tab-content\"><div class=\"wp-tab-content-wrapper\"><\/div><\/div><!-- end div.wp-tab-content --><\/p>\n<h1>Anne-Marie Boucher-Lafleur<\/h1>\n<p><a href=\"http:\/\/www.uqac.ca\/genetics\/wp-content\/uploads\/2017\/04\/AMBL_2017_04_26_2.2.jpg\"><img loading=\"lazy\" decoding=\"async\" class=\" size-medium wp-image-1300 alignnone\" src=\"http:\/\/www.uqac.ca\/genetics\/wp-content\/uploads\/2017\/04\/AMBL_2017_04_26_2.2-300x199.jpg\" alt=\"AMBL_2017_04_26_2.2\" width=\"300\" height=\"199\" srcset=\"https:\/\/www.uqac.ca\/genetics\/wp-content\/uploads\/2017\/04\/AMBL_2017_04_26_2.2-300x199.jpg 300w, https:\/\/www.uqac.ca\/genetics\/wp-content\/uploads\/2017\/04\/AMBL_2017_04_26_2.2-1024x680.jpg 1024w, https:\/\/www.uqac.ca\/genetics\/wp-content\/uploads\/2017\/04\/AMBL_2017_04_26_2.2-452x300.jpg 452w, https:\/\/www.uqac.ca\/genetics\/wp-content\/uploads\/2017\/04\/AMBL_2017_04_26_2.2.jpg 1772w\" sizes=\"(max-width: 300px) 100vw, 300px\" \/><\/a><br \/>\n<em>Technicienne de laboratoire<\/em><\/p>\n<h2>Formations acad\u00e9miques<\/h2>\n<p style=\"text-align: justify;\">M.Sc. en m\u00e9decine exp\u00e9rimentale \u2013 g\u00e9n\u00e9tique des populations (Directrice de recherche : Pre Catherine Laprise, UQAC\/Universit\u00e9 Laval, Saguenay, Canada; 2015-2017) sur le patron de m\u00e9thylation et d&rsquo;expression des lymphocytes T CD4+ dans l&rsquo;asthme;<br \/>\nB.Sc en biologie (UQAC, Saguenay, Canada; 2012-2015).<\/p>\n<h2>Stage de formation<\/h2>\n<p style=\"text-align: justify;\">Stage de recherches (Laboratoire de Pre Catherine Laprise, UQAC, Saguenay, Canada, 2014-2015)<\/p>\n<h2>Emplois pertinents<\/h2>\n<p style=\"text-align: justify;\">Auxiliaire d\u2019enseignement dans le laboratoire Biologie mol\u00e9culaire (1BCL112) UQAC, 2017;<br \/>\nAuxiliaire d\u2019enseignement dans le laboratoire Microbiologie g\u00e9n\u00e9rale (1MCB100), UQAC, 2017;<br \/>\nAuxiliaire d\u2019enseignement dans le laboratoire\u00a0 G\u00e9n\u00e9tique g\u00e9n\u00e9rale (1GNT102), UQAC, 2015.<\/p>\n<h2>B\u00e9n\u00e9volat ou autre implication sociale pertinente<\/h2>\n<p>B\u00e9n\u00e9vole au tournoi annuel de golf, <i>Corporation de recherche et d\u2019action sur les maladies h\u00e9r\u00e9ditaires (CORAMH)<\/i> (2015-2017);<br \/>\nB\u00e9n\u00e9voles au tournoi annuel de curling, <em>CORAMH<\/em> (2016-2017);<br \/>\nJuge,<em> Expo-Sciences Bell<\/em> (2014 et 2017).<\/p>\n<p><\/div><!-- end div.wp-tabs --><\/p>","protected":false},"excerpt":{"rendered":"","protected":false},"author":1,"featured_media":0,"parent":0,"menu_order":0,"comment_status":"closed","ping_status":"closed","template":"","meta":{"footnotes":""},"categories":[7],"_links":{"self":[{"href":"https:\/\/www.uqac.ca\/genetics\/wp-json\/wp\/v2\/pages\/68"}],"collection":[{"href":"https:\/\/www.uqac.ca\/genetics\/wp-json\/wp\/v2\/pages"}],"about":[{"href":"https:\/\/www.uqac.ca\/genetics\/wp-json\/wp\/v2\/types\/page"}],"author":[{"embeddable":true,"href":"https:\/\/www.uqac.ca\/genetics\/wp-json\/wp\/v2\/users\/1"}],"replies":[{"embeddable":true,"href":"https:\/\/www.uqac.ca\/genetics\/wp-json\/wp\/v2\/comments?post=68"}],"version-history":[{"count":69,"href":"https:\/\/www.uqac.ca\/genetics\/wp-json\/wp\/v2\/pages\/68\/revisions"}],"predecessor-version":[{"id":2178,"href":"https:\/\/www.uqac.ca\/genetics\/wp-json\/wp\/v2\/pages\/68\/revisions\/2178"}],"wp:attachment":[{"href":"https:\/\/www.uqac.ca\/genetics\/wp-json\/wp\/v2\/media?parent=68"}],"wp:term":[{"taxonomy":"category","embeddable":true,"href":"https:\/\/www.uqac.ca\/genetics\/wp-json\/wp\/v2\/categories?post=68"}],"curies":[{"name":"wp","href":"https:\/\/api.w.org\/{rel}","templated":true}]}}