{"id":792,"date":"2014-05-09T09:01:39","date_gmt":"2014-05-09T14:01:39","guid":{"rendered":"http:\/\/www.uqac.ca\/genetic\/?page_id=792"},"modified":"2024-11-29T13:36:24","modified_gmt":"2024-11-29T18:36:24","slug":"grand-public","status":"publish","type":"page","link":"https:\/\/www.uqac.ca\/genetics\/grand-public\/?lang=fr","title":{"rendered":"Grand public"},"content":{"rendered":"<h1>Presse \u00e9crite<\/h1>\n<ul>\n \t<li style=\"text-align: justify;\">\u00a0Premi\u00e8re \u00e9cole d&rsquo;\u00e9t\u00e9 : \u00c9tudiants, citoyens et chercheurs rassembl\u00e9s \u00e0 Dolbeau-Mistassini autour de la sant\u00e9 durable,<a href=\"https:\/\/www.nouvelleshebdo.com\/actualites\/613678\/etudiants-citoyens-et-chercheurs-rassembles-a-dolbeau-mistassini-autour-de-la-sante-durable\">\u00a0<strong><span style=\"text-decoration: underline;\">Le Nouvelles Hebdo<\/span><\/strong><\/a>, 7 juin 2024;<\/li>\n \t<li style=\"text-align: justify;\">\u00a0Une saison plus pr\u00e9coce, plus intense et plus longue, <a href=\"https:\/\/www.lereveil.com\/actualites\/613624\/une-saison-plus-precoce-plus-intense-et-plus-longue\"><strong><span style=\"text-decoration: underline;\">Le R\u00e9veil<\/span><\/strong><\/a>, 7 juin 2024;<\/li>\n \t<li style=\"text-align: justify;\">\u00a0Une sant\u00e9 durable qui d\u00e9pend grandement de la recherche intersectorielle, <a href=\"https:\/\/www.cscience.ca\/une-sante-durable-qui-depend-grandement-de-la-recherche-intersectorielle\/\"><strong><span style=\"text-decoration: underline;\">CScience<\/span><\/strong><\/a>, 12 mai 2024;<\/li>\n \t<li style=\"text-align: justify;\">\u00a0Sant\u00e9 durable des Qu\u00e9b\u00e9cois : les impliquer en amont dans la d\u00e9marche, <a href=\"https:\/\/www.cscience.ca\/sante-durable-des-quebecois-les-impliquer-en-amont-dans-la-demarche\/\"><strong><span style=\"text-decoration: underline;\">CScience<\/span><\/strong><\/a>, 10 mai 2024;<\/li>\n \t<li style=\"text-align: justify;\">\u00a0Asthme et allergies, deux champs d\u2019\u00e9tudes prometteurs, <a href=\"\u2022\tAsthme%20et allergies, deux champs d\u2019\u00e9tudes prometteurs, Le R\u00e9veil, 18 avril 2024;\"><strong><span style=\"text-decoration: underline;\">Le R\u00e9veil<\/span><\/strong><\/a>, 18 avril 2024;<\/li>\n \t<li style=\"text-align: justify;\">\u00a03,5 millions pour la mise sur pied d\u2019un \u00e9cosyst\u00e8me num\u00e9rique en sant\u00e9-environnement, <a href=\"https:\/\/www.lequotidien.com\/actualites\/sante\/2024\/04\/10\/35-millions-pour-la-mise-sur-pied-dun-ecosysteme-numerique-en-sante-environnement-QDLNOEUPTNDRHI37X6SPZLFHG4\/\"><strong><span style=\"text-decoration: underline;\">Le Quotidien<\/span><\/strong><\/a>, 10 avril 2024;<\/li>\n \t<li style=\"text-align: justify;\">\u00a0Une \u00e9cole d\u2019\u00e9t\u00e9 \u00e0 Dolbeau-Mistassini pour la Chaire de recherche en sant\u00e9 durable, <strong><span style=\"text-decoration: underline;\"><a href=\"https:\/\/ici.radio-canada.ca\/nouvelle\/2060875\/sante-patients-uqac-etudes-formation\">Radio-Canada<\/a>,<\/span><\/strong>\u00a028 mars 2024;<\/li>\n \t<li style=\"text-align: justify;\">\u00a0Le CISD de l\u2019UQAC reconnu pionnier dans la recherche intersectorielle en sant\u00e9, <a href=\"https:\/\/www.lequotidien.com\/actualites\/sante\/2024\/03\/21\/le-cisd-de-luqac-reconnu-pionnier-dans-la-recherche-intersectorielle-en-sante-BUUSVQHECNDJDMJPCYMD65NTFE\/#:~:text=Le%20Centre%20intersectoriel%20en%20sant%C3%A9,sant%C3%A9%2C%20une%20premi%C3%A8re%20en%20r%C3%A9gion.\"><strong><span style=\"text-decoration: underline;\">Le Quotidien<\/span><\/strong><\/a>, 21 mars 2024;<\/li>\n \t<li style=\"text-align: justify;\">\u00a0Un donneur de sperme porteur du g\u00e8ne d\u00e9fectueux associ\u00e9 \u00e0 la tyrosin\u00e9mie s\u00e8me l\u2019inqui\u00e9tude, <a href=\"https:\/\/ici.radio-canada.ca\/tele\/le-telejournal-saguenay\/site\/segments\/reportage\/481594\/donneur-sperme-gene-defectueux-tyrosinemie-de-type#:~:text=s%C3%A8me%20l'inqui%C3%A9tude-,Un%20donneur%20de%20sperme%20porteur%20du%20g%C3%A8ne%20d%C3%A9fectueux,la%20tyrosin%C3%A9mie%20s%C3%A8me%20l'inqui%C3%A9tude&amp;text=Un%20donneur%20de%20sperme%20en,aux%20enfants%20tyrosin%C3%A9miques%20du%20Qu%C3%A9bec.\"><strong><span style=\"text-decoration: underline;\">Radio-Canada<\/span><\/strong><\/a>, 29 f\u00e9vrier 2024;<\/li>\n \t<li style=\"text-align: justify;\">\u00a0Une \u00e9tude sur la pollution de Rio Tinto \u00e0 Jonqui\u00e8re, <a href=\"https:\/\/www.tvanouvelles.ca\/2023\/08\/17\/une-etude-sur-la-pollution-de-rio-tinto-a-jonquiere\"><strong><span style=\"text-decoration: underline;\">TVA Nouvelles<\/span><\/strong><\/a>, 17 ao\u00fbt 2023;<\/li>\n \t<li style=\"text-align: justify;\">\u00a0Une \u00e9tude pour comprendre les cons\u00e9quences des particules fines de l\u2019Usine Arvida, <a href=\"https:\/\/ici.radio-canada.ca\/nouvelle\/2004036\/respiration-pollution-toxique-rio-tinto\"><strong><span style=\"text-decoration: underline;\">Radio-Canada<\/span><\/strong><\/a>, 17 ao\u00fbt 2023;<\/li>\n \t<li style=\"text-align: justify;\">\u00a0La pollution du Complexe Jonqui\u00e8re de nouveau sous la loupe des scientifiques, <a href=\"https:\/\/www.lequotidien.com\/actualites\/2023\/08\/17\/la-pollution-du-complexe-jonquiere-de-nouveau-sous-la-loupe-des-scientifiques-4H32JGYYKJHOZBYZ6VPDOV5HDM\/\"><strong><span style=\"text-decoration: underline;\">Le Quotidien<\/span><\/strong><\/a>, 17 ao\u00fbt 2023;<\/li>\n \t<li style=\"text-align: justify;\">\u00a0Feux de for\u00eat: des alertes de smog \u00e0 prendre au s\u00e9rieux, <a href=\"https:\/\/www.lequotidien.com\/actualites\/2023\/06\/05\/feux-de-foret-des-alertes-de-smog-a-prendre-au-serieux-5M6V7GHIO5BPBJSCHQHQLDIC3Q\/\"><strong><span style=\"text-decoration: underline;\">La Tribune, Le Quotidien<\/span><\/strong><\/a>, 5 juin 2023;<\/li>\n \t<li style=\"text-align: justify;\">\u00a0Contribuons \u00e0 b\u00e2tir la sant\u00e9 durable par la recherche, <a href=\"https:\/\/www.lequotidien.com\/opinions\/point-de-vue\/2023\/04\/29\/contribuons-a-batir-la-sante-durable-par-la-recherche-ABGLNHMW3FCRLFZNG2B72BFY3A\/\"><strong><span style=\"text-decoration: underline;\">Le Quotidien<\/span><\/strong>,<\/a>\u00a029 avril 2023;<\/li>\n \t<li style=\"text-align: justify;\">\u00a0Une nouvelle Chaire de recherche en sant\u00e9 durable \u00e0 Qu\u00e9bec, <strong><span style=\"text-decoration: underline;\"><a href=\"https:\/\/www.lesoleil.com\/2023\/01\/24\/une-nouvelle-chaire-de-recherche-en-sante-durable-a-quebec-07a6efb1f824e5782fb855ca5962df34\/\">Le Soleil<\/a>,\u00a0<\/span><\/strong>24 janvier 2023;<\/li>\n \t<li style=\"text-align: justify;\">\u00a0Cr\u00e9ation d&rsquo;une Chaire de recherche en sant\u00e9 durable pour r\u00e9pondre aux enjeux complexes de sant\u00e9 au Qu\u00e9bec, <strong><span style=\"text-decoration: underline;\">CISION Canada,<\/span>\u00a0<\/strong>24 janvier 2023;<\/li>\n \t<li style=\"text-align: justify;\">\u00a0Cr\u00e9ation d\u2019une nouvelle Chaire de recherche en sant\u00e9 durable, <strong><span style=\"text-decoration: underline;\"><a href=\"https:\/\/www.lequotidien.com\/2023\/01\/24\/creation-dune-nouvelle-chaire-de-recherche-en-sante-durable-91dccf8ee5db119f079575c60df3c1d7\/\">Le Quotidien<\/a>,\u00a0<\/span><\/strong>24 janvier 2023<strong><span style=\"text-decoration: underline;\">;<\/span><\/strong><\/li>\n \t<li style=\"text-align: justify;\">\u00a0R\u00e9cit num\u00e9rique avec Priscilla Plamondon-Lalancette, Les retomb\u00e9es contamin\u00e9es de l\u2019aluminerie Arvida, <a href=\"https:\/\/ici.radio-canada.ca\/recit-numerique\/4662\/retombees-contaminees-aluminerie-arvida\"><strong><span style=\"text-decoration: underline;\">Radio-Canada<\/span><\/strong><\/a>, 27 octobre 2022;<\/li>\n \t<li style=\"text-align: justify;\">\u00a0Les femmes en sciences : toujours \u00e0 la recherche de l\u2019\u00e9quit\u00e9,\u00a0<a href=\"https:\/\/www.lequotidien.com\/2021\/03\/13\/les-femmes-en-sciences-toujours-a-la-recherche-de-lequite-a4f6a82724f20f19bab3ce89f7332b2d\/\"><strong><span style=\"text-decoration: underline;\">Le Quotidien<\/span><\/strong><\/a>, 13 mars 2021;<\/li>\n \t<li style=\"text-align: justify;\">\u00a0COVID-19 : Faut-il s\u2019inqui\u00e9ter pour les enfants asthmatiques?,\u00a0<a href=\"https:\/\/www.quebecscience.qc.ca\/sante\/covid-19-faut-il-sinquieter-pour-les-asthmatiques\/\"><strong><span style=\"text-decoration: underline;\">Qu\u00e9bec Science<\/span><\/strong><\/a>, 3 mai 2020;<\/li>\n \t<li style=\"text-align: justify;\">\u00a0Des scientifiques vous expliquent, <a href=\"https:\/\/www.lequotidien.com\/2020\/03\/21\/des-scientifiques-vous-expliquent-4030890c414df03bf6972191edff5307\/\"><strong><span style=\"text-decoration: underline;\">Le Quotidien<\/span><\/strong><\/a>, 21 mars 2020;<\/li>\n \t<li style=\"text-align: justify;\">\u00a0Mieux conna\u00eetre les maladies rares,<span style=\"text-decoration: underline;\"><strong>\u00a0<a href=\"https:\/\/www.lequotidien.com\/actualites\/mieux-connaitre-les-maladies-rares-f3658b8f91565583da22666a52848508\">Le Quotidien<\/a><\/strong><\/span>\u00a0(2020);<\/li>\n \t<li style=\"text-align: justify;\">\u00a0Catherine re\u00e7oit 378 000$ de l&rsquo;EB Research Partnership,<span style=\"text-decoration: underline;\"><strong>\u00a0<a href=\"https:\/\/www.lequotidien.com\/actualites\/catherie-laprise-recoit-378-000--de-leb-research-partnership-14060828ea537a8265c12eafc3787a2a\">Le Quotidien\u00a0<\/a><\/strong><\/span>(2019);<\/li>\n \t<li style=\"text-align: justify;\">\u00a0Le sommeil des b\u00e9b\u00e9 d\u00e9pendrait de la m\u00e8re, <span style=\"text-decoration: underline;\"><strong><a href=\"https:\/\/www.lapresse.ca\/vivre\/sante\/enfants\/201903\/12\/01-5217969-le-sommeil-des-bebes-dependrait-de-la-mere.php\">La Presse<\/a>\u00a0(<\/strong><\/span>2019);<\/li>\n<\/ul>\n<h1>M\u00e9dias<\/h1>\n<ul>\n \t<li>\u00a0T\u00e9l\u00e9journal ICI Saguenay\u2013Lac-Saint-Jean, La saison des allergies est d\u00e9but\u00e9e, <a href=\"https:\/\/ici.radio-canada.ca\/tele\/le-telejournal-saguenay\/site\/segments\/reportage\/494476\/telejournal-saguenay-lac-saint-jean-allergies-sante\"><strong><span style=\"text-decoration: underline;\">Radio-Canada<\/span><\/strong><\/a>, 22 avril 2024;<\/li>\n \t<li>\u00a0Place publique avec Catherine Doucet, L&rsquo;UQAC annonce la mise sur pied d&rsquo;un \u00e9cosyst\u00e8me num\u00e9rique, <a href=\"https:\/\/ici.radio-canada.ca\/ohdio\/premiere\/emissions\/place-publique\/episodes\/750538\/rattrapage-mercredi-10-avril-2024\"><strong><span style=\"text-decoration: underline;\">radio de Radio-Canada<\/span><\/strong><\/a>, 10 avril 2024;<\/li>\n \t<li>\u00a0T\u00e9l\u00e9journal ICI Saguenay\u2013Lac-Saint-Jean, Un donneur de sperme porteur du g\u00e8ne d\u00e9fectueux associ\u00e9 \u00e0 la tyrosin\u00e9mie s\u00e8me l\u2019inqui\u00e9tude, <a href=\"https:\/\/ici.radio-canada.ca\/tele\/le-telejournal-saguenay\/site\/segments\/reportage\/481594\/donneur-sperme-gene-defectueux-tyrosinemie-de-type\"><strong><span style=\"text-decoration: underline;\">Radio-Canada<\/span><\/strong><\/a>, 29 f\u00e9vrier 2024;<\/li>\n \t<li>\u00a0T\u00e9l\u00e9journal ICI Saguenay\u2013Lac-Saint-Jean, Donneurs de sperme en s\u00e9rie : un v\u00e9ritable danger, selon la professeure Catherine Laprise, <a href=\"https:\/\/ici.radio-canada.ca\/nouvelle\/2029586\/artisanal-don-sperme-genetique-maladies#:~:text=Deux%20hommes%2C%20un%20p%C3%A8re%20et,genre%20de%20pratique%20est%20l%C3%A9gal.\"><strong><span style=\"text-decoration: underline;\">Radio-Canada<\/span><\/strong><\/a>, 23 novembre 2023;<\/li>\n \t<li>\u00a0T\u00e9l\u00e9journal Qu\u00e9bec, Des boutiques de vapotage se transforment pour vendre des ar\u00f4mes, <a href=\"https:\/\/ici.radio-canada.ca\/nouvelle\/2029092\/boutiques-vapotage-transforment-aromes\"><strong><span style=\"text-decoration: underline;\">Radio-Canada<\/span><\/strong><\/a>, 22 novembre 2023;<\/li>\n \t<li>\u00a0T\u00e9l\u00e9journal ICI Saguenay\u2013Lac-Saint-Jean, Une \u00e9tude sur l\u2019impact des \u00e9manations de l\u2019usine d\u2019Arvida, <a href=\"https:\/\/ici.radio-canada.ca\/nouvelle\/2004036\/respiration-pollution-toxique-rio-tinto\"><strong><span style=\"text-decoration: underline;\">Radio-Canada<\/span><\/strong><\/a>, 18 ao\u00fbt 2023;<\/li>\n \t<li>\u00a0TVA Nouvelles, Une \u00e9tude sur la pollution de Rio Tinto \u00e0 Jonqui\u00e8re, <a href=\"https:\/\/www.tvanouvelles.ca\/2023\/08\/17\/une-etude-sur-la-pollution-de-rio-tinto-a-jonquiere\"><strong><span style=\"text-decoration: underline;\">TVA<\/span><\/strong><\/a>, 17 ao\u00fbt 2023;<\/li>\n \t<li>\u00a0Place publique avec Catherine Doucet, Une \u00e9tude sur la pollution du complexe Jonqui\u00e8re et des fermes, <strong><span style=\"text-decoration: underline;\">radio de Radio-Canada<\/span><\/strong>, 17 ao\u00fbt 2023;<\/li>\n \t<li>\u00a0Bonjour la c\u00f4te avec Bis Petitpas, Feux de for\u00eat et sant\u00e9 respiratoire : les comportements \u00e0 adopter,<a href=\"https:\/\/ici.radio-canada.ca\/ohdio\/premiere\/emissions\/bonjour-la-cote\/segments\/entrevue\/446050\/qualite-air-sante-respiratoire-feux-foret-catherine-laprise\">\u00a0<strong><span style=\"text-decoration: underline;\">radio de Radio-Canada<\/span><\/strong><\/a>, 7 juin 2023;<\/li>\n \t<li>\u00a0ICI Estrie \u00c9mission du matin, Les effets d&rsquo;une mauvaise qualit\u00e9 de l&rsquo;air sur la sant\u00e9, <a href=\"https:\/\/ici.radio-canada.ca\/info\/videos\/1-8782581\/mauvaise-qualite-air-consequences-sur-sante\"><strong><span style=\"text-decoration: underline;\">Radio-Canada Estrie<\/span><\/strong><\/a>, 6 juin 2023;<\/li>\n \t<li>\u00a0Salut Bonjour, Les effets d&rsquo;une mauvaise qualit\u00e9 de l&rsquo;air sur la sant\u00e9, <strong><span style=\"text-decoration: underline;\">TVA<\/span><\/strong>, 6 juin 2023;<\/li>\n \t<li>\u00a0ICI Abitibi-T\u00e9miscamingue, Les effets d&rsquo;une mauvaise qualit\u00e9 de l&rsquo;air sur la sant\u00e9, <a href=\"https:\/\/ici.radio-canada.ca\/ohdio\/premiere\/emissions\/le-15-18\/segments\/entrevue\/445846\/qualite-air-montreal-feux-foret-avis-bulletin-conseils-smog\"><strong><span style=\"text-decoration: underline;\">Radio-Canada<\/span><\/strong><\/a>, 5 juin 2023;<\/li>\n \t<li>\u00a0TVA nouvelles, Les effets d&rsquo;une mauvaise qualit\u00e9 de l&rsquo;air sur la sant\u00e9, <strong><span style=\"text-decoration: underline;\">TVA<\/span><\/strong>, 5 juin 2023;<\/li>\n \t<li>\u00a0T\u00e9l\u00e9journal ICI Saguenay\u2013Lac-Saint-Jean, Les effets d&rsquo;une mauvaise qualit\u00e9 de l&rsquo;air sur la sant\u00e9, <strong><span style=\"text-decoration: underline;\">Radio-Canada<\/span><\/strong>, 5 juin 2023;<\/li>\n \t<li>\u00a0C\u2019est jamais pareil avec Fr\u00e9d\u00e9ric Tremblay, Comment le smog agit sur la sant\u00e9, <strong><span style=\"text-decoration: underline;\">radio de Radio-Canada<\/span><\/strong>, 5 juin 2023;<\/li>\n \t<li>\u00a0Place publique avec Catherine Doucet, Table ronde sur la sant\u00e9 durable avec Catherine Laprise et Thomas Bastien,<a href=\"https:\/\/ici.radio-canada.ca\/ohdio\/premiere\/emissions\/place-publique\/episodes\/683282\/rattrapage-du-jeudi-26-janvier-2023\">\u00a0<strong><span style=\"text-decoration: underline;\">radio de Radio-Canada<\/span><\/strong><\/a>, 26 janvier 2023;<\/li>\n \t<li>\u00a0T\u00e9l\u00e9journal ICI Saguenay\u2013Lac-Saint-Jean, 1,5 M$ en trois ans pour la cr\u00e9ation d\u2019une Chaire de recherche en sant\u00e9 durable,<a href=\"https:\/\/ici.radio-canada.ca\/nouvelle\/1950699\/universite-laval-intersectoriel-subvention\">\u00a0<strong><span style=\"text-decoration: underline;\">Radio-Canada<\/span><\/strong><\/a>, 24 janvier 2023;<\/li>\n \t<li>\u00a0Le 6 \u00e0 9 avec Patricia Bitu Tshikudi, Les allergies saisonni\u00e8res, <a href=\"https:\/\/ici.radio-canada.ca\/ohdio\/premiere\/emissions\/le-6-a-9\/episodes\/633388\/rattrapage-du-jeudi-9-juin-2022\"><strong><span style=\"text-decoration: underline;\">radio de Radio-Canada Manitoba<\/span><\/strong><\/a>, 09 juin 2022;<\/li>\n \t<li>\u00a0Drainville PM avec Bernard Drainville, Les allergies saisonni\u00e8res, <a href=\"https:\/\/www.985fm.ca\/nouvelles\/486433\/allergies-saisonnieres-la-duree-est-plus-importante\"><strong><span style=\"text-decoration: underline;\">radio 98,5 FM Montr\u00e9al<\/span><\/strong><\/a>, 20 mai 2022;<\/li>\n \t<li>\u00a0Place publique avec Catherine Doucet, Les allergies saisonni\u00e8res, <strong><span style=\"text-decoration: underline;\">radio de Radio-Canada<\/span><\/strong>, 16 mai 2022;<\/li>\n \t<li>\u00a0TVA nouvelles, Une \u00e9tude pour identifier les personnes plus \u00e0 risque face \u00e0 la COVID-19, <span style=\"text-decoration: underline;\"><a href=\"https:\/\/www.tvanouvelles.ca\/2021\/06\/11\/une-etude-pour-identifier-les-personnes-plus-a-risque-face-a-la-covid-19\"><strong>TVA<\/strong><\/a><\/span>, 11 juin 2021;<\/li>\n \t<li>\u00a0Lumi\u00e8re sur les femmes en science, Entrevue avec Catherine Laprise sur son parcours de chercheure, <a href=\"https:\/\/matv.ca\/saguenay-lac-saint-jean\/mes-emissions\/lumiere-sur-les-femmes-en-science\"><strong><span style=\"text-decoration: underline;\">MAtv Saguenay\u2500Lac-Saint-Jean<\/span><\/strong><\/a>, 17 mai 2021;<\/li>\n \t<li>\u00a0T\u00e9l\u00e9journal Saguenay-Lac-Saint-Jean, 500 000$ pour un projet de recherche de Catherine Laprise sur la COVID-19,\u00a0<strong><span style=\"text-decoration: underline;\"><a href=\"https:\/\/ici.radio-canada.ca\/tele\/le-telejournal-saguenay\/site\/segments\/reportage\/212418\/telejournal-saguenay-lac-saint-jean\">Radio-Canada<\/a>,<\/span><\/strong>\u00a04 d\u00e9cembre 2020;<\/li>\n \t<li>\u00a0ICI Saguenay-Lac-Saint-Jean, La d\u00e9sensibilisation aux allergies alimentaires plus accessibles en r\u00e9gion, <a href=\"https:\/\/ici.radio-canada.ca\/nouvelle\/1738212\/traitement-allergies-alimentaires-chicoutimi\"><strong><span style=\"text-decoration: underline;\">Radio-Canada<\/span><\/strong><\/a>, 4 octobre 2020;<\/li>\n \t<li>\u00a0Les ann\u00e9es lumi\u00e8res avec Sophie-Andr\u00e9e Blondin, La g\u00e9n\u00e9tique et le microbiote pour comprendre les allergies alimentaires, <a href=\"https:\/\/ici.radio-canada.ca\/ohdio\/premiere\/emissions\/les-annees-lumiere\/episodes\/484744\/rattrapage-du-dimanche-4-octobre-2020\"><strong><span style=\"text-decoration: underline;\">radio de Radio-Canada<\/span><\/strong><\/a>, 4 octobre 2020;<\/li>\n \t<li>\u00a0Place publique avec Catherine Doucet, Le confinement et son efficacit\u00e9, <a href=\"https:\/\/ici.radio-canada.ca\/ohdio\/premiere\/emissions\/place-publique\/episodes\/479225\/rattrapage-du-mardi-8-septembre-2020\"><strong><span style=\"text-decoration: underline;\">radio de Radio-Canada<\/span><\/strong><\/a>, 9 septembre 2020;<\/li>\n \t<li>\u00a0Balado 20% avec Carine Monat, Entretien avec Catherine Laprise, chercheur en g\u00e9nomique et g\u00e9n\u00e9tique humaine<strong>,\u00a0<span style=\"text-decoration: underline;\">Balado 20% de Qu\u00e9bec Science<\/span><\/strong>, 6 mai 2020;<\/li>\n \t<li>\u00a0Style libre avec Doris Larouche, Une biobanque qu\u00e9b\u00e9coise pour contrer la COVID-19, <a href=\"https:\/\/ici.radio-canada.ca\/ohdio\/premiere\/emissions\/les-annees-lumiere\/episodes\/461840\/rattrapage-du-dimanche-26-avril-2020\"><strong><span style=\"text-decoration: underline;\">radio de Radio-Canada<\/span><\/strong><\/a>, 26 avril 2020;<\/li>\n \t<li style=\"text-align: justify;\">\u00a0Le coronavirus vu par la science, <span style=\"text-decoration: underline;\"><strong><a href=\"https:\/\/ici.radio-canada.ca\/premiere\/emissions\/cest-jamais-pareil\/segments\/entrevue\/158324\/maladie-coronavirus-bar-sciences-catherine-laprise-saguenay\">C\u2019est jamais pareil<\/a><\/strong><\/span>, Radio de Radio-Canada (2020);<\/li>\n \t<li style=\"text-align: justify;\">\u00a0Les cigarettes \u00e9lectroniques sont nocives selon l\u2019OMS, <span style=\"text-decoration: underline;\"><strong><a href=\"https:\/\/www.fm93.com\/extraits-audios\/opinions\/237465\/les-cigarettes-electroniques-sont-nocives-selon-loms-catherine-laprrise-est-professeure-et-chercheuse-a-luqac\">Bouchard en parle<\/a>,<\/strong><\/span>\u00a0FM93 de Qu\u00e9bec (2019);<\/li>\n \t<li style=\"text-align: justify;\">\u00a0Le vapotage en hausse de 74% chez les jeunes, <span style=\"color: #0b0122;\"><span style=\"text-decoration: underline;\"><em><strong><a href=\"https:\/\/www.fm93.com\/extraits-audios\/opinions\/228150\/entrevue-le-vapotage-en-hausse-de-74-chez-les-jeunes-catherine-laprise-professeur-au-departement-des-sciences-fondamentales-universite-du-quebec-a-chicoutimi\">S\u00e9gal le midi<\/a><\/strong><\/em><\/span>,<\/span>\u00a0FM93 de Qu\u00e9bec (2019);<\/li>\n \t<li style=\"text-align: justify;\">\u00a0Les risques du vapotage chez les adolescents, <span style=\"text-decoration: underline;\"><strong><a href=\"https:\/\/ici.radio-canada.ca\/premiere\/emissions\/ya-des-matins\/segments\/entrevue\/107493\/sante-jeunes-vapoter-ecolessecondaire\">Y&rsquo;a des matin<\/a><\/strong><\/span>, Radio de Radio-Canada (2019);<\/li>\n \t<li style=\"text-align: justify;\">\u00a0Mettre des poupons en contact avec des allerg\u00e8nes,<span style=\"text-decoration: underline;\"><strong>\u00a0<a href=\"https:\/\/ici.radio-canada.ca\/premiere\/emissions\/ya-des-matins\/segments\/entrevue\/101118\/allergies-enfants-recherches-science-catherine-laprise\">Y&rsquo;a des matins<\/a><\/strong><\/span>, Radio de Radio-Canada (2019);<\/li>\n<\/ul>\n<h1><strong>Liens int\u00e9ressants\u00a0pour des informations suppl\u00e9mentaires:<\/strong><\/h1>\n<ul>\n \t<li><a href=\"https:\/\/www.cermofc.uqam.ca\/\">Centre d&rsquo;Excellence en Recherche sur les Maladies Orphelines &#8211; Fondation Courtois (CERMO-FC<\/a>)<\/li>\n \t<li><a href=\"%20https:\/\/www.chairs-chaires.gc.ca\/chairholders-titulaires\/profile-fra.aspx?profileId=1540\">Chaire de recherche du Canada<\/a><\/li>\n \t<li><a href=\"https:\/\/childstudy.ca\/\">CHILD study<\/a><\/li>\n \t<li><a href=\"https:\/\/coramh.org\/\">Corporation de recherche et d\u2019Action sur les maladies h\u00e9r\u00e9ditaires (CORAMH)<\/a><\/li>\n \t<li><a href=\"http:\/\/www.debra-international.org\/homepage.html\">DEBRA International<\/a><\/li>\n \t<li><a href=\"https:\/\/rsr-qc.ca\/\">R\u00e9seau de recherche en Sant\u00e9 Respiratoire du Qu\u00e9bec (RSRQ)<\/a><\/li>\n \t<li><a href=\"https:\/\/www.uqac.ca\/\">Universit\u00e9 du Qu\u00e9bec \u00e0 Chicoutimi (UQAC)<\/a><\/li>\n<\/ul>","protected":false},"excerpt":{"rendered":"<p>Presse \u00e9crite \u00a0Premi\u00e8re \u00e9cole d&rsquo;\u00e9t\u00e9 : \u00c9tudiants, citoyens et chercheurs rassembl\u00e9s \u00e0 Dolbeau-Mistassini autour de la sant\u00e9 durable,\u00a0Le Nouvelles Hebdo, 7 juin 2024; \u00a0Une saison plus pr\u00e9coce, plus intense et plus longue, Le R\u00e9veil, 7 juin 2024; \u00a0Une sant\u00e9 durable qui d\u00e9pend grandement de la recherche intersectorielle, CScience, 12 mai 2024; \u00a0Sant\u00e9 durable des Qu\u00e9b\u00e9cois [&hellip;]<\/p>\n","protected":false},"author":1,"featured_media":0,"parent":0,"menu_order":0,"comment_status":"closed","ping_status":"closed","template":"","meta":{"footnotes":""},"categories":[5],"_links":{"self":[{"href":"https:\/\/www.uqac.ca\/genetics\/wp-json\/wp\/v2\/pages\/792"}],"collection":[{"href":"https:\/\/www.uqac.ca\/genetics\/wp-json\/wp\/v2\/pages"}],"about":[{"href":"https:\/\/www.uqac.ca\/genetics\/wp-json\/wp\/v2\/types\/page"}],"author":[{"embeddable":true,"href":"https:\/\/www.uqac.ca\/genetics\/wp-json\/wp\/v2\/users\/1"}],"replies":[{"embeddable":true,"href":"https:\/\/www.uqac.ca\/genetics\/wp-json\/wp\/v2\/comments?post=792"}],"version-history":[{"count":41,"href":"https:\/\/www.uqac.ca\/genetics\/wp-json\/wp\/v2\/pages\/792\/revisions"}],"predecessor-version":[{"id":2133,"href":"https:\/\/www.uqac.ca\/genetics\/wp-json\/wp\/v2\/pages\/792\/revisions\/2133"}],"wp:attachment":[{"href":"https:\/\/www.uqac.ca\/genetics\/wp-json\/wp\/v2\/media?parent=792"}],"wp:term":[{"taxonomy":"category","embeddable":true,"href":"https:\/\/www.uqac.ca\/genetics\/wp-json\/wp\/v2\/categories?post=792"}],"curies":[{"name":"wp","href":"https:\/\/api.w.org\/{rel}","templated":true}]}}