{"id":146,"date":"2012-07-16T13:13:29","date_gmt":"2012-07-16T12:13:29","guid":{"rendered":"http:\/\/www.uqac.ca\/grh\/?page_id=146"},"modified":"2013-01-09T18:49:13","modified_gmt":"2013-01-09T23:49:13","slug":"uqac-universite-du-quebec-a-chicoutimi","status":"publish","type":"page","link":"https:\/\/www.uqac.ca\/grh\/uqac-universite-du-quebec-a-chicoutimi\/","title":{"rendered":"UQ\u00e0C (Universit\u00e9 du Qu\u00e9bec \u00e0 Chicoutimi)"},"content":{"rendered":"<div class=\"person\"><div class ='user-thumbnail'><img loading=\"lazy\" decoding=\"async\" src=\"https:\/\/www.uqac.ca\/grh\/wp-content\/plugins\/user-avatar\/user-avatar-pic.php?src=https:\/\/www.uqac.ca\/grh\/wp-content\/uploads\/avatars\/3\/1346176553-bpfull.jpg&#038;w=96&#038;id=3&#038;random=1717442156\" alt=\"\" class=\" avatar  avatar-96  photo user-3-avatar\" width=\"96\" height=\"96\" \/><\/div> \r\n<div class ='user-info'>cgirard<\/div> \r\n<div class ='user-info'>camil_girard@uqac.ca<\/div> \r\n<div class ='user-bio'><\/div>\t\t\t<\/div><div class=\"person\"><div class ='user-thumbnail'><img alt='' src='https:\/\/secure.gravatar.com\/avatar\/20eaf8e841f77b3f71921690c17f3370?s=96&#038;d=mm&#038;r=g' srcset='https:\/\/secure.gravatar.com\/avatar\/20eaf8e841f77b3f71921690c17f3370?s=192&#038;d=mm&#038;r=g 2x' class='avatar avatar-96 photo' height='96' width='96' \/><\/div> \r\n<div class ='user-info'>jouellet<\/div> \r\n<div class ='user-info'>jac.ouellet@videotron.ca<\/div> \r\n<div class ='user-bio'><\/div>\t\t\t<\/div><div class=\"person\"><div class ='user-thumbnail'><img alt='' src='https:\/\/secure.gravatar.com\/avatar\/5398776691ecead10549d3729efa6751?s=96&#038;d=mm&#038;r=g' srcset='https:\/\/secure.gravatar.com\/avatar\/5398776691ecead10549d3729efa6751?s=192&#038;d=mm&#038;r=g 2x' class='avatar avatar-96 photo' height='96' width='96' \/><\/div> \r\n<div class ='user-info'>Jkurtness<\/div> \r\n<div class ='user-info'>kurtness.jacques@cgocable.ca<\/div> \r\n<div class ='user-bio'><\/div>\t\t\t<\/div><div class=\"person\"><div class ='user-thumbnail'><img alt='' src='https:\/\/secure.gravatar.com\/avatar\/d101e853bb3672a92f2a709b04f5bb97?s=96&#038;d=mm&#038;r=g' srcset='https:\/\/secure.gravatar.com\/avatar\/d101e853bb3672a92f2a709b04f5bb97?s=192&#038;d=mm&#038;r=g 2x' class='avatar avatar-96 photo' height='96' width='96' \/><\/div> \r\n<div class ='user-info'>nperron<\/div> \r\n<div class ='user-info'>normand.perron@videotron.ca<\/div> \r\n<div class ='user-bio'><\/div>\t\t\t<\/div><div class=\"person\"><div class ='user-thumbnail'><img alt='' src='https:\/\/secure.gravatar.com\/avatar\/09d9cf144372936b4f75dbcd7228559c?s=96&#038;d=mm&#038;r=g' srcset='https:\/\/secure.gravatar.com\/avatar\/09d9cf144372936b4f75dbcd7228559c?s=192&#038;d=mm&#038;r=g 2x' class='avatar avatar-96 photo' height='96' width='96' \/><\/div> \r\n<div class ='user-info'>mdAvignon<\/div> \r\n<div class ='user-info'>mathieu.davignon1@uqac.ca<\/div> \r\n<div class ='user-bio'><\/div>\t\t\t<\/div><div class=\"person\"><div class ='user-thumbnail'><img alt='' src='https:\/\/secure.gravatar.com\/avatar\/fe5e6d4639f3990950980be505bd6603?s=96&#038;d=mm&#038;r=g' srcset='https:\/\/secure.gravatar.com\/avatar\/fe5e6d4639f3990950980be505bd6603?s=192&#038;d=mm&#038;r=g 2x' class='avatar avatar-96 photo' height='96' width='96' \/><\/div> \r\n<div class ='user-info'>gertremblay<\/div> \r\n<div class ='user-info'>gervais_trembl@uqac.ca<\/div> \r\n<div class ='user-bio'><p style=\"text-align: justify;\">Maitrise en d\u00e9veloppement r\u00e9gional de l'UQAC, M. Tremblay collabore avec le GRH depuis plus de vingt ans. Il a co-r\u00e9dig\u00e9 divers ouvrages et articles sur les histoires de vie. Il a men\u00e9 plusieurs recherches aupr\u00e8s des Premi\u00e8res nations et sur les cultures villageoises. Soutien indispensable \u00e0 l'\u00e9dition de plusieurs de nos ouvrages.<\/p><\/div>\t\t\t<\/div><div class=\"person\"><div class ='user-thumbnail'><img alt='' src='https:\/\/secure.gravatar.com\/avatar\/e501e14df06b1f0b901ed9597d62e656?s=96&#038;d=mm&#038;r=g' srcset='https:\/\/secure.gravatar.com\/avatar\/e501e14df06b1f0b901ed9597d62e656?s=192&#038;d=mm&#038;r=g 2x' class='avatar avatar-96 photo' height='96' width='96' \/><\/div> \r\n<div class ='user-info'>Cbrisson<\/div> \r\n<div class ='user-info'>carl_brisson@uqac.ca<\/div> \r\n<div class ='user-bio'><\/div>\t\t\t<\/div>\n","protected":false},"excerpt":{"rendered":"","protected":false},"author":2,"featured_media":0,"parent":0,"menu_order":0,"comment_status":"closed","ping_status":"open","template":"","meta":{"footnotes":""},"_links":{"self":[{"href":"https:\/\/www.uqac.ca\/grh\/wp-json\/wp\/v2\/pages\/146"}],"collection":[{"href":"https:\/\/www.uqac.ca\/grh\/wp-json\/wp\/v2\/pages"}],"about":[{"href":"https:\/\/www.uqac.ca\/grh\/wp-json\/wp\/v2\/types\/page"}],"author":[{"embeddable":true,"href":"https:\/\/www.uqac.ca\/grh\/wp-json\/wp\/v2\/users\/2"}],"replies":[{"embeddable":true,"href":"https:\/\/www.uqac.ca\/grh\/wp-json\/wp\/v2\/comments?post=146"}],"version-history":[{"count":5,"href":"https:\/\/www.uqac.ca\/grh\/wp-json\/wp\/v2\/pages\/146\/revisions"}],"predecessor-version":[{"id":240,"href":"https:\/\/www.uqac.ca\/grh\/wp-json\/wp\/v2\/pages\/146\/revisions\/240"}],"wp:attachment":[{"href":"https:\/\/www.uqac.ca\/grh\/wp-json\/wp\/v2\/media?parent=146"}],"curies":[{"name":"wp","href":"https:\/\/api.w.org\/{rel}","templated":true}]}}