{"id":24,"date":"2012-07-04T19:22:49","date_gmt":"2012-07-04T18:22:49","guid":{"rendered":"http:\/\/www.uqac.ca\/grh\/?page_id=24"},"modified":"2013-01-09T20:00:13","modified_gmt":"2013-01-10T01:00:13","slug":"contactez-nous","status":"publish","type":"page","link":"https:\/\/www.uqac.ca\/grh\/contactez-nous\/","title":{"rendered":"Contactez-nous"},"content":{"rendered":"<h5 style=\"text-align: center;\"><strong>Groupe de recherche sur l&rsquo;histoire<br \/>\n<\/strong>Universit\u00e9 du Qu\u00e9bec \u00e0 Chicoutimi<br \/>\n555, boul. de l&rsquo;Universit\u00e9<\/h5>\n<h5 style=\"text-align: center;\">Chicoutimi (Qu\u00e9bec)<br \/>\nG7H 2B1<\/h5>\n<h5 style=\"text-align: center;\">T\u00e9l. : (418) 545-5547<br \/>\nT\u00e9l\u00e9c. : (418) 545-5519<\/h5>\n<h5 style=\"text-align: center;\">Par courriel, Camil Girard, directeur du Grh : <a href=\"mailto:camil_girard@uqac.ca\">camil_girard@uqac.ca<\/a><\/h5>\n<hr \/>\n<p>&nbsp;<\/p>\n<table width=\"467\" border=\"0\" cellspacing=\"0\" cellpadding=\"2\">\n<tbody>\n<tr>\n<td width=\"182\" height=\"21\"><\/td>\n<td width=\"271\" height=\"21\"><\/td>\n<\/tr>\n<tr>\n<td width=\"182\" height=\"21\"><\/td>\n<td width=\"271\" height=\"21\"><\/td>\n<\/tr>\n<tr>\n<td width=\"182\" height=\"1\"><\/td>\n<td width=\"271\" height=\"1\"><\/td>\n<\/tr>\n<\/tbody>\n<\/table>\n","protected":false},"excerpt":{"rendered":"<p>Groupe de recherche sur l&rsquo;histoire Universit\u00e9 du Qu\u00e9bec \u00e0 Chicoutimi 555, boul. de l&rsquo;Universit\u00e9 Chicoutimi (Qu\u00e9bec) G7H 2B1 T\u00e9l. : (418) 545-5547 T\u00e9l\u00e9c. : (418) 545-5519 Par courriel, Camil Girard, directeur du Grh : camil_girard@uqac.ca &nbsp;<\/p>\n","protected":false},"author":2,"featured_media":0,"parent":0,"menu_order":0,"comment_status":"closed","ping_status":"open","template":"","meta":{"footnotes":""},"_links":{"self":[{"href":"https:\/\/www.uqac.ca\/grh\/wp-json\/wp\/v2\/pages\/24"}],"collection":[{"href":"https:\/\/www.uqac.ca\/grh\/wp-json\/wp\/v2\/pages"}],"about":[{"href":"https:\/\/www.uqac.ca\/grh\/wp-json\/wp\/v2\/types\/page"}],"author":[{"embeddable":true,"href":"https:\/\/www.uqac.ca\/grh\/wp-json\/wp\/v2\/users\/2"}],"replies":[{"embeddable":true,"href":"https:\/\/www.uqac.ca\/grh\/wp-json\/wp\/v2\/comments?post=24"}],"version-history":[{"count":13,"href":"https:\/\/www.uqac.ca\/grh\/wp-json\/wp\/v2\/pages\/24\/revisions"}],"predecessor-version":[{"id":56,"href":"https:\/\/www.uqac.ca\/grh\/wp-json\/wp\/v2\/pages\/24\/revisions\/56"}],"wp:attachment":[{"href":"https:\/\/www.uqac.ca\/grh\/wp-json\/wp\/v2\/media?parent=24"}],"curies":[{"name":"wp","href":"https:\/\/api.w.org\/{rel}","templated":true}]}}