{"id":26,"date":"2012-07-04T19:23:28","date_gmt":"2012-07-04T18:23:28","guid":{"rendered":"http:\/\/www.uqac.ca\/grh\/?page_id=26"},"modified":"2012-10-19T14:03:04","modified_gmt":"2012-10-19T18:03:04","slug":"objectifs","status":"publish","type":"page","link":"https:\/\/www.uqac.ca\/grh\/objectifs\/","title":{"rendered":"Objectifs et r\u00e9alisations"},"content":{"rendered":"<p style=\"text-align: justify;\"> Le groupe de chercheurs a depuis \u00e9t\u00e9 associ\u00e9 \u00e0 divers dossiers de recherches sur l\u2019Histoire r\u00e9gionale, dont le projet de Synth\u00e8se des Histoires r\u00e9gionales anim\u00e9 par Normand Perron \u00e0 l\u2019INRS-Culture et Soci\u00e9t\u00e9. D\u2019autres chantiers ont port\u00e9 sur les Histoires de vie, les cultures villageoises, la migration des jeunes (\u00c9quipe Migration, INRS-Culture et Soci\u00e9t\u00e9; Observatoire Jeunes et Soci\u00e9t\u00e9 (OJS-Qu\u00e9bec), les Peuples autochtones- Innus, Qu\u00e9bec-Canada-Mexique- r\u00e9vision des historiographies \u00ab nationales \u00bb  compar\u00e9es (Camil Girard, chercheur associ\u00e9 aux travaux de la Commission royale sur les peuples autochtones du Canada- 1993-1997). Mathieu d\u2019Avignon, doctorat de l\u2019Universit\u00e9 Laval et chercheur associ\u00e9 au GRH a publi\u00e9 une s\u00e9rie d\u2019ouvrage sur l\u2019\u0153uvre de Champlain (Les Presses de l\u2019Universit\u00e9 Laval). Jacques Kurtness, professeur associ\u00e9 au GRH participe aux travaux sur les Peuples autochtones. Carl Brisson, g\u00e9ographe de l\u2019UQAC, ainsi que Gervais Tremblay, restent associ\u00e9 de pr\u00e8s aux travaux de l\u2019\u00e9quipe, le premier \u00e0 titre de g\u00e9ographe, le second comme conseiller.<\/p>\n<p style=\"text-align: justify;\">Depuis le d\u00e9but des ann\u00e9es 2000, le GRH a collabor\u00e9 \u00e0 l\u2019organisation de divers colloques et recherches en particulier avec le Mexique et le Br\u00e9sil. Ces activit\u00e9s sur la sc\u00e8ne internationale ont permis de multiplier les \u00e9changes avec des \u00e9quipes internationales. Plusieurs \u00e9coles doctorales ont permis aux \u00e9tudiants de doctorat en d\u00e9veloppement r\u00e9gional de l\u2019UQAC, de participer \u00e0 divers colloques en particulier au Mexique mais aussi au Br\u00e9sil.<\/p>\n<p style=\"text-align: justify;\">\n","protected":false},"excerpt":{"rendered":"<p>Le groupe de chercheurs a depuis \u00e9t\u00e9 associ\u00e9 \u00e0 divers dossiers de recherches sur l\u2019Histoire r\u00e9gionale, dont le projet de Synth\u00e8se des Histoires r\u00e9gionales anim\u00e9 par Normand Perron \u00e0 l\u2019INRS-Culture et Soci\u00e9t\u00e9. D\u2019autres chantiers ont port\u00e9 sur les Histoires de &hellip; <a href=\"https:\/\/www.uqac.ca\/grh\/objectifs\/\">Continuer la lecture <span class=\"meta-nav\">&rarr;<\/span><\/a><\/p>\n","protected":false},"author":2,"featured_media":0,"parent":0,"menu_order":0,"comment_status":"closed","ping_status":"open","template":"","meta":{"footnotes":""},"_links":{"self":[{"href":"https:\/\/www.uqac.ca\/grh\/wp-json\/wp\/v2\/pages\/26"}],"collection":[{"href":"https:\/\/www.uqac.ca\/grh\/wp-json\/wp\/v2\/pages"}],"about":[{"href":"https:\/\/www.uqac.ca\/grh\/wp-json\/wp\/v2\/types\/page"}],"author":[{"embeddable":true,"href":"https:\/\/www.uqac.ca\/grh\/wp-json\/wp\/v2\/users\/2"}],"replies":[{"embeddable":true,"href":"https:\/\/www.uqac.ca\/grh\/wp-json\/wp\/v2\/comments?post=26"}],"version-history":[{"count":8,"href":"https:\/\/www.uqac.ca\/grh\/wp-json\/wp\/v2\/pages\/26\/revisions"}],"predecessor-version":[{"id":153,"href":"https:\/\/www.uqac.ca\/grh\/wp-json\/wp\/v2\/pages\/26\/revisions\/153"}],"wp:attachment":[{"href":"https:\/\/www.uqac.ca\/grh\/wp-json\/wp\/v2\/media?parent=26"}],"curies":[{"name":"wp","href":"https:\/\/api.w.org\/{rel}","templated":true}]}}